{"id":64328,"date":"2025-10-13T15:17:37","date_gmt":"2025-10-13T13:17:37","guid":{"rendered":"https:\/\/www.fleurop-home.ch\/de-ch\/p\/keramikvase-carre-blau13-5x25cm"},"modified":"2026-01-05T14:05:32","modified_gmt":"2026-01-05T13:05:32","slug":"keramikvase-carre-blau13-5x25cm","status":"publish","type":"product","link":"https:\/\/www.fleurop-home.ch\/de-ch\/p\/keramikvase-carre-blau13-5x25cm","title":{"rendered":"Keramikvase, carr\u00e9 blau,13.5x25cm"},"content":{"rendered":"<p>Unsere trendige Blau-weiss karierte Keramikvase, H 25 cm x \u00d8 14 cm, verleiht deinem Zuhause eine moderne Note. Die hohe Vase eignet sich perfekt f\u00fcr grosse Blumenstr\u00e4u\u00dfe, einzelne Blumen oder dekorative \u00c4ste. Hergestellt aus hochwertiger Keramik und glasiert, begeistert sie mit ihrem stilvollen Design. Setze mit dieser Vase gekonnt Akzente und lasse deine Blumen in voller Pracht erbl\u00fchen.<\/p>\n<p>\u2022 Blau-weiss karierte, hohe Vase<br \/>\n\u2022 Masse: H\u00f6he 25 cm x Durchmesser 14 cm, \u00d6ffnung 9 cm<br \/>\n\u2022 F\u00fcr grosse Blumenstr\u00e4usse, sowie f\u00fcr einzelne Blumen und \u00c4ste geeignet<br \/>\n\u2022 Aus hochwertiger Keramik gefertigt und glasiert<\/p>\n","protected":false},"excerpt":{"rendered":"<p>Blau-weiss karierte Keramikvase, H 25 cm x \u00d8 14 cm<\/p>\n","protected":false},"featured_media":64327,"template":"","meta":[],"product_brand":[],"product_cat":[27,23,1197],"product_tag":[324],"woo-feed-brand":[],"class_list":{"0":"post-64328","1":"product","2":"type-product","3":"status-publish","4":"has-post-thumbnail","6":"product_cat-vasen-gefaesse","7":"product_cat-home-living","8":"product_cat-vasen","9":"product_tag-marein-ag","11":"first","12":"instock","13":"taxable","14":"shipping-taxable","15":"purchasable","16":"product-type-simple"},"_links":{"self":[{"href":"https:\/\/www.fleurop-home.ch\/de-ch\/wp-json\/wp\/v2\/product\/64328","targetHints":{"allow":["GET"]}}],"collection":[{"href":"https:\/\/www.fleurop-home.ch\/de-ch\/wp-json\/wp\/v2\/product"}],"about":[{"href":"https:\/\/www.fleurop-home.ch\/de-ch\/wp-json\/wp\/v2\/types\/product"}],"wp:featuredmedia":[{"embeddable":true,"href":"https:\/\/www.fleurop-home.ch\/de-ch\/wp-json\/wp\/v2\/media\/64327"}],"wp:attachment":[{"href":"https:\/\/www.fleurop-home.ch\/de-ch\/wp-json\/wp\/v2\/media?parent=64328"}],"wp:term":[{"taxonomy":"product_brand","embeddable":true,"href":"https:\/\/www.fleurop-home.ch\/de-ch\/wp-json\/wp\/v2\/product_brand?post=64328"},{"taxonomy":"product_cat","embeddable":true,"href":"https:\/\/www.fleurop-home.ch\/de-ch\/wp-json\/wp\/v2\/product_cat?post=64328"},{"taxonomy":"product_tag","embeddable":true,"href":"https:\/\/www.fleurop-home.ch\/de-ch\/wp-json\/wp\/v2\/product_tag?post=64328"},{"taxonomy":"woo-feed-brand","embeddable":true,"href":"https:\/\/www.fleurop-home.ch\/de-ch\/wp-json\/wp\/v2\/woo-feed-brand?post=64328"}],"curies":[{"name":"wp","href":"https:\/\/api.w.org\/{rel}","templated":true}]}}