{"id":64324,"date":"2025-10-13T15:17:30","date_gmt":"2025-10-13T13:17:30","guid":{"rendered":"https:\/\/www.fleurop-home.ch\/de-ch\/p\/31-5x41-6cm-3d-holz-bilderrahmen-diy-home-deko-fotorahmen"},"modified":"2026-01-05T14:05:33","modified_gmt":"2026-01-05T13:05:33","slug":"3d-holz-bilderrahmen-diy-projekte","status":"publish","type":"product","link":"https:\/\/www.fleurop-home.ch\/de-ch\/p\/3d-holz-bilderrahmen-diy-projekte","title":{"rendered":"3D Holz Bilderrahmen (DIY-Projekte)"},"content":{"rendered":"<p>Bestelle diesen tollen 3D Bilderrahmen und dekoriere Dein Wohnzimmer, Schlafzimmer, Flur etc. Der DIY Rahmen aus Holz sorgt f\u00fcr ein gem\u00fctliches Ambiente und kann mit einer Lichterkette, Sand, Muscheln, Dekosteinen oder Trockenblumen bef\u00fcllt werden. Du kannst Deine Fotos, Postkarten und Bilder perfekt in Szene setzen und im Hoch- oder Querformat an der Wand aufgeh\u00e4ngt oder auch aufgestellt werden.<\/p>\n<p>\u2022 Tiefer Fotorahmen kann aufgehangen \/ aufgestellt werden<br \/>\n\u2022 3D Bilderrahmen ist ideal um Fotos\/Bilder zu pr\u00e4sentieren<br \/>\n\u2022 Kann mit Dekosteinen, Trockenblumen etc. gef\u00fcllt werden<br \/>\n\u2022 Deko f\u00fcr Wohnzimmer, Schlafzimmer, Eingangsbereich etc.<br \/>\n\u2022 Farbe: Schwarz<br \/>\n\u2022 Material: Holz\/MDF\/Kunststoff<br \/>\n\u2022 Gr\u00f6sse Rahmen Aussen: 31.5 x 41.6 cm<br \/>\n\u2022 Gr\u00f6sse Rahmen Innen: ca. 29 x 39 x 5 cm<br \/>\n\u2022 Gewicht: ca. 1.13 kg<\/p>\n","protected":false},"excerpt":{"rendered":"<p>(31.5&#215;41.6cm) Home Deko Fotorahmen zum Bef\u00fcllen, schwarz<\/p>\n","protected":false},"featured_media":65974,"template":"","meta":[],"product_brand":[],"product_cat":[29,23,1195,1191,30],"product_tag":[324],"woo-feed-brand":[],"class_list":{"0":"post-64324","1":"product","2":"type-product","3":"status-publish","4":"has-post-thumbnail","6":"product_cat-do-it-yourself","7":"product_cat-home-living","8":"product_cat-dekogrundlagen","9":"product_cat-wanddeko","10":"product_cat-deko-accessoires","11":"product_tag-marein-ag","13":"first","14":"instock","15":"taxable","16":"shipping-taxable","17":"purchasable","18":"product-type-simple"},"_links":{"self":[{"href":"https:\/\/www.fleurop-home.ch\/de-ch\/wp-json\/wp\/v2\/product\/64324","targetHints":{"allow":["GET"]}}],"collection":[{"href":"https:\/\/www.fleurop-home.ch\/de-ch\/wp-json\/wp\/v2\/product"}],"about":[{"href":"https:\/\/www.fleurop-home.ch\/de-ch\/wp-json\/wp\/v2\/types\/product"}],"wp:featuredmedia":[{"embeddable":true,"href":"https:\/\/www.fleurop-home.ch\/de-ch\/wp-json\/wp\/v2\/media\/65974"}],"wp:attachment":[{"href":"https:\/\/www.fleurop-home.ch\/de-ch\/wp-json\/wp\/v2\/media?parent=64324"}],"wp:term":[{"taxonomy":"product_brand","embeddable":true,"href":"https:\/\/www.fleurop-home.ch\/de-ch\/wp-json\/wp\/v2\/product_brand?post=64324"},{"taxonomy":"product_cat","embeddable":true,"href":"https:\/\/www.fleurop-home.ch\/de-ch\/wp-json\/wp\/v2\/product_cat?post=64324"},{"taxonomy":"product_tag","embeddable":true,"href":"https:\/\/www.fleurop-home.ch\/de-ch\/wp-json\/wp\/v2\/product_tag?post=64324"},{"taxonomy":"woo-feed-brand","embeddable":true,"href":"https:\/\/www.fleurop-home.ch\/de-ch\/wp-json\/wp\/v2\/woo-feed-brand?post=64324"}],"curies":[{"name":"wp","href":"https:\/\/api.w.org\/{rel}","templated":true}]}}