{"id":64207,"date":"2025-10-13T15:13:33","date_gmt":"2025-10-13T13:13:33","guid":{"rendered":"https:\/\/www.fleurop-home.ch\/de-ch\/p\/stapelbarer-wire-korb-matt-schwarz-30-x-22x-15cm"},"modified":"2026-01-05T14:05:42","modified_gmt":"2026-01-05T13:05:42","slug":"stapelbarer-wire-korb-matt-schwarz-30-x-22x-15cm","status":"publish","type":"product","link":"https:\/\/www.fleurop-home.ch\/de-ch\/p\/stapelbarer-wire-korb-matt-schwarz-30-x-22x-15cm","title":{"rendered":"Stapelbarer Wire Korb, matt schwarz, 30 x 22x 15cm"},"content":{"rendered":"<p>Unser stapelbarer Aufbewahrungskorb aus matt schwarzem Metall vereint minimalistisches Design mit hoher Funktionalit\u00e4t. Perfekt f\u00fcr K\u00fcche oder Bad, bietet er praktischen Stauraum.<\/p>\n<p>\u2022 Minimalistischer Aufbewahrungskorb<br \/>\n\u2022 L\u00e4sst sich einfach stapeln und ist erh\u00e4ltlich in zwei Gr\u00f6ssen<br \/>\n\u2022 Aus matt schwarzem Metall<br \/>\n\u2022 Ideal zur Aufbewahrung im Bad oder K\u00fcche<br \/>\n\u2022 Masse: Breite 22 , L\u00e4nge 30, H\u00f6he 15 cm<\/p>\n","protected":false},"excerpt":{"rendered":"<p>Stapelbarer Aufbewahrungskorb aus matt schwarzem Metall f\u00fcr K\u00fcche und Bad, B 23 x L 35 x H 18 cm<\/p>\n","protected":false},"featured_media":66392,"template":"","meta":[],"product_brand":[],"product_cat":[32,23,42,44],"product_tag":[324],"woo-feed-brand":[],"class_list":{"0":"post-64207","1":"product","2":"type-product","3":"status-publish","4":"has-post-thumbnail","6":"product_cat-aufbewahrung","7":"product_cat-home-living","8":"product_cat-kueche","9":"product_cat-kuechenhelfer","10":"product_tag-marein-ag","12":"first","13":"instock","14":"taxable","15":"shipping-taxable","16":"purchasable","17":"product-type-simple"},"_links":{"self":[{"href":"https:\/\/www.fleurop-home.ch\/de-ch\/wp-json\/wp\/v2\/product\/64207","targetHints":{"allow":["GET"]}}],"collection":[{"href":"https:\/\/www.fleurop-home.ch\/de-ch\/wp-json\/wp\/v2\/product"}],"about":[{"href":"https:\/\/www.fleurop-home.ch\/de-ch\/wp-json\/wp\/v2\/types\/product"}],"wp:featuredmedia":[{"embeddable":true,"href":"https:\/\/www.fleurop-home.ch\/de-ch\/wp-json\/wp\/v2\/media\/66392"}],"wp:attachment":[{"href":"https:\/\/www.fleurop-home.ch\/de-ch\/wp-json\/wp\/v2\/media?parent=64207"}],"wp:term":[{"taxonomy":"product_brand","embeddable":true,"href":"https:\/\/www.fleurop-home.ch\/de-ch\/wp-json\/wp\/v2\/product_brand?post=64207"},{"taxonomy":"product_cat","embeddable":true,"href":"https:\/\/www.fleurop-home.ch\/de-ch\/wp-json\/wp\/v2\/product_cat?post=64207"},{"taxonomy":"product_tag","embeddable":true,"href":"https:\/\/www.fleurop-home.ch\/de-ch\/wp-json\/wp\/v2\/product_tag?post=64207"},{"taxonomy":"woo-feed-brand","embeddable":true,"href":"https:\/\/www.fleurop-home.ch\/de-ch\/wp-json\/wp\/v2\/woo-feed-brand?post=64207"}],"curies":[{"name":"wp","href":"https:\/\/api.w.org\/{rel}","templated":true}]}}