{"id":64164,"date":"2025-10-13T15:12:38","date_gmt":"2025-10-13T13:12:38","guid":{"rendered":"https:\/\/www.fleurop-home.ch\/de-ch\/p\/haengekorb-hell-17cm"},"modified":"2026-01-05T14:05:47","modified_gmt":"2026-01-05T13:05:47","slug":"haengekorb-hell-17cm","status":"publish","type":"product","link":"https:\/\/www.fleurop-home.ch\/de-ch\/p\/haengekorb-hell-17cm","title":{"rendered":"H\u00e4ngekorb, hell, 17cm"},"content":{"rendered":"<p>Unser Korb aus langlebigen Grasfasern mit praktischer H\u00e4ngelasche ist die perfekte L\u00f6sung f\u00fcr stilvolle Organisation. Ob in der K\u00fcche, im Bad oder f\u00fcr Pflanzen, dieser vielseitige Korb bietet stabilen Halt und kann sowohl gestellt als auch geh\u00e4ngt werden. Mit seiner nat\u00fcrlichen Ausstrahlung f\u00fcgt er sich nahtlos in jede Umgebung ein und schafft eine harmonische Atmosph\u00e4re.<\/p>\n<p>\u2022 Aus langlebigen Grasfasern gefertigter Korb mit praktischer H\u00e4ngelasche<br \/>\n\u2022 Ideal f\u00fcr die Aufbewahrung in K\u00fcche und Bad, oder f\u00fcr Pflanzen<br \/>\n\u2022 Stabiler Halt, kann gestellt oder geh\u00e4ngt werden<br \/>\n\u2022 Durchmesser oben 17 cm, Durchmesser unten 11 cm, H\u00f6he 17 cm<\/p>\n","protected":false},"excerpt":{"rendered":"<p>Korb aus Naturfasern mit H\u00e4ngelasche, \u00d8 17 cm<\/p>\n","protected":false},"featured_media":64163,"template":"","meta":[],"product_brand":[],"product_cat":[32,23],"product_tag":[324],"woo-feed-brand":[],"class_list":{"0":"post-64164","1":"product","2":"type-product","3":"status-publish","4":"has-post-thumbnail","6":"product_cat-aufbewahrung","7":"product_cat-home-living","8":"product_tag-marein-ag","10":"first","11":"instock","12":"taxable","13":"shipping-taxable","14":"purchasable","15":"product-type-simple"},"_links":{"self":[{"href":"https:\/\/www.fleurop-home.ch\/de-ch\/wp-json\/wp\/v2\/product\/64164","targetHints":{"allow":["GET"]}}],"collection":[{"href":"https:\/\/www.fleurop-home.ch\/de-ch\/wp-json\/wp\/v2\/product"}],"about":[{"href":"https:\/\/www.fleurop-home.ch\/de-ch\/wp-json\/wp\/v2\/types\/product"}],"wp:featuredmedia":[{"embeddable":true,"href":"https:\/\/www.fleurop-home.ch\/de-ch\/wp-json\/wp\/v2\/media\/64163"}],"wp:attachment":[{"href":"https:\/\/www.fleurop-home.ch\/de-ch\/wp-json\/wp\/v2\/media?parent=64164"}],"wp:term":[{"taxonomy":"product_brand","embeddable":true,"href":"https:\/\/www.fleurop-home.ch\/de-ch\/wp-json\/wp\/v2\/product_brand?post=64164"},{"taxonomy":"product_cat","embeddable":true,"href":"https:\/\/www.fleurop-home.ch\/de-ch\/wp-json\/wp\/v2\/product_cat?post=64164"},{"taxonomy":"product_tag","embeddable":true,"href":"https:\/\/www.fleurop-home.ch\/de-ch\/wp-json\/wp\/v2\/product_tag?post=64164"},{"taxonomy":"woo-feed-brand","embeddable":true,"href":"https:\/\/www.fleurop-home.ch\/de-ch\/wp-json\/wp\/v2\/woo-feed-brand?post=64164"}],"curies":[{"name":"wp","href":"https:\/\/api.w.org\/{rel}","templated":true}]}}