{"id":64155,"date":"2025-10-13T15:12:24","date_gmt":"2025-10-13T13:12:24","guid":{"rendered":"https:\/\/www.fleurop-home.ch\/de-ch\/p\/keramik-seifenschale-sand-d10"},"modified":"2026-01-05T14:05:47","modified_gmt":"2026-01-05T13:05:47","slug":"keramik-seifenschale-sand-d10","status":"publish","type":"product","link":"https:\/\/www.fleurop-home.ch\/de-ch\/p\/keramik-seifenschale-sand-d10","title":{"rendered":"Keramik Seifenschale, sand, D10"},"content":{"rendered":"<p>Unsere Keramik Seifenschale mit Abfluss in stilvollem Beige und schwarzen Sprenkeln, veredelt durch eine glasierte Innenseite, ist das perfekte Accessoire f\u00fcr dein Badezimmer.<\/p>\n<p>Hergestellt aus bruchsicherem Steingut mit einer matten, k\u00f6rnigen Struktur, ist diese Seifenschale langlebig und leicht zu reinigen. Der Abfluss sorgt daf\u00fcr, dass deine Seife immer trocken bleibt und l\u00e4nger h\u00e4lt.<\/p>\n<p>Verleihe deinem Badezimmer einen Hauch von Eleganz und funktionaler Raffinesse mit dieser Keramik Seifenschale.<\/p>\n<p>\u2022 Seifenschale mit Abfluss<br \/>\n\u2022 Modernes und ansprechendes Design, das zu jeder Badezimmereinrichtung passt<br \/>\n\u2022 Durch den Abfluss bleibt die Seife trocken und hygienisch<br \/>\n\u2022 Masse: H\u00f6he 4 cm x Durchmesser 10 cm<br \/>\n\u2022 Aus bruchsicherem Steingut mit matter, k\u00f6rniger Struktur<br \/>\n\u2022 Die glasierte Innenseite garantiert ein langlebiges Produkt<\/p>\n","protected":false},"excerpt":{"rendered":"<p>Keramik Seifenschale mit Abfluss, beige mit schwarzen Sprenkeln und glasierter Innenseite, \u00d8 10 cm<\/p>\n","protected":false},"featured_media":64154,"template":"","meta":[],"product_brand":[],"product_cat":[50,48,49],"product_tag":[324],"woo-feed-brand":[],"class_list":{"0":"post-64155","1":"product","2":"type-product","3":"status-publish","4":"has-post-thumbnail","6":"product_cat-badezubehoer","7":"product_cat-bad-wellness","8":"product_cat-seifen","9":"product_tag-marein-ag","11":"first","12":"instock","13":"taxable","14":"shipping-taxable","15":"purchasable","16":"product-type-simple"},"_links":{"self":[{"href":"https:\/\/www.fleurop-home.ch\/de-ch\/wp-json\/wp\/v2\/product\/64155","targetHints":{"allow":["GET"]}}],"collection":[{"href":"https:\/\/www.fleurop-home.ch\/de-ch\/wp-json\/wp\/v2\/product"}],"about":[{"href":"https:\/\/www.fleurop-home.ch\/de-ch\/wp-json\/wp\/v2\/types\/product"}],"wp:featuredmedia":[{"embeddable":true,"href":"https:\/\/www.fleurop-home.ch\/de-ch\/wp-json\/wp\/v2\/media\/64154"}],"wp:attachment":[{"href":"https:\/\/www.fleurop-home.ch\/de-ch\/wp-json\/wp\/v2\/media?parent=64155"}],"wp:term":[{"taxonomy":"product_brand","embeddable":true,"href":"https:\/\/www.fleurop-home.ch\/de-ch\/wp-json\/wp\/v2\/product_brand?post=64155"},{"taxonomy":"product_cat","embeddable":true,"href":"https:\/\/www.fleurop-home.ch\/de-ch\/wp-json\/wp\/v2\/product_cat?post=64155"},{"taxonomy":"product_tag","embeddable":true,"href":"https:\/\/www.fleurop-home.ch\/de-ch\/wp-json\/wp\/v2\/product_tag?post=64155"},{"taxonomy":"woo-feed-brand","embeddable":true,"href":"https:\/\/www.fleurop-home.ch\/de-ch\/wp-json\/wp\/v2\/woo-feed-brand?post=64155"}],"curies":[{"name":"wp","href":"https:\/\/api.w.org\/{rel}","templated":true}]}}