{"id":64145,"date":"2025-10-13T15:12:12","date_gmt":"2025-10-13T13:12:12","guid":{"rendered":"https:\/\/www.fleurop-home.ch\/de-ch\/p\/korb-hell-d26x24cm"},"modified":"2026-01-05T14:05:47","modified_gmt":"2026-01-05T13:05:47","slug":"korb-hell-d26x24cm","status":"publish","type":"product","link":"https:\/\/www.fleurop-home.ch\/de-ch\/p\/korb-hell-d26x24cm","title":{"rendered":"Korb, hell, D26x24cm"},"content":{"rendered":"<p>Unser hoher Korb aus langlebigen Grasfasern bietet vielseitige Einsatzm\u00f6glichkeiten in jedem Zuhause. Ob als stilvoller Eimer, \u00dcbertopf f\u00fcr Pflanzengef\u00e4\u00dfe, Geschenkkorb oder praktischer Aufbewahrungskorb \u2013 dieser Korb \u00fcberzeugt mit robustem Halt und nat\u00fcrlicher Sch\u00f6nheit.<\/p>\n<p>\u2022 Aus langlebigen Grasfasern gefertigter Korb<br \/>\n\u2022 Ideal als Eimer, \u00dcbertopf f\u00fcr Pflanzengef\u00e4sse, Geschenkkorb oder Aufbewahrungskorb<br \/>\n\u2022 Stabiler Halt<br \/>\n\u2022 Durchmesser 25 cm, H\u00f6he 24 cm<\/p>\n","protected":false},"excerpt":{"rendered":"<p>Hoher Korb aus Naturfasern, \u00d8 25 x H 24 cm<\/p>\n","protected":false},"featured_media":64144,"template":"","meta":[],"product_brand":[],"product_cat":[32,23],"product_tag":[324],"woo-feed-brand":[],"class_list":{"0":"post-64145","1":"product","2":"type-product","3":"status-publish","4":"has-post-thumbnail","6":"product_cat-aufbewahrung","7":"product_cat-home-living","8":"product_tag-marein-ag","10":"first","11":"instock","12":"taxable","13":"shipping-taxable","14":"purchasable","15":"product-type-simple"},"_links":{"self":[{"href":"https:\/\/www.fleurop-home.ch\/de-ch\/wp-json\/wp\/v2\/product\/64145","targetHints":{"allow":["GET"]}}],"collection":[{"href":"https:\/\/www.fleurop-home.ch\/de-ch\/wp-json\/wp\/v2\/product"}],"about":[{"href":"https:\/\/www.fleurop-home.ch\/de-ch\/wp-json\/wp\/v2\/types\/product"}],"wp:featuredmedia":[{"embeddable":true,"href":"https:\/\/www.fleurop-home.ch\/de-ch\/wp-json\/wp\/v2\/media\/64144"}],"wp:attachment":[{"href":"https:\/\/www.fleurop-home.ch\/de-ch\/wp-json\/wp\/v2\/media?parent=64145"}],"wp:term":[{"taxonomy":"product_brand","embeddable":true,"href":"https:\/\/www.fleurop-home.ch\/de-ch\/wp-json\/wp\/v2\/product_brand?post=64145"},{"taxonomy":"product_cat","embeddable":true,"href":"https:\/\/www.fleurop-home.ch\/de-ch\/wp-json\/wp\/v2\/product_cat?post=64145"},{"taxonomy":"product_tag","embeddable":true,"href":"https:\/\/www.fleurop-home.ch\/de-ch\/wp-json\/wp\/v2\/product_tag?post=64145"},{"taxonomy":"woo-feed-brand","embeddable":true,"href":"https:\/\/www.fleurop-home.ch\/de-ch\/wp-json\/wp\/v2\/woo-feed-brand?post=64145"}],"curies":[{"name":"wp","href":"https:\/\/api.w.org\/{rel}","templated":true}]}}