{"id":64142,"date":"2025-10-13T15:12:07","date_gmt":"2025-10-13T13:12:07","guid":{"rendered":"https:\/\/www.fleurop-home.ch\/de-ch\/p\/vamos-schale-rc-d-blau-8-5x30cm"},"modified":"2026-01-05T14:05:48","modified_gmt":"2026-01-05T13:05:48","slug":"vamos-schale-rc-d-blau-8-5x30cm","status":"publish","type":"product","link":"https:\/\/www.fleurop-home.ch\/de-ch\/p\/vamos-schale-rc-d-blau-8-5x30cm","title":{"rendered":"Vamos Schale RC, d.blau, 8.5x30cm"},"content":{"rendered":"<p>Bereichere deine Tischdeko mit unserer hochwertigen, dunkelblauen Glasschale. Mit einem Durchmesser von 30 cm und einer H\u00f6he von 8,5 cm bietet diese Schale ausreichend Platz f\u00fcr Salate, Fr\u00fcchte oder andere kulinarische Kreationen. \u00a0Verleihe deinem Tisch mit dieser stilvollen, dunkelblauen Sch\u00fcssel eine elegante Note.<\/p>\n<p>\u2022 Hochwertige Schale aus blauem Glas<br \/>\n\u2022 Made in EU<br \/>\n\u2022 Masse: Durchmesser 30 cm x H\u00f6he 8.5 cm<br \/>\n\u2022 Fassungsverm\u00f6gen: 3.5 L<\/p>\n","protected":false},"excerpt":{"rendered":"<p>Grosse, dunkelblaue Schale \/ Sch\u00fcssel aus Glas, 8.5 cm x \u00d8 30 cm<\/p>\n","protected":false},"featured_media":66367,"template":"","meta":[],"product_brand":[],"product_cat":[1102,42,1101,43],"product_tag":[324],"woo-feed-brand":[],"class_list":{"0":"post-64142","1":"product","2":"type-product","3":"status-publish","4":"has-post-thumbnail","6":"product_cat-essen","7":"product_cat-kueche","8":"product_cat-geschirr","9":"product_cat-gedeckter-tisch","10":"product_tag-marein-ag","12":"first","13":"instock","14":"taxable","15":"shipping-taxable","16":"purchasable","17":"product-type-simple"},"_links":{"self":[{"href":"https:\/\/www.fleurop-home.ch\/de-ch\/wp-json\/wp\/v2\/product\/64142","targetHints":{"allow":["GET"]}}],"collection":[{"href":"https:\/\/www.fleurop-home.ch\/de-ch\/wp-json\/wp\/v2\/product"}],"about":[{"href":"https:\/\/www.fleurop-home.ch\/de-ch\/wp-json\/wp\/v2\/types\/product"}],"wp:featuredmedia":[{"embeddable":true,"href":"https:\/\/www.fleurop-home.ch\/de-ch\/wp-json\/wp\/v2\/media\/66367"}],"wp:attachment":[{"href":"https:\/\/www.fleurop-home.ch\/de-ch\/wp-json\/wp\/v2\/media?parent=64142"}],"wp:term":[{"taxonomy":"product_brand","embeddable":true,"href":"https:\/\/www.fleurop-home.ch\/de-ch\/wp-json\/wp\/v2\/product_brand?post=64142"},{"taxonomy":"product_cat","embeddable":true,"href":"https:\/\/www.fleurop-home.ch\/de-ch\/wp-json\/wp\/v2\/product_cat?post=64142"},{"taxonomy":"product_tag","embeddable":true,"href":"https:\/\/www.fleurop-home.ch\/de-ch\/wp-json\/wp\/v2\/product_tag?post=64142"},{"taxonomy":"woo-feed-brand","embeddable":true,"href":"https:\/\/www.fleurop-home.ch\/de-ch\/wp-json\/wp\/v2\/woo-feed-brand?post=64142"}],"curies":[{"name":"wp","href":"https:\/\/api.w.org\/{rel}","templated":true}]}}