{"id":64125,"date":"2025-10-13T15:11:47","date_gmt":"2025-10-13T13:11:47","guid":{"rendered":"https:\/\/www.fleurop-home.ch\/de-ch\/p\/korb-dunkel-27x27x21cm"},"modified":"2026-01-05T14:05:50","modified_gmt":"2026-01-05T13:05:50","slug":"korb-dunkel-27x27x21cm","status":"publish","type":"product","link":"https:\/\/www.fleurop-home.ch\/de-ch\/p\/korb-dunkel-27x27x21cm","title":{"rendered":"Korb, dunkel, 27x27x21cm"},"content":{"rendered":"<p>Unser Aufbewahrungskorb aus robusten Naturfasern bietet praktischen Stauraum mit Stil. Mit stabilen Handgriffen ausgestattet, eignet er sich ideal als Blumentopfhalter oder vielseitiger Aufbewahrungskorb. Verf\u00fcgbar in drei Gr\u00f6ssen.<\/p>\n<p>\u2022 Aus langlebigen Naturfasern gefertigter Aufbewahrungskorb mit praktischen und stabilen Handgriffen<br \/>\n\u2022 Ideal als Blumentopfhalter oder Aufbewahrungskorb<br \/>\n\u2022 Durchmesser \u00a027 cm, H\u00f6he 21 cm, Henkelh\u00f6he 7 cm<br \/>\n\u2022 Erh\u00e4ltlich in drei Gr\u00f6ssen f\u00fcr besonders h\u00fcbsche Kombinationen<\/p>\n","protected":false},"excerpt":{"rendered":"<p>Aufbewahrungskorb aus dunklen Naturfasern, \u00d8 27 cm x H 21 cm<\/p>\n","protected":false},"featured_media":64116,"template":"","meta":[],"product_brand":[],"product_cat":[32,23],"product_tag":[324],"woo-feed-brand":[],"class_list":{"0":"post-64125","1":"product","2":"type-product","3":"status-publish","4":"has-post-thumbnail","6":"product_cat-aufbewahrung","7":"product_cat-home-living","8":"product_tag-marein-ag","10":"first","11":"instock","12":"taxable","13":"shipping-taxable","14":"purchasable","15":"product-type-simple"},"_links":{"self":[{"href":"https:\/\/www.fleurop-home.ch\/de-ch\/wp-json\/wp\/v2\/product\/64125","targetHints":{"allow":["GET"]}}],"collection":[{"href":"https:\/\/www.fleurop-home.ch\/de-ch\/wp-json\/wp\/v2\/product"}],"about":[{"href":"https:\/\/www.fleurop-home.ch\/de-ch\/wp-json\/wp\/v2\/types\/product"}],"wp:featuredmedia":[{"embeddable":true,"href":"https:\/\/www.fleurop-home.ch\/de-ch\/wp-json\/wp\/v2\/media\/64116"}],"wp:attachment":[{"href":"https:\/\/www.fleurop-home.ch\/de-ch\/wp-json\/wp\/v2\/media?parent=64125"}],"wp:term":[{"taxonomy":"product_brand","embeddable":true,"href":"https:\/\/www.fleurop-home.ch\/de-ch\/wp-json\/wp\/v2\/product_brand?post=64125"},{"taxonomy":"product_cat","embeddable":true,"href":"https:\/\/www.fleurop-home.ch\/de-ch\/wp-json\/wp\/v2\/product_cat?post=64125"},{"taxonomy":"product_tag","embeddable":true,"href":"https:\/\/www.fleurop-home.ch\/de-ch\/wp-json\/wp\/v2\/product_tag?post=64125"},{"taxonomy":"woo-feed-brand","embeddable":true,"href":"https:\/\/www.fleurop-home.ch\/de-ch\/wp-json\/wp\/v2\/woo-feed-brand?post=64125"}],"curies":[{"name":"wp","href":"https:\/\/api.w.org\/{rel}","templated":true}]}}