{"id":64108,"date":"2025-10-13T11:16:33","date_gmt":"2025-10-13T09:16:33","guid":{"rendered":"https:\/\/www.fleurop-home.ch\/?post_type=product&#038;p=64108"},"modified":"2026-02-19T09:05:06","modified_gmt":"2026-02-19T08:05:06","slug":"gly-cora-boost","status":"publish","type":"product","link":"https:\/\/www.fleurop-home.ch\/de-ch\/p\/gly-cora-boost","title":{"rendered":"GLY-CORA\u00ae BOOST"},"content":{"rendered":"<p>Aktivierend, energiespendend in Belastungssituationen in Beruf, Studium und Schule, Konferenzen, Pr\u00e4sentationen, Pr\u00fcfungen, Lern- und Sitzungsmarathons sowie langen Reisen.<\/p>\n<p>Enth\u00e4lt kein Nikethamid. Es birgt damit kein Dopingrisiko und darf von Sportlerinnen und Sportlern auch an Wettk\u00e4mpfen eingesetzt werden.<\/p>\n<p><strong>Zusammensetzung<\/strong><\/p>\n<p>Glucosesirup (Antioxidationsmittel: <strong>Schwefeldioxid)<\/strong>; Zucker; Trimagnesiumcitrat; L-Carnitin-L-Tartrat; pflanzliche Fette (Palm); Coffein; Nat\u00fcrliches Aroma (Orange); Emulgatoren: Glycerinmonostearat E471, <strong>Soja<\/strong>lecithin E322; Nat\u00fcrliches Aroma; Niacin; Verdickungsmittel: Gelatine; Gummi arabicum E414; S\u00fcssungsmittel: Steviol Glykoside E960a; Farbstoff: \u03b2-Carotin E160<\/p>\n<p><strong>Anwendung<\/strong><\/p>\n<p><strong>GLY-CORA<\/strong><sup>\u00ae<\/sup><strong> BOOST <\/strong>kann verwendet werden bei:<\/p>\n<ul>\n<li>Erm\u00fcdungserscheinungen bei k\u00f6rperlicher Anstrengung<\/li>\n<li>Mentaler Beanspruchung<\/li>\n<li>Empfehlung: 2 Lutschtabletten 30 Minuten vor der k\u00f6rperlichen oder mentalen Aktivit\u00e4t im Mund zergehen lassen. Maximal 5 Lutschtabletten pro Tag einnehmen.<\/li>\n<\/ul>\n<p><strong>Hinweise<\/strong><\/p>\n<p>Enth\u00e4lt Coffein. F\u00fcr Kinder und schwangere Frauen nicht empfohlen.<\/p>\n<p>Die empfohlene t\u00e4gliche Verzehrsmenge darf nicht \u00fcberschritten werden. Nahrungserg\u00e4nzungsmittel sind kein Ersatz f\u00fcr eine ausgewogene abwechslungsreiche Ern\u00e4hrung und eine gesunde Lebensweise. Ausserhalb der Reichweite von kleinen Kindern aufbewahren. K\u00fchl und trocken lagern.<\/p>\n<p><strong>Zusatzinfo<\/strong><\/p>\n<p>Lutschtabletten \/ Nahrungserg\u00e4nzungsmittel<br \/>\nEnth\u00e4lt Zucker und S\u00fcssungsmittel.<br \/>\nLaktosefrei, glutenfrei.<\/p>\n<p>Mehr \u00fcber GLY-CORA\u00ae BOOST und unserem Markenbotschafter Kariem Hussein erf\u00e4hrst du <a href=\"https:\/\/www.fleurop-home.ch\/de-ch\/kariem-hussein-gly-cora-boost\">hier<\/a>.<\/p>\n","protected":false},"excerpt":{"rendered":"<p>Energie, wenn es darauf ankommt &#8211; Die Lutschtablette von unserem Markenbotschafter Kariem Hussein!<\/p>\n","protected":false},"featured_media":64110,"template":"","meta":[],"product_brand":[],"product_cat":[1176,48],"product_tag":[282],"woo-feed-brand":[],"class_list":{"0":"post-64108","1":"product","2":"type-product","3":"status-publish","4":"has-post-thumbnail","6":"product_cat-wohlbefinden","7":"product_cat-bad-wellness","8":"product_tag-fleurop-interflora","10":"first","11":"instock","12":"taxable","13":"shipping-taxable","14":"purchasable","15":"product-type-simple"},"_links":{"self":[{"href":"https:\/\/www.fleurop-home.ch\/de-ch\/wp-json\/wp\/v2\/product\/64108","targetHints":{"allow":["GET"]}}],"collection":[{"href":"https:\/\/www.fleurop-home.ch\/de-ch\/wp-json\/wp\/v2\/product"}],"about":[{"href":"https:\/\/www.fleurop-home.ch\/de-ch\/wp-json\/wp\/v2\/types\/product"}],"wp:featuredmedia":[{"embeddable":true,"href":"https:\/\/www.fleurop-home.ch\/de-ch\/wp-json\/wp\/v2\/media\/64110"}],"wp:attachment":[{"href":"https:\/\/www.fleurop-home.ch\/de-ch\/wp-json\/wp\/v2\/media?parent=64108"}],"wp:term":[{"taxonomy":"product_brand","embeddable":true,"href":"https:\/\/www.fleurop-home.ch\/de-ch\/wp-json\/wp\/v2\/product_brand?post=64108"},{"taxonomy":"product_cat","embeddable":true,"href":"https:\/\/www.fleurop-home.ch\/de-ch\/wp-json\/wp\/v2\/product_cat?post=64108"},{"taxonomy":"product_tag","embeddable":true,"href":"https:\/\/www.fleurop-home.ch\/de-ch\/wp-json\/wp\/v2\/product_tag?post=64108"},{"taxonomy":"woo-feed-brand","embeddable":true,"href":"https:\/\/www.fleurop-home.ch\/de-ch\/wp-json\/wp\/v2\/woo-feed-brand?post=64108"}],"curies":[{"name":"wp","href":"https:\/\/api.w.org\/{rel}","templated":true}]}}