{"id":63998,"date":"2025-10-09T20:55:51","date_gmt":"2025-10-09T18:55:51","guid":{"rendered":"https:\/\/www.fleurop-home.ch\/de-ch\/?post_type=product&#038;p=63998"},"modified":"2026-03-06T10:10:23","modified_gmt":"2026-03-06T09:10:23","slug":"oceanschale-blau-live-love-laugh","status":"publish","type":"product","link":"https:\/\/www.fleurop-home.ch\/de-ch\/p\/oceanschale-blau-live-love-laugh","title":{"rendered":"Oceanschale blau"},"content":{"rendered":"<p>Meeresfeeling f\u00fcr Zuhause &#8211; perfekt als Geschenkidee oder Dekoration.<br \/>\nDas Oceandesign besteht aus Epoxidharz und wird in Handarbeit gestaltet. Die Schale ist lebensmittelecht und \u00fcberzeugt mit bester Qualit\u00e4t.<\/p>\n","protected":false},"excerpt":{"rendered":"<p>Jedes St\u00fcck ist ein handgemachtes Unikat, inspiriert von den Wellen des Meeres. Die Farben und Muster k\u00f6nnen variieren und machen jede Schale zu etwas ganz Besonderem. Ideal geeignet als Schale f\u00fcr Schmuck, Schl\u00fcssel oder S\u00fcsses.<\/p>\n","protected":false},"featured_media":75073,"template":"","meta":[],"product_brand":[],"product_cat":[1108,23,1190,30,42,1104,43],"product_tag":[1147],"woo-feed-brand":[],"class_list":{"0":"post-63998","1":"product","2":"type-product","3":"status-publish","4":"has-post-thumbnail","6":"product_cat-tabletts","7":"product_cat-home-living","8":"product_cat-dekoobjekte","9":"product_cat-deko-accessoires","10":"product_cat-kueche","11":"product_cat-tischakzente","12":"product_cat-gedeckter-tisch","13":"product_tag-handmade-by-selina","15":"first","16":"instock","17":"taxable","18":"shipping-taxable","19":"purchasable","20":"product-type-simple"},"_links":{"self":[{"href":"https:\/\/www.fleurop-home.ch\/de-ch\/wp-json\/wp\/v2\/product\/63998","targetHints":{"allow":["GET"]}}],"collection":[{"href":"https:\/\/www.fleurop-home.ch\/de-ch\/wp-json\/wp\/v2\/product"}],"about":[{"href":"https:\/\/www.fleurop-home.ch\/de-ch\/wp-json\/wp\/v2\/types\/product"}],"wp:featuredmedia":[{"embeddable":true,"href":"https:\/\/www.fleurop-home.ch\/de-ch\/wp-json\/wp\/v2\/media\/75073"}],"wp:attachment":[{"href":"https:\/\/www.fleurop-home.ch\/de-ch\/wp-json\/wp\/v2\/media?parent=63998"}],"wp:term":[{"taxonomy":"product_brand","embeddable":true,"href":"https:\/\/www.fleurop-home.ch\/de-ch\/wp-json\/wp\/v2\/product_brand?post=63998"},{"taxonomy":"product_cat","embeddable":true,"href":"https:\/\/www.fleurop-home.ch\/de-ch\/wp-json\/wp\/v2\/product_cat?post=63998"},{"taxonomy":"product_tag","embeddable":true,"href":"https:\/\/www.fleurop-home.ch\/de-ch\/wp-json\/wp\/v2\/product_tag?post=63998"},{"taxonomy":"woo-feed-brand","embeddable":true,"href":"https:\/\/www.fleurop-home.ch\/de-ch\/wp-json\/wp\/v2\/woo-feed-brand?post=63998"}],"curies":[{"name":"wp","href":"https:\/\/api.w.org\/{rel}","templated":true}]}}