{"id":63876,"date":"2025-10-07T15:06:57","date_gmt":"2025-10-07T13:06:57","guid":{"rendered":"https:\/\/www.fleurop-home.ch\/fr-ch\/?post_type=product&#038;p=63876"},"modified":"2026-02-24T13:20:55","modified_gmt":"2026-02-24T12:20:55","slug":"arrangement-die-sonne","status":"publish","type":"product","link":"https:\/\/www.fleurop-home.ch\/de-ch\/p\/arrangement-die-sonne","title":{"rendered":"Arrangement &#8211; Die Sonne"},"content":{"rendered":"<p>Um dein Wohnzimmer, deinen Eingangsbereich zu versch\u00f6nern oder einfach deinen Lieben eine Freude zu machen. 100 % nat\u00fcrliche Rosen, die mehrere Jahre halten und keinerlei Pflege ben\u00f6tigen.<\/p>\n","protected":false},"excerpt":{"rendered":"<p>Arrangement mit 20 stabilisierten gelben Rosen<\/p>\n","protected":false},"featured_media":63788,"template":"","meta":[],"product_brand":[],"product_cat":[102,23,26,1247],"product_tag":[1135],"woo-feed-brand":[],"class_list":{"0":"post-63876","1":"product","2":"type-product","3":"status-publish","4":"has-post-thumbnail","6":"product_cat-infinity-rosen","7":"product_cat-home-living","8":"product_cat-blumen-pflanzen","9":"product_cat-sale","10":"product_tag-mon-reve-fleuri","12":"first","13":"instock","14":"sale","15":"taxable","16":"shipping-taxable","17":"purchasable","18":"product-type-simple"},"_links":{"self":[{"href":"https:\/\/www.fleurop-home.ch\/de-ch\/wp-json\/wp\/v2\/product\/63876","targetHints":{"allow":["GET"]}}],"collection":[{"href":"https:\/\/www.fleurop-home.ch\/de-ch\/wp-json\/wp\/v2\/product"}],"about":[{"href":"https:\/\/www.fleurop-home.ch\/de-ch\/wp-json\/wp\/v2\/types\/product"}],"wp:featuredmedia":[{"embeddable":true,"href":"https:\/\/www.fleurop-home.ch\/de-ch\/wp-json\/wp\/v2\/media\/63788"}],"wp:attachment":[{"href":"https:\/\/www.fleurop-home.ch\/de-ch\/wp-json\/wp\/v2\/media?parent=63876"}],"wp:term":[{"taxonomy":"product_brand","embeddable":true,"href":"https:\/\/www.fleurop-home.ch\/de-ch\/wp-json\/wp\/v2\/product_brand?post=63876"},{"taxonomy":"product_cat","embeddable":true,"href":"https:\/\/www.fleurop-home.ch\/de-ch\/wp-json\/wp\/v2\/product_cat?post=63876"},{"taxonomy":"product_tag","embeddable":true,"href":"https:\/\/www.fleurop-home.ch\/de-ch\/wp-json\/wp\/v2\/product_tag?post=63876"},{"taxonomy":"woo-feed-brand","embeddable":true,"href":"https:\/\/www.fleurop-home.ch\/de-ch\/wp-json\/wp\/v2\/woo-feed-brand?post=63876"}],"curies":[{"name":"wp","href":"https:\/\/api.w.org\/{rel}","templated":true}]}}