{"id":6382,"date":"2020-03-12T14:59:57","date_gmt":"2020-03-12T13:59:57","guid":{"rendered":"https:\/\/www.fleurop-home.ch\/?product=salbei-sunnyherbs-grossblattrig-im-14cm-topf"},"modified":"2026-04-22T11:19:19","modified_gmt":"2026-04-22T09:19:19","slug":"salbei-sunnyherbs-grossblattrig-im-14cm-topf","status":"publish","type":"product","link":"https:\/\/www.fleurop-home.ch\/de-ch\/p\/salbei-sunnyherbs-grossblattrig-im-14cm-topf","title":{"rendered":"Salbei &#8218;SunnyHerbs&#8216; 14cm Topf"},"content":{"rendered":"<p>&#8211; Im 14er Topf<br \/>\n&#8211; Direkt aus Italien<br \/>\n&#8211; Gew\u00fcrzkraut<br \/>\n&#8211; mehrj\u00e4hrig<\/p>\n<p>Salvia Off. Maxima<\/p>\n<p>Standort: sonnig<br \/>\nBl\u00fctezeit \/ -farbe: Juli \/ blau<br \/>\nH\u00f6he \/ Wuchs: 40 \u2013 60 cm<br \/>\nErntezeit: April-September<br \/>\nBoden: sandige und n\u00e4hrstoffarme B\u00f6den, wenig D\u00fcnger<br \/>\nVerwendung: Fleischgerichte, Pasta, Suppen, Salate, Saucen<br \/>\nGesundheitlicher Einsatz: grippale Infekte, Rachenentz\u00fcndung, Schwitzen (Hyperhidrose), Zahnfleischerkrankungen, Pickel<br \/>\n\u00dcberwintern: mehrj\u00e4hrig<\/p>\n","protected":false},"excerpt":{"rendered":"<p>Salvia Off. Maxima<\/p>\n","protected":false},"featured_media":52168,"template":"","meta":[],"product_brand":[],"product_cat":[105,1263,1266,34,41],"product_tag":[289],"woo-feed-brand":[],"class_list":{"0":"post-6382","1":"product","2":"type-product","3":"status-publish","4":"has-post-thumbnail","6":"product_cat-kraeuter","7":"product_cat-fleuropkids","8":"product_cat-garten-outdoor","9":"product_cat-garten-balkon","10":"product_cat-outdoorpflanzen","11":"product_tag-blumengarten-kung-ag","13":"first","14":"instock","15":"featured","16":"taxable","17":"shipping-taxable","18":"purchasable","19":"product-type-simple"},"_links":{"self":[{"href":"https:\/\/www.fleurop-home.ch\/de-ch\/wp-json\/wp\/v2\/product\/6382","targetHints":{"allow":["GET"]}}],"collection":[{"href":"https:\/\/www.fleurop-home.ch\/de-ch\/wp-json\/wp\/v2\/product"}],"about":[{"href":"https:\/\/www.fleurop-home.ch\/de-ch\/wp-json\/wp\/v2\/types\/product"}],"wp:featuredmedia":[{"embeddable":true,"href":"https:\/\/www.fleurop-home.ch\/de-ch\/wp-json\/wp\/v2\/media\/52168"}],"wp:attachment":[{"href":"https:\/\/www.fleurop-home.ch\/de-ch\/wp-json\/wp\/v2\/media?parent=6382"}],"wp:term":[{"taxonomy":"product_brand","embeddable":true,"href":"https:\/\/www.fleurop-home.ch\/de-ch\/wp-json\/wp\/v2\/product_brand?post=6382"},{"taxonomy":"product_cat","embeddable":true,"href":"https:\/\/www.fleurop-home.ch\/de-ch\/wp-json\/wp\/v2\/product_cat?post=6382"},{"taxonomy":"product_tag","embeddable":true,"href":"https:\/\/www.fleurop-home.ch\/de-ch\/wp-json\/wp\/v2\/product_tag?post=6382"},{"taxonomy":"woo-feed-brand","embeddable":true,"href":"https:\/\/www.fleurop-home.ch\/de-ch\/wp-json\/wp\/v2\/woo-feed-brand?post=6382"}],"curies":[{"name":"wp","href":"https:\/\/api.w.org\/{rel}","templated":true}]}}