{"id":6375,"date":"2020-03-12T14:59:56","date_gmt":"2020-03-12T13:59:56","guid":{"rendered":"https:\/\/www.fleurop-home.ch\/?product=rosmarin-hangend-sunnyherbs-im-14cm-topf"},"modified":"2026-04-22T11:20:23","modified_gmt":"2026-04-22T09:20:23","slug":"rosmarin-hangend-sunnyherbs-im-14cm-topf","status":"publish","type":"product","link":"https:\/\/www.fleurop-home.ch\/de-ch\/p\/rosmarin-hangend-sunnyherbs-im-14cm-topf","title":{"rendered":"Rosmarin h\u00e4ngend &#8218;SunnyHerbs&#8216; 14cm Topf"},"content":{"rendered":"<p>&#8211; Im 14er Topf<br \/>\n&#8211; Direkt aus Italien<br \/>\n&#8211; Gew\u00fcrzkraut<br \/>\n&#8211; mehrj\u00e4hrig, bedingt winterhart<\/p>\n<p>Rosmarinus officinalis Prostratus<\/p>\n<p>Standort: sonnig<br \/>\nBl\u00fctezeit \/ -farbe: M\u00e4rz-Mai \/ blau<br \/>\nErntezeit: Mai-Oktober<br \/>\nBoden: durchl\u00e4ssig, etwas Sand, Kies, Anzucht-\/Gem\u00fcseerde<br \/>\nVerwendung: Rosmarin gilt als klassisches Grillgew\u00fcrz und harmoniert unter anderem mit Fleisch, Gefl\u00fcgel, Lammfleisch, Zucchini, Kartoffeln und Teigwaren.<br \/>\nPflege: Gie\u00dfen: gleichm\u00e4ssig bis m\u00e4ssig feucht vom Fr\u00fchjahr bis in den Herbst, durchdringend im Topf<br \/>\nD\u00fcngen: sparsam, Komposterde, organischer Gem\u00fcsed\u00fcnger<br \/>\nGesundheitlicher Einsatz: Durchblutungsst\u00f6rungen, Depressionen, Reizdarm, Kreislaufst\u00e4rkung, Hautbeschwerden<\/p>\n","protected":false},"excerpt":{"rendered":"<p>Rosmarinus officinalis Prostratus<\/p>\n","protected":false},"featured_media":52166,"template":"","meta":[],"product_brand":[],"product_cat":[105,1263,1266,34,41],"product_tag":[289],"woo-feed-brand":[],"class_list":{"0":"post-6375","1":"product","2":"type-product","3":"status-publish","4":"has-post-thumbnail","6":"product_cat-kraeuter","7":"product_cat-fleuropkids","8":"product_cat-garten-outdoor","9":"product_cat-garten-balkon","10":"product_cat-outdoorpflanzen","11":"product_tag-blumengarten-kung-ag","13":"first","14":"instock","15":"taxable","16":"shipping-taxable","17":"purchasable","18":"product-type-simple"},"_links":{"self":[{"href":"https:\/\/www.fleurop-home.ch\/de-ch\/wp-json\/wp\/v2\/product\/6375","targetHints":{"allow":["GET"]}}],"collection":[{"href":"https:\/\/www.fleurop-home.ch\/de-ch\/wp-json\/wp\/v2\/product"}],"about":[{"href":"https:\/\/www.fleurop-home.ch\/de-ch\/wp-json\/wp\/v2\/types\/product"}],"wp:featuredmedia":[{"embeddable":true,"href":"https:\/\/www.fleurop-home.ch\/de-ch\/wp-json\/wp\/v2\/media\/52166"}],"wp:attachment":[{"href":"https:\/\/www.fleurop-home.ch\/de-ch\/wp-json\/wp\/v2\/media?parent=6375"}],"wp:term":[{"taxonomy":"product_brand","embeddable":true,"href":"https:\/\/www.fleurop-home.ch\/de-ch\/wp-json\/wp\/v2\/product_brand?post=6375"},{"taxonomy":"product_cat","embeddable":true,"href":"https:\/\/www.fleurop-home.ch\/de-ch\/wp-json\/wp\/v2\/product_cat?post=6375"},{"taxonomy":"product_tag","embeddable":true,"href":"https:\/\/www.fleurop-home.ch\/de-ch\/wp-json\/wp\/v2\/product_tag?post=6375"},{"taxonomy":"woo-feed-brand","embeddable":true,"href":"https:\/\/www.fleurop-home.ch\/de-ch\/wp-json\/wp\/v2\/woo-feed-brand?post=6375"}],"curies":[{"name":"wp","href":"https:\/\/api.w.org\/{rel}","templated":true}]}}