{"id":6366,"date":"2020-03-12T14:59:55","date_gmt":"2020-03-12T13:59:55","guid":{"rendered":"https:\/\/www.fleurop-home.ch\/?product=petersilie-glatt-sunnyherbs-im-14cm-topf"},"modified":"2026-04-22T11:20:24","modified_gmt":"2026-04-22T09:20:24","slug":"petersilie-glatt-sunnyherbs-im-14cm-topf","status":"publish","type":"product","link":"https:\/\/www.fleurop-home.ch\/de-ch\/p\/petersilie-glatt-sunnyherbs-im-14cm-topf","title":{"rendered":"Petersilie Glatt &#8218;SunnyHerbs&#8216; 14cm Topf"},"content":{"rendered":"<p>&#8211; Im 14er Topf<br \/>\n&#8211; Direkt aus Italien<br \/>\n&#8211; Gew\u00fcrzkraut<br \/>\n&#8211; mehrj\u00e4hrig, winterhart<\/p>\n<p>Standort: Sonnig-halbschattig<br \/>\nBl\u00fctezeit: Juni-August<br \/>\nH\u00f6he \/ Wuchs: 30 cm<br \/>\nErntezeit: ganzj\u00e4hrig, wenn Bl\u00e4tter vorhanden<br \/>\nBoden: n\u00e4hrstoffreiche, leicht kalkhaltige und humusreiche B\u00f6den<br \/>\nVerwendung: Salate, Kartoffelgerichte, Quarkgerichte, Kr\u00e4uterbutter, Gew\u00fcrzmischungen, Fischgerichte<br \/>\nGesundheitlicher Einsatz: Hautprobleme, Rheuma, M\u00fcdigkeit und Ersch\u00f6pfung, Bl\u00e4hungen<\/p>\n","protected":false},"excerpt":{"rendered":"<p>Verwendung: Salate, Kartoffelgerichte, Quarkgerichte, Kr\u00e4uterbutter, Gew\u00fcrzmischungen, Fischgerichte<\/p>\n","protected":false},"featured_media":52163,"template":"","meta":[],"product_brand":[],"product_cat":[105,1263,1266,34,41],"product_tag":[289],"woo-feed-brand":[],"class_list":{"0":"post-6366","1":"product","2":"type-product","3":"status-publish","4":"has-post-thumbnail","6":"product_cat-kraeuter","7":"product_cat-fleuropkids","8":"product_cat-garten-outdoor","9":"product_cat-garten-balkon","10":"product_cat-outdoorpflanzen","11":"product_tag-blumengarten-kung-ag","13":"first","14":"instock","15":"taxable","16":"shipping-taxable","17":"purchasable","18":"product-type-simple"},"_links":{"self":[{"href":"https:\/\/www.fleurop-home.ch\/de-ch\/wp-json\/wp\/v2\/product\/6366","targetHints":{"allow":["GET"]}}],"collection":[{"href":"https:\/\/www.fleurop-home.ch\/de-ch\/wp-json\/wp\/v2\/product"}],"about":[{"href":"https:\/\/www.fleurop-home.ch\/de-ch\/wp-json\/wp\/v2\/types\/product"}],"wp:featuredmedia":[{"embeddable":true,"href":"https:\/\/www.fleurop-home.ch\/de-ch\/wp-json\/wp\/v2\/media\/52163"}],"wp:attachment":[{"href":"https:\/\/www.fleurop-home.ch\/de-ch\/wp-json\/wp\/v2\/media?parent=6366"}],"wp:term":[{"taxonomy":"product_brand","embeddable":true,"href":"https:\/\/www.fleurop-home.ch\/de-ch\/wp-json\/wp\/v2\/product_brand?post=6366"},{"taxonomy":"product_cat","embeddable":true,"href":"https:\/\/www.fleurop-home.ch\/de-ch\/wp-json\/wp\/v2\/product_cat?post=6366"},{"taxonomy":"product_tag","embeddable":true,"href":"https:\/\/www.fleurop-home.ch\/de-ch\/wp-json\/wp\/v2\/product_tag?post=6366"},{"taxonomy":"woo-feed-brand","embeddable":true,"href":"https:\/\/www.fleurop-home.ch\/de-ch\/wp-json\/wp\/v2\/woo-feed-brand?post=6366"}],"curies":[{"name":"wp","href":"https:\/\/api.w.org\/{rel}","templated":true}]}}