{"id":63383,"date":"2025-10-08T13:24:51","date_gmt":"2025-10-08T11:24:51","guid":{"rendered":"https:\/\/www.fleurop-home.ch\/?post_type=product&#038;p=63383"},"modified":"2025-12-18T16:23:19","modified_gmt":"2025-12-18T15:23:19","slug":"2er-set-giessanzeiger-nachfuellkern","status":"publish","type":"product","link":"https:\/\/www.fleurop-home.ch\/de-ch\/p\/2er-set-giessanzeiger-nachfuellkern","title":{"rendered":"2er Set Giessanzeiger Nachf\u00fcllkern"},"content":{"rendered":"<p><strong>\u00d6ffnen:<\/strong><br \/>\nVerschlusskappen an beiden Enden entfernen.<\/p>\n<p><strong>Austauschen:<\/strong><br \/>\nVerbrauchten Nachf\u00fcllkern vollst\u00e4ndig entfernen und durch Neuen ersetzen. Beide Verschlusskappen verschliessen.<\/p>\n<p><strong>Lieferumfang:<\/strong><br \/>\n2 St\u00fcck Nachf\u00fcllkern f\u00fcr Giessanzeiger.<\/p>\n<p><strong>Hinweis:<\/strong><\/p>\n<ul>\n<li>Nachf\u00fcllkern bis zum Austauschen in Produktverpackung aufbewahren.<\/li>\n<li>Nach Gebrauchszeit von 6\u201312 Monaten Nachf\u00fcllkern austauschen.<\/li>\n<\/ul>\n<p>&nbsp;<\/p>\n<p><strong>Giessanzeiger:<\/strong><br \/>\nDen passenden Giessanzeiger findest du <a href=\"https:\/\/www.fleurop-home.ch\/de-ch\/p\/giessanzeiger\">hier<\/a>.<\/p>\n","protected":false},"excerpt":{"rendered":"<p>Nachf\u00fcllkern f\u00fcr Giessanzeiger- Feuchtigkeitsmesser zur Bestimmung des richtigen Giesszeitpunktes.<\/p>\n","protected":false},"featured_media":63731,"template":"","meta":[],"product_brand":[],"product_cat":[521,23,118,26],"product_tag":[282],"woo-feed-brand":[],"class_list":{"0":"post-63383","1":"product","2":"type-product","3":"status-publish","4":"has-post-thumbnail","6":"product_cat-bewaesserung","7":"product_cat-home-living","8":"product_cat-zimmerpflanzen","9":"product_cat-blumen-pflanzen","10":"product_tag-fleurop-interflora","12":"first","13":"instock","14":"taxable","15":"shipping-taxable","16":"purchasable","17":"product-type-simple"},"_links":{"self":[{"href":"https:\/\/www.fleurop-home.ch\/de-ch\/wp-json\/wp\/v2\/product\/63383","targetHints":{"allow":["GET"]}}],"collection":[{"href":"https:\/\/www.fleurop-home.ch\/de-ch\/wp-json\/wp\/v2\/product"}],"about":[{"href":"https:\/\/www.fleurop-home.ch\/de-ch\/wp-json\/wp\/v2\/types\/product"}],"wp:featuredmedia":[{"embeddable":true,"href":"https:\/\/www.fleurop-home.ch\/de-ch\/wp-json\/wp\/v2\/media\/63731"}],"wp:attachment":[{"href":"https:\/\/www.fleurop-home.ch\/de-ch\/wp-json\/wp\/v2\/media?parent=63383"}],"wp:term":[{"taxonomy":"product_brand","embeddable":true,"href":"https:\/\/www.fleurop-home.ch\/de-ch\/wp-json\/wp\/v2\/product_brand?post=63383"},{"taxonomy":"product_cat","embeddable":true,"href":"https:\/\/www.fleurop-home.ch\/de-ch\/wp-json\/wp\/v2\/product_cat?post=63383"},{"taxonomy":"product_tag","embeddable":true,"href":"https:\/\/www.fleurop-home.ch\/de-ch\/wp-json\/wp\/v2\/product_tag?post=63383"},{"taxonomy":"woo-feed-brand","embeddable":true,"href":"https:\/\/www.fleurop-home.ch\/de-ch\/wp-json\/wp\/v2\/woo-feed-brand?post=63383"}],"curies":[{"name":"wp","href":"https:\/\/api.w.org\/{rel}","templated":true}]}}