{"id":63303,"date":"2025-09-15T13:07:27","date_gmt":"2025-09-15T11:07:27","guid":{"rendered":"https:\/\/www.fleurop-home.ch\/fr-ch\/?post_type=product&#038;p=63303"},"modified":"2026-02-24T13:20:56","modified_gmt":"2026-02-24T12:20:56","slug":"mein-kleiner-sonnenschein","status":"publish","type":"product","link":"https:\/\/www.fleurop-home.ch\/de-ch\/p\/mein-kleiner-sonnenschein","title":{"rendered":"Mein kleiner Sonnenschein"},"content":{"rendered":"<p>Ein h\u00fcbscher kleiner Strauss, der dein Zuhause versch\u00f6nert oder sich ideal als Geschenk f\u00fcr Freunde und Verwandte eignet. Dieser 100 % nat\u00fcrliche Strauss h\u00e4lt mehrere Jahre und wird garantiert Freude bereiten.<\/p>\n","protected":false},"excerpt":{"rendered":"<p>Der kleine Strauss bestehend aus einer hellgelben Rose und getrockneten, stabilisierten Pflanzen. Die getrockneten Blumen k\u00f6nnen vom Foto abweichen.<\/p>\n","protected":false},"featured_media":63298,"template":"","meta":[],"product_brand":[],"product_cat":[102,23,26,1247],"product_tag":[1135],"woo-feed-brand":[],"class_list":{"0":"post-63303","1":"product","2":"type-product","3":"status-publish","4":"has-post-thumbnail","6":"product_cat-infinity-rosen","7":"product_cat-home-living","8":"product_cat-blumen-pflanzen","9":"product_cat-sale","10":"product_tag-mon-reve-fleuri","12":"first","13":"instock","14":"sale","15":"taxable","16":"shipping-taxable","17":"purchasable","18":"product-type-simple"},"_links":{"self":[{"href":"https:\/\/www.fleurop-home.ch\/de-ch\/wp-json\/wp\/v2\/product\/63303","targetHints":{"allow":["GET"]}}],"collection":[{"href":"https:\/\/www.fleurop-home.ch\/de-ch\/wp-json\/wp\/v2\/product"}],"about":[{"href":"https:\/\/www.fleurop-home.ch\/de-ch\/wp-json\/wp\/v2\/types\/product"}],"wp:featuredmedia":[{"embeddable":true,"href":"https:\/\/www.fleurop-home.ch\/de-ch\/wp-json\/wp\/v2\/media\/63298"}],"wp:attachment":[{"href":"https:\/\/www.fleurop-home.ch\/de-ch\/wp-json\/wp\/v2\/media?parent=63303"}],"wp:term":[{"taxonomy":"product_brand","embeddable":true,"href":"https:\/\/www.fleurop-home.ch\/de-ch\/wp-json\/wp\/v2\/product_brand?post=63303"},{"taxonomy":"product_cat","embeddable":true,"href":"https:\/\/www.fleurop-home.ch\/de-ch\/wp-json\/wp\/v2\/product_cat?post=63303"},{"taxonomy":"product_tag","embeddable":true,"href":"https:\/\/www.fleurop-home.ch\/de-ch\/wp-json\/wp\/v2\/product_tag?post=63303"},{"taxonomy":"woo-feed-brand","embeddable":true,"href":"https:\/\/www.fleurop-home.ch\/de-ch\/wp-json\/wp\/v2\/woo-feed-brand?post=63303"}],"curies":[{"name":"wp","href":"https:\/\/api.w.org\/{rel}","templated":true}]}}