{"id":63289,"date":"2025-09-15T11:54:48","date_gmt":"2025-09-15T09:54:48","guid":{"rendered":"https:\/\/www.fleurop-home.ch\/fr-ch\/?post_type=product&#038;p=63289"},"modified":"2026-02-24T13:20:57","modified_gmt":"2026-02-24T12:20:57","slug":"schoene-kleine-naturlandschaft","status":"publish","type":"product","link":"https:\/\/www.fleurop-home.ch\/de-ch\/p\/schoene-kleine-naturlandschaft","title":{"rendered":"Sch\u00f6ne kleine Naturlandschaft"},"content":{"rendered":"<p>Ein h\u00fcbscher kleiner Rahmen, den du an die Wand h\u00e4ngen oder auf ein M\u00f6belst\u00fcck stellen kannst. F\u00fcr dein Haus, deine Wohnung oder einfach f\u00fcr das B\u00fcro, um ein wenig Natur hereinzubringen.<\/p>\n","protected":false},"excerpt":{"rendered":"<p>Wundersch\u00f6ner weisser Rahmen aus 100 % nat\u00fcrlichen, stabilisierten Pflanzen, die mehrere Jahre halten. Die Pflanzen k\u00f6nnen leicht vom Foto abweichen.<\/p>\n","protected":false},"featured_media":63292,"template":"","meta":[],"product_brand":[],"product_cat":[102,23,26,1247],"product_tag":[1135],"woo-feed-brand":[],"class_list":{"0":"post-63289","1":"product","2":"type-product","3":"status-publish","4":"has-post-thumbnail","6":"product_cat-infinity-rosen","7":"product_cat-home-living","8":"product_cat-blumen-pflanzen","9":"product_cat-sale","10":"product_tag-mon-reve-fleuri","12":"first","13":"instock","14":"sale","15":"taxable","16":"shipping-taxable","17":"purchasable","18":"product-type-simple"},"_links":{"self":[{"href":"https:\/\/www.fleurop-home.ch\/de-ch\/wp-json\/wp\/v2\/product\/63289","targetHints":{"allow":["GET"]}}],"collection":[{"href":"https:\/\/www.fleurop-home.ch\/de-ch\/wp-json\/wp\/v2\/product"}],"about":[{"href":"https:\/\/www.fleurop-home.ch\/de-ch\/wp-json\/wp\/v2\/types\/product"}],"wp:featuredmedia":[{"embeddable":true,"href":"https:\/\/www.fleurop-home.ch\/de-ch\/wp-json\/wp\/v2\/media\/63292"}],"wp:attachment":[{"href":"https:\/\/www.fleurop-home.ch\/de-ch\/wp-json\/wp\/v2\/media?parent=63289"}],"wp:term":[{"taxonomy":"product_brand","embeddable":true,"href":"https:\/\/www.fleurop-home.ch\/de-ch\/wp-json\/wp\/v2\/product_brand?post=63289"},{"taxonomy":"product_cat","embeddable":true,"href":"https:\/\/www.fleurop-home.ch\/de-ch\/wp-json\/wp\/v2\/product_cat?post=63289"},{"taxonomy":"product_tag","embeddable":true,"href":"https:\/\/www.fleurop-home.ch\/de-ch\/wp-json\/wp\/v2\/product_tag?post=63289"},{"taxonomy":"woo-feed-brand","embeddable":true,"href":"https:\/\/www.fleurop-home.ch\/de-ch\/wp-json\/wp\/v2\/woo-feed-brand?post=63289"}],"curies":[{"name":"wp","href":"https:\/\/api.w.org\/{rel}","templated":true}]}}