{"id":63102,"date":"2025-09-06T23:41:55","date_gmt":"2025-09-06T21:41:55","guid":{"rendered":"https:\/\/www.fleurop-home.ch\/de-ch\/?post_type=product&#038;p=63102"},"modified":"2026-04-21T13:08:29","modified_gmt":"2026-04-21T11:08:29","slug":"herz-teller-dekoration","status":"publish","type":"product","link":"https:\/\/www.fleurop-home.ch\/de-ch\/p\/herz-teller-dekoration","title":{"rendered":"Herz-Teller Dekoration"},"content":{"rendered":"<p style=\"text-align: left;\">Nicht Lebensmittelecht!<\/p>\n<p>Alle Dekorationsartikel werden von Hand gegossen. W\u00e4hrend der Verarbeitung k\u00f6nnen kleine Luftblasen oder minimale Unebenheiten entstehen. Dies ist ein nat\u00fcrlicher Bestandteil des Materials und kein Reklamationsgrund.<\/p>\n","protected":false},"excerpt":{"rendered":"<p>Herz-Dekoteller von Hand gegossen, perfekt als Schmuckablage, Schl\u00fcsselablage etc.<\/p>\n","protected":false},"featured_media":76372,"template":"","meta":[],"product_brand":[],"product_cat":[30,23,1190,1023,797],"product_tag":[1168],"woo-feed-brand":[],"class_list":{"0":"post-63102","1":"product","2":"type-product","3":"status-publish","4":"has-post-thumbnail","6":"product_cat-deko-accessoires","7":"product_cat-home-living","8":"product_cat-dekoobjekte","9":"product_cat-fuer-mama","10":"product_cat-muttertag","11":"product_tag-melia-atelier","13":"first","14":"instock","15":"taxable","16":"shipping-taxable","17":"purchasable","18":"product-type-simple"},"_links":{"self":[{"href":"https:\/\/www.fleurop-home.ch\/de-ch\/wp-json\/wp\/v2\/product\/63102","targetHints":{"allow":["GET"]}}],"collection":[{"href":"https:\/\/www.fleurop-home.ch\/de-ch\/wp-json\/wp\/v2\/product"}],"about":[{"href":"https:\/\/www.fleurop-home.ch\/de-ch\/wp-json\/wp\/v2\/types\/product"}],"wp:featuredmedia":[{"embeddable":true,"href":"https:\/\/www.fleurop-home.ch\/de-ch\/wp-json\/wp\/v2\/media\/76372"}],"wp:attachment":[{"href":"https:\/\/www.fleurop-home.ch\/de-ch\/wp-json\/wp\/v2\/media?parent=63102"}],"wp:term":[{"taxonomy":"product_brand","embeddable":true,"href":"https:\/\/www.fleurop-home.ch\/de-ch\/wp-json\/wp\/v2\/product_brand?post=63102"},{"taxonomy":"product_cat","embeddable":true,"href":"https:\/\/www.fleurop-home.ch\/de-ch\/wp-json\/wp\/v2\/product_cat?post=63102"},{"taxonomy":"product_tag","embeddable":true,"href":"https:\/\/www.fleurop-home.ch\/de-ch\/wp-json\/wp\/v2\/product_tag?post=63102"},{"taxonomy":"woo-feed-brand","embeddable":true,"href":"https:\/\/www.fleurop-home.ch\/de-ch\/wp-json\/wp\/v2\/woo-feed-brand?post=63102"}],"curies":[{"name":"wp","href":"https:\/\/api.w.org\/{rel}","templated":true}]}}