{"id":62890,"date":"2025-09-04T10:46:26","date_gmt":"2025-09-04T08:46:26","guid":{"rendered":"https:\/\/www.fleurop-home.ch\/de-ch\/?post_type=product&#038;p=62890"},"modified":"2025-11-04T15:05:42","modified_gmt":"2025-11-04T14:05:42","slug":"rudolf-kerze","status":"publish","type":"product","link":"https:\/\/www.fleurop-home.ch\/de-ch\/p\/rudolf-kerze","title":{"rendered":"Rudolf Kerze"},"content":{"rendered":"<p data-start=\"88\" data-end=\"399\">Bringe weihnachtliche Freude in dein Zuhause mit der <strong data-start=\"145\" data-end=\"168\">Rudolf Rentierkerze<\/strong>. Dieses handgefertigte Meisterwerk besticht durch liebevoll handbemalte Details, darunter Rudolfs ikonische <strong data-start=\"277\" data-end=\"290\">rote Nase<\/strong> und eine kleine <strong data-start=\"307\" data-end=\"329\">Glocke um den Hals<\/strong>, die dem Kerzendesign einen charmanten, festlichen Akzent verleiht.<\/p>\n<p data-start=\"401\" data-end=\"721\">Perfekt als <strong data-start=\"413\" data-end=\"448\">Tischdekoration, Adventsschmuck<\/strong> oder stimmungsvolles Highlight auf dem Kaminsims, verbreitet diese Kerze W\u00e4rme und Weihnachtsstimmung. Ob als Geschenk oder als festlicher Hingucker f\u00fcr dein eigenes Zuhause \u2013 die <strong data-start=\"628\" data-end=\"651\">Rudolf Rentierkerze<\/strong> sorgt f\u00fcr strahlende Augen und gem\u00fctliche Momente bei Kerzenschein.<\/p>\n<p data-start=\"401\" data-end=\"721\">H 10 \u00d8 6cm<br \/>\nca. 215g<\/p>\n<ul>\n<li data-start=\"401\" data-end=\"721\">Hergestellt aus deutschem Rapswachs. Bitte beachte, dass kleinere Farbabweichungen bedingt durch Ernteverh\u00e4ltnisse m\u00f6glich sind.<\/li>\n<li data-start=\"401\" data-end=\"721\">Ohne Zusatz von Duftstoffen.<\/li>\n<li data-start=\"401\" data-end=\"721\">Jede Kerze wird mit gro\u00dfer Sorgfalt auf Bestellung von Hand gegossen &#8211; nur f\u00fcr dich &#8211; DEIN Unikat.<\/li>\n<\/ul>\n<p>&nbsp;<\/p>\n<p data-start=\"401\" data-end=\"721\">Diese Kerze ist f\u00fcr dekorative Zwecke gedacht. Falls du sie doch anz\u00fcnden m\u00f6chtest, beachte bitte folgende <strong>Warn- und Sicherheitshinweise f\u00fcr Kerzen.<\/strong><\/p>\n","protected":false},"excerpt":{"rendered":"<p>Festliche Rudolf Rentierkerze \u2013 handbemalt mit roter Nase und Glocke, perfekt f\u00fcr Weihnachtsdekoration oder als charmantes Geschenk.<\/p>\n","protected":false},"featured_media":62892,"template":"","meta":[],"product_brand":[],"product_cat":[103,23,1208,909,1179,911,28,915],"product_tag":[1159],"woo-feed-brand":[],"class_list":{"0":"post-62890","1":"product","2":"type-product","3":"status-publish","4":"has-post-thumbnail","6":"product_cat-kerzen","7":"product_cat-home-living","8":"product_cat-ueber-25-chf","9":"product_cat-weihnachten","10":"product_cat-weihnachtsdeko","11":"product_cat-accessoires","12":"product_cat-kerzen-lichter","13":"product_cat-wichteln","14":"product_tag-glowing-celebrations","16":"first","17":"instock","18":"taxable","19":"shipping-taxable","20":"purchasable","21":"product-type-simple"},"_links":{"self":[{"href":"https:\/\/www.fleurop-home.ch\/de-ch\/wp-json\/wp\/v2\/product\/62890","targetHints":{"allow":["GET"]}}],"collection":[{"href":"https:\/\/www.fleurop-home.ch\/de-ch\/wp-json\/wp\/v2\/product"}],"about":[{"href":"https:\/\/www.fleurop-home.ch\/de-ch\/wp-json\/wp\/v2\/types\/product"}],"wp:featuredmedia":[{"embeddable":true,"href":"https:\/\/www.fleurop-home.ch\/de-ch\/wp-json\/wp\/v2\/media\/62892"}],"wp:attachment":[{"href":"https:\/\/www.fleurop-home.ch\/de-ch\/wp-json\/wp\/v2\/media?parent=62890"}],"wp:term":[{"taxonomy":"product_brand","embeddable":true,"href":"https:\/\/www.fleurop-home.ch\/de-ch\/wp-json\/wp\/v2\/product_brand?post=62890"},{"taxonomy":"product_cat","embeddable":true,"href":"https:\/\/www.fleurop-home.ch\/de-ch\/wp-json\/wp\/v2\/product_cat?post=62890"},{"taxonomy":"product_tag","embeddable":true,"href":"https:\/\/www.fleurop-home.ch\/de-ch\/wp-json\/wp\/v2\/product_tag?post=62890"},{"taxonomy":"woo-feed-brand","embeddable":true,"href":"https:\/\/www.fleurop-home.ch\/de-ch\/wp-json\/wp\/v2\/woo-feed-brand?post=62890"}],"curies":[{"name":"wp","href":"https:\/\/api.w.org\/{rel}","templated":true}]}}