{"id":62888,"date":"2025-09-04T10:46:26","date_gmt":"2025-09-04T08:46:26","guid":{"rendered":"https:\/\/www.fleurop-home.ch\/de-ch\/?post_type=product&#038;p=62888"},"modified":"2025-12-10T13:55:02","modified_gmt":"2025-12-10T12:55:02","slug":"aurora-kerze","status":"publish","type":"product","link":"https:\/\/www.fleurop-home.ch\/de-ch\/p\/aurora-kerze","title":{"rendered":"Aurora Kerze"},"content":{"rendered":"<p data-start=\"232\" data-end=\"587\">Mit ihrem schlanken, hochragenden Design f\u00fcgt sich die <strong data-start=\"287\" data-end=\"310\">Aurora Pillar Kerze<\/strong> nahtlos in moderne und traditionelle Einrichtungen ein. Ihre einzigartige, plissierte Basis macht sie zu einem sofortigen Blickfang und verleiht jedem Raum einen Hauch von Eleganz \u2013 perfekt f\u00fcr <strong data-start=\"505\" data-end=\"547\">Dinner-Partys, stilvolles Candle D\u00e9cor<\/strong> oder als Highlight auf dem Kaminsims.<\/p>\n<p data-start=\"589\" data-end=\"934\">Ideal f\u00fcr Liebhaber von Minimalismus und edlem Design, schafft die <strong data-start=\"656\" data-end=\"672\">Aurora Kerze<\/strong> eine warme, gem\u00fctliche Atmosph\u00e4re bei sanftem Kerzenschein. Ob als <strong data-start=\"740\" data-end=\"757\">Geschenkkerze<\/strong> f\u00fcr besondere Anl\u00e4sse oder als stilvolles Accessoire f\u00fcr dein Zuhause, die <strong data-start=\"832\" data-end=\"855\">Aurora Pillar Kerze<\/strong> ist ein Must-Have f\u00fcr alle, die Wert auf <strong data-start=\"897\" data-end=\"925\">moderne, elegante Kerzen<\/strong> legen.<\/p>\n<p data-start=\"936\" data-end=\"1003\"><strong data-start=\"936\" data-end=\"948\">Aurora S<\/strong><br data-start=\"948\" data-end=\"951\" \/>H 20 cm x \u00d8 10 cm<br data-start=\"968\" data-end=\"971\" \/>ca. 250 g<\/p>\n<ul>\n<li data-start=\"573\" data-end=\"703\">Hergestellt aus deutschem Rapswachs. Bitte beachte, dass kleinere Farbabweichungen bedingt durch Ernteverh\u00e4ltnisse m\u00f6glich sind.<\/li>\n<li data-start=\"573\" data-end=\"703\">Ohne Zusatz von Duftstoffen.<\/li>\n<li data-start=\"573\" data-end=\"703\">Jede Kerze wird mit grosser Sorgfalt auf Bestellung von Hand gegossen &#8211; nur f\u00fcr dich &#8211; DEIN Unikat.<\/li>\n<\/ul>\n<p>&nbsp;<\/p>\n<p>Falls du sie anz\u00fcnden m\u00f6chtest, beachte bitte\u00a0 <strong>Warn- und Sicherheitshinweise f\u00fcr Kerzen.<\/strong><\/p>\n","protected":false},"excerpt":{"rendered":"<p>Aurora Pillar Kerze ist ein Must-Have f\u00fcr alle, die Wert auf moderne, elegante Kerzen legen.<\/p>\n","protected":false},"featured_media":62889,"template":"","meta":[],"product_brand":[],"product_cat":[103,23,984,994,909,1179,911,28],"product_tag":[1159],"woo-feed-brand":[],"class_list":{"0":"post-62888","1":"product","2":"type-product","3":"status-publish","4":"has-post-thumbnail","6":"product_cat-kerzen","7":"product_cat-home-living","8":"product_cat-silvester","9":"product_cat-silvestertisch","10":"product_cat-weihnachten","11":"product_cat-weihnachtsdeko","12":"product_cat-accessoires","13":"product_cat-kerzen-lichter","14":"product_tag-glowing-celebrations","16":"first","17":"instock","18":"taxable","19":"shipping-taxable","20":"purchasable","21":"product-type-simple"},"_links":{"self":[{"href":"https:\/\/www.fleurop-home.ch\/de-ch\/wp-json\/wp\/v2\/product\/62888","targetHints":{"allow":["GET"]}}],"collection":[{"href":"https:\/\/www.fleurop-home.ch\/de-ch\/wp-json\/wp\/v2\/product"}],"about":[{"href":"https:\/\/www.fleurop-home.ch\/de-ch\/wp-json\/wp\/v2\/types\/product"}],"wp:featuredmedia":[{"embeddable":true,"href":"https:\/\/www.fleurop-home.ch\/de-ch\/wp-json\/wp\/v2\/media\/62889"}],"wp:attachment":[{"href":"https:\/\/www.fleurop-home.ch\/de-ch\/wp-json\/wp\/v2\/media?parent=62888"}],"wp:term":[{"taxonomy":"product_brand","embeddable":true,"href":"https:\/\/www.fleurop-home.ch\/de-ch\/wp-json\/wp\/v2\/product_brand?post=62888"},{"taxonomy":"product_cat","embeddable":true,"href":"https:\/\/www.fleurop-home.ch\/de-ch\/wp-json\/wp\/v2\/product_cat?post=62888"},{"taxonomy":"product_tag","embeddable":true,"href":"https:\/\/www.fleurop-home.ch\/de-ch\/wp-json\/wp\/v2\/product_tag?post=62888"},{"taxonomy":"woo-feed-brand","embeddable":true,"href":"https:\/\/www.fleurop-home.ch\/de-ch\/wp-json\/wp\/v2\/woo-feed-brand?post=62888"}],"curies":[{"name":"wp","href":"https:\/\/api.w.org\/{rel}","templated":true}]}}