{"id":62881,"date":"2025-09-04T10:46:26","date_gmt":"2025-09-04T08:46:26","guid":{"rendered":"https:\/\/www.fleurop-home.ch\/de-ch\/?post_type=product&#038;p=62881"},"modified":"2026-04-01T13:45:44","modified_gmt":"2026-04-01T11:45:44","slug":"handgemachte-blumenkerze","status":"publish","type":"product","link":"https:\/\/www.fleurop-home.ch\/de-ch\/p\/handgemachte-blumenkerze","title":{"rendered":"Handgemachte Blumenkerze"},"content":{"rendered":"<p data-start=\"219\" data-end=\"441\">Die <strong>handgemacht Blumenkerze<\/strong> bringt die Sch\u00f6nheit einer bl\u00fchenden Blume direkt in dein Zuhause.<\/p>\n<p data-start=\"219\" data-end=\"441\">Jede Kerze wird mit viel Liebe zum Detail gefertigt und \u00fcberzeugt durch ihre realistische Bl\u00fctenform in strahlendem Rosa\/Rot.<\/p>\n<p data-start=\"631\" data-end=\"797\">Ob als stilvolle Tischdekoration, romantisches Geschenk oder besonderer Hingucker \u2013 diese Blumenkerze sorgt f\u00fcr warme Atmosph\u00e4re und elegante Akzente in jedem Raum.<\/p>\n<p data-start=\"799\" data-end=\"890\">\u00d8 11.5 cm<br data-start=\"821\" data-end=\"824\" \/>ca 155 gr<br data-start=\"870\" data-end=\"873\" \/>Farbe: Rot oder Weiss<\/p>\n<ul>\n<li data-start=\"573\" data-end=\"703\">Hergestellt aus deutschem Rapswachs. Bitte beachte, dass kleinere Farbabweichungen bedingt durch Ernteverh\u00e4ltnisse m\u00f6glich sind.<\/li>\n<li data-start=\"573\" data-end=\"703\">Ohne Zusatz von Duftstoffen.<\/li>\n<li data-start=\"573\" data-end=\"703\">Jede Kerze wird mit grosser Sorgfalt auf Bestellung von Hand gegossen &#8211; nur f\u00fcr dich &#8211; DEIN Unikat.<\/li>\n<\/ul>\n<p>&nbsp;<\/p>\n<p>Falls du sie anz\u00fcnden m\u00f6chtest, beachte bitte die <strong>Warn- und Sicherheitshinweise f\u00fcr Kerzen.<\/strong><\/p>\n","protected":false},"excerpt":{"rendered":"<p>Handgemacht Blumenkerze \u2013 Ein Bl\u00fctenmeer aus Wachs<\/p>\n","protected":false},"featured_media":62886,"template":"","meta":[],"product_brand":[],"product_cat":[103,23,1000,1023,1003,797,999,28],"product_tag":[1159],"woo-feed-brand":[],"class_list":{"0":"post-62881","1":"product","2":"type-product","3":"status-publish","4":"has-post-thumbnail","6":"product_cat-kerzen","7":"product_cat-home-living","8":"product_cat-valentinstagsdeko","9":"product_cat-fuer-mama","10":"product_cat-fuer-sie","11":"product_cat-muttertag","12":"product_cat-valentinstag","13":"product_cat-kerzen-lichter","14":"product_tag-glowing-celebrations","16":"first","17":"instock","18":"taxable","19":"shipping-taxable","20":"purchasable","21":"product-type-variable"},"_links":{"self":[{"href":"https:\/\/www.fleurop-home.ch\/de-ch\/wp-json\/wp\/v2\/product\/62881","targetHints":{"allow":["GET"]}}],"collection":[{"href":"https:\/\/www.fleurop-home.ch\/de-ch\/wp-json\/wp\/v2\/product"}],"about":[{"href":"https:\/\/www.fleurop-home.ch\/de-ch\/wp-json\/wp\/v2\/types\/product"}],"wp:featuredmedia":[{"embeddable":true,"href":"https:\/\/www.fleurop-home.ch\/de-ch\/wp-json\/wp\/v2\/media\/62886"}],"wp:attachment":[{"href":"https:\/\/www.fleurop-home.ch\/de-ch\/wp-json\/wp\/v2\/media?parent=62881"}],"wp:term":[{"taxonomy":"product_brand","embeddable":true,"href":"https:\/\/www.fleurop-home.ch\/de-ch\/wp-json\/wp\/v2\/product_brand?post=62881"},{"taxonomy":"product_cat","embeddable":true,"href":"https:\/\/www.fleurop-home.ch\/de-ch\/wp-json\/wp\/v2\/product_cat?post=62881"},{"taxonomy":"product_tag","embeddable":true,"href":"https:\/\/www.fleurop-home.ch\/de-ch\/wp-json\/wp\/v2\/product_tag?post=62881"},{"taxonomy":"woo-feed-brand","embeddable":true,"href":"https:\/\/www.fleurop-home.ch\/de-ch\/wp-json\/wp\/v2\/woo-feed-brand?post=62881"}],"curies":[{"name":"wp","href":"https:\/\/api.w.org\/{rel}","templated":true}]}}