{"id":62736,"date":"2025-09-03T11:23:34","date_gmt":"2025-09-03T09:23:34","guid":{"rendered":"https:\/\/www.fleurop-home.ch\/de-ch\/?post_type=product&#038;p=62736"},"modified":"2025-10-15T11:04:06","modified_gmt":"2025-10-15T09:04:06","slug":"orchideen-erde-4-liter","status":"publish","type":"product","link":"https:\/\/www.fleurop-home.ch\/de-ch\/p\/orchideen-erde-4-liter","title":{"rendered":"Orchideen Erde 4 Liter"},"content":{"rendered":"<p>Orchideen Erde ist ein Kultursubstrat aus Pinienrinde und grobem Seramis Pflanz-Granulat zum Ein- und Umtopfen f\u00fcr Orchideen. F\u00fcr gesundes Wachstum und \u00fcppige Bl\u00fcte.<\/p>\n","protected":false},"excerpt":{"rendered":"<p>F\u00fcr gesundes Wachstum und \u00fcppige Bl\u00fcte.<\/p>\n","protected":false},"featured_media":62733,"template":"","meta":[],"product_brand":[],"product_cat":[118,23,26],"product_tag":[983],"woo-feed-brand":[],"class_list":{"0":"post-62736","1":"product","2":"type-product","3":"status-publish","4":"has-post-thumbnail","6":"product_cat-zimmerpflanzen","7":"product_cat-home-living","8":"product_cat-blumen-pflanzen","9":"product_tag-selection-by-fleurophome","11":"first","12":"instock","13":"taxable","14":"shipping-taxable","15":"purchasable","16":"product-type-simple"},"_links":{"self":[{"href":"https:\/\/www.fleurop-home.ch\/de-ch\/wp-json\/wp\/v2\/product\/62736","targetHints":{"allow":["GET"]}}],"collection":[{"href":"https:\/\/www.fleurop-home.ch\/de-ch\/wp-json\/wp\/v2\/product"}],"about":[{"href":"https:\/\/www.fleurop-home.ch\/de-ch\/wp-json\/wp\/v2\/types\/product"}],"wp:featuredmedia":[{"embeddable":true,"href":"https:\/\/www.fleurop-home.ch\/de-ch\/wp-json\/wp\/v2\/media\/62733"}],"wp:attachment":[{"href":"https:\/\/www.fleurop-home.ch\/de-ch\/wp-json\/wp\/v2\/media?parent=62736"}],"wp:term":[{"taxonomy":"product_brand","embeddable":true,"href":"https:\/\/www.fleurop-home.ch\/de-ch\/wp-json\/wp\/v2\/product_brand?post=62736"},{"taxonomy":"product_cat","embeddable":true,"href":"https:\/\/www.fleurop-home.ch\/de-ch\/wp-json\/wp\/v2\/product_cat?post=62736"},{"taxonomy":"product_tag","embeddable":true,"href":"https:\/\/www.fleurop-home.ch\/de-ch\/wp-json\/wp\/v2\/product_tag?post=62736"},{"taxonomy":"woo-feed-brand","embeddable":true,"href":"https:\/\/www.fleurop-home.ch\/de-ch\/wp-json\/wp\/v2\/woo-feed-brand?post=62736"}],"curies":[{"name":"wp","href":"https:\/\/api.w.org\/{rel}","templated":true}]}}