{"id":62689,"date":"2025-09-04T10:46:27","date_gmt":"2025-09-04T08:46:27","guid":{"rendered":"https:\/\/www.fleurop-home.ch\/de-ch\/?post_type=product&#038;p=62689"},"modified":"2025-10-15T11:04:59","modified_gmt":"2025-10-15T09:04:59","slug":"globus-kerze","status":"publish","type":"product","link":"https:\/\/www.fleurop-home.ch\/de-ch\/p\/globus-kerze","title":{"rendered":"Globus Kerze"},"content":{"rendered":"<p data-start=\"98\" data-end=\"352\"><strong data-start=\"98\" data-end=\"179\">Globus-Kerze \u2013 ein handgemachtes St\u00fcck f\u00fcr Weltenbummler &amp; Planetenliebhaber.<\/strong><br data-start=\"179\" data-end=\"182\" \/>Diese exklusive Kerze erinnert an die Sch\u00f6nheit unserer Erde und ist das perfekte Geschenk f\u00fcr alle, die das Reisen lieben oder gerade von einem Abenteuer zur\u00fcckkehren.<\/p>\n<p>Erh\u00e4ltlich in edlen Farbkombinationen:<\/p>\n<ul>\n<li><strong data-start=\"397\" data-end=\"410\">Weiss\/Gold<\/strong> \u2013 klassisch &amp; elegant<\/li>\n<li><strong data-start=\"437\" data-end=\"450\">Blau\/Gold<\/strong> \u2013 inspiriert vom Ozean<\/li>\n<li><strong data-start=\"478\" data-end=\"494\" data-is-only-node=\"\">Weiss\/Schwarz<\/strong> \u2013 modern &amp; minimalistisch<\/li>\n<li><strong data-start=\"525\" data-end=\"541\">Blau\/Schwarz<\/strong> \u2013 mystisch &amp; ausdrucksstark<\/li>\n<\/ul>\n<p>&nbsp;<\/p>\n<p>Ein stilvolles Deko-Element f\u00fcr <strong data-start=\"605\" data-end=\"660\">Reisefans, Abenteurerinnen und Menschen mit Fernweh<\/strong> \u2013 zeitlos, handgegossen und einzigartig.<\/p>\n<p data-start=\"573\" data-end=\"703\">H 8cm x \u2205 8cm<br \/>\nca. 220g<\/p>\n<ul>\n<li data-start=\"573\" data-end=\"703\">Hergestellt aus deutschem Rapswachs. Bitte beachte, dass kleinere Farbabweichungen bedingt durch Ernteverh\u00e4ltnisse m\u00f6glich sind.<\/li>\n<li data-start=\"573\" data-end=\"703\">Ohne Zusatz von Duftstoffen.<\/li>\n<li data-start=\"573\" data-end=\"703\">Jede Kerze wird mit grosser Sorgfalt auf Bestellung von Hand gegossen &#8211; nur f\u00fcr dich &#8211; DEIN Unikat.<\/li>\n<\/ul>\n<p>&nbsp;<\/p>\n<p>Falls du sie doch anz\u00fcnden m\u00f6chtest, beachte bitte <strong>Warn- und Sicherheitshinweise f\u00fcr Kerzen.<\/strong><\/p>\n","protected":false},"excerpt":{"rendered":"<p>Globus-Kerze \u2013 ein handgemachtes St\u00fcck f\u00fcr Weltenbummler &amp; Planetenliebhaber.<\/p>\n","protected":false},"featured_media":62879,"template":"","meta":[],"product_brand":[],"product_cat":[103,23,28],"product_tag":[1159],"woo-feed-brand":[],"class_list":{"0":"post-62689","1":"product","2":"type-product","3":"status-publish","4":"has-post-thumbnail","6":"product_cat-kerzen","7":"product_cat-home-living","8":"product_cat-kerzen-lichter","9":"product_tag-glowing-celebrations","11":"first","12":"instock","13":"taxable","14":"shipping-taxable","15":"purchasable","16":"product-type-variable"},"_links":{"self":[{"href":"https:\/\/www.fleurop-home.ch\/de-ch\/wp-json\/wp\/v2\/product\/62689","targetHints":{"allow":["GET"]}}],"collection":[{"href":"https:\/\/www.fleurop-home.ch\/de-ch\/wp-json\/wp\/v2\/product"}],"about":[{"href":"https:\/\/www.fleurop-home.ch\/de-ch\/wp-json\/wp\/v2\/types\/product"}],"wp:featuredmedia":[{"embeddable":true,"href":"https:\/\/www.fleurop-home.ch\/de-ch\/wp-json\/wp\/v2\/media\/62879"}],"wp:attachment":[{"href":"https:\/\/www.fleurop-home.ch\/de-ch\/wp-json\/wp\/v2\/media?parent=62689"}],"wp:term":[{"taxonomy":"product_brand","embeddable":true,"href":"https:\/\/www.fleurop-home.ch\/de-ch\/wp-json\/wp\/v2\/product_brand?post=62689"},{"taxonomy":"product_cat","embeddable":true,"href":"https:\/\/www.fleurop-home.ch\/de-ch\/wp-json\/wp\/v2\/product_cat?post=62689"},{"taxonomy":"product_tag","embeddable":true,"href":"https:\/\/www.fleurop-home.ch\/de-ch\/wp-json\/wp\/v2\/product_tag?post=62689"},{"taxonomy":"woo-feed-brand","embeddable":true,"href":"https:\/\/www.fleurop-home.ch\/de-ch\/wp-json\/wp\/v2\/woo-feed-brand?post=62689"}],"curies":[{"name":"wp","href":"https:\/\/api.w.org\/{rel}","templated":true}]}}