{"id":6109,"date":"2019-11-21T07:38:21","date_gmt":"2019-11-21T07:38:21","guid":{"rendered":"https:\/\/www.fleurop-home.ch\/?product=engel-sitzend-12cm-2stk"},"modified":"2025-10-22T08:56:43","modified_gmt":"2025-10-22T06:56:43","slug":"engel-sitzend-12cm-2stk","status":"publish","type":"product","link":"https:\/\/www.fleurop-home.ch\/de-ch\/p\/engel-sitzend-12cm-2stk","title":{"rendered":"Engel sitzend 12cm 2Stk."},"content":{"rendered":"<p style=\"text-align: left\">Engel sind nicht wegzudenken. Denn fr\u00f6hlich, nachdenklich und kindlich verspielt scheinen sie uns zuzuschauen und uns einen sch\u00f6nen Tag zu w\u00fcnschen.<\/p>\n","protected":false},"excerpt":{"rendered":"<p>Engel sitzend 12cm 2Stk.<\/p>\n","protected":false},"featured_media":6110,"template":"","meta":[],"product_brand":[],"product_cat":[30,23,1190,909,1179,911,34,35],"product_tag":[282],"woo-feed-brand":[],"class_list":{"0":"post-6109","1":"product","2":"type-product","3":"status-publish","4":"has-post-thumbnail","6":"product_cat-deko-accessoires","7":"product_cat-home-living","8":"product_cat-dekoobjekte","9":"product_cat-weihnachten","10":"product_cat-weihnachtsdeko","11":"product_cat-accessoires","12":"product_cat-garten-balkon","13":"product_cat-gartendeko","14":"product_tag-fleurop-interflora","16":"first","17":"instock","18":"taxable","19":"shipping-taxable","20":"purchasable","21":"product-type-simple"},"_links":{"self":[{"href":"https:\/\/www.fleurop-home.ch\/de-ch\/wp-json\/wp\/v2\/product\/6109","targetHints":{"allow":["GET"]}}],"collection":[{"href":"https:\/\/www.fleurop-home.ch\/de-ch\/wp-json\/wp\/v2\/product"}],"about":[{"href":"https:\/\/www.fleurop-home.ch\/de-ch\/wp-json\/wp\/v2\/types\/product"}],"wp:featuredmedia":[{"embeddable":true,"href":"https:\/\/www.fleurop-home.ch\/de-ch\/wp-json\/wp\/v2\/media\/6110"}],"wp:attachment":[{"href":"https:\/\/www.fleurop-home.ch\/de-ch\/wp-json\/wp\/v2\/media?parent=6109"}],"wp:term":[{"taxonomy":"product_brand","embeddable":true,"href":"https:\/\/www.fleurop-home.ch\/de-ch\/wp-json\/wp\/v2\/product_brand?post=6109"},{"taxonomy":"product_cat","embeddable":true,"href":"https:\/\/www.fleurop-home.ch\/de-ch\/wp-json\/wp\/v2\/product_cat?post=6109"},{"taxonomy":"product_tag","embeddable":true,"href":"https:\/\/www.fleurop-home.ch\/de-ch\/wp-json\/wp\/v2\/product_tag?post=6109"},{"taxonomy":"woo-feed-brand","embeddable":true,"href":"https:\/\/www.fleurop-home.ch\/de-ch\/wp-json\/wp\/v2\/woo-feed-brand?post=6109"}],"curies":[{"name":"wp","href":"https:\/\/api.w.org\/{rel}","templated":true}]}}