{"id":61000,"date":"2025-08-27T11:56:28","date_gmt":"2025-08-27T09:56:28","guid":{"rendered":"https:\/\/www.fleurop-home.ch\/?post_type=product&#038;p=61000"},"modified":"2025-10-10T09:35:11","modified_gmt":"2025-10-10T07:35:11","slug":"1001-organic-zimt-stangen-250g","status":"publish","type":"product","link":"https:\/\/www.fleurop-home.ch\/de-ch\/p\/1001-organic-zimt-stangen-250g","title":{"rendered":"1001 ORGANIC ZIMT STANGEN, 250g"},"content":{"rendered":"<p><strong>Degustation<br \/>\n<\/strong>Orange, Rohrzucker, Honig<\/p>\n<p><strong>Passt zu<br \/>\n<\/strong>Tomatensauce, Eintopf, Gl\u00fchwein, Kaffee, Backwaren, M\u00fcsli<\/p>\n<p><strong>Farmer<br \/>\n<\/strong>Shaabani Mmanga ist einer unserer erfahrensten und bekanntesten Bauern. Er wird von der lokalen Community sehr respektiert und ist immer bereit, uns bei der Ausbildung von weiteren Farmern zu unterst\u00fctzen.<\/p>\n<p><strong>Pflanze &amp; Verarbeitung<br \/>\n<\/strong>Zimt ist ein immergr\u00fcner Baum mit ovalen Bl\u00e4ttern, dicker Rinde und Beerenfr\u00fcchten.<br \/>\nDie Zweige werden von Hand mit einer Machete geerntet. Nach dem Ernten muss der Zimt sofort verarbeitet werden, solange die Rinde noch feucht ist. Die abgeschnittenen Zweige werden verarbeitet, indem die \u00e4ussere Rinde abgekratzt wird, bevor die Zimtschicht vom Holzkern des Zweiges getrennt wird. Danach bereiten wir entweder kleine Sp\u00e4ne vor oder rollen die Rinde von Hand zu sch\u00f6nen Federkielen. Unsere Bauern sind haupts\u00e4chlich auf den Inseln Sansibar und Tanga ans\u00e4ssig.<\/p>\n<p><strong>Sozialer Aspekt<br \/>\n<\/strong>1001 Organic investiert in die notwendige Infrastruktur sowie in die b\u00e4uerlichen Gemeinschaften und unterst\u00fctzt sie bei der Professionalisierung und Umstellung auf zertifizierten \u00f6kologischen Landbau. Durch regelm\u00e4ssige Schulungen und Zahlungen, die ein Vielfaches des \u00fcblichen Rohstoffpreises betragen, k\u00f6nnen unsere Bauern und ihre Familien von einem h\u00f6heren Lebensstandard profitieren.<\/p>\n","protected":false},"excerpt":{"rendered":"<p>Echter Zimt (cinnamomum verum) aus den tropischen Inselw\u00e4ldern.<\/p>\n","protected":false},"featured_media":62274,"template":"","meta":[],"product_brand":[],"product_cat":[47,42,885],"product_tag":[949],"woo-feed-brand":[],"class_list":{"0":"post-61000","1":"product","2":"type-product","3":"status-publish","4":"has-post-thumbnail","6":"product_cat-kuechenaromen","7":"product_cat-kueche","8":"product_cat-koestlichkeiten","9":"product_tag-1001-organic","11":"first","12":"instock","13":"taxable","14":"shipping-taxable","15":"purchasable","16":"product-type-simple"},"_links":{"self":[{"href":"https:\/\/www.fleurop-home.ch\/de-ch\/wp-json\/wp\/v2\/product\/61000","targetHints":{"allow":["GET"]}}],"collection":[{"href":"https:\/\/www.fleurop-home.ch\/de-ch\/wp-json\/wp\/v2\/product"}],"about":[{"href":"https:\/\/www.fleurop-home.ch\/de-ch\/wp-json\/wp\/v2\/types\/product"}],"wp:featuredmedia":[{"embeddable":true,"href":"https:\/\/www.fleurop-home.ch\/de-ch\/wp-json\/wp\/v2\/media\/62274"}],"wp:attachment":[{"href":"https:\/\/www.fleurop-home.ch\/de-ch\/wp-json\/wp\/v2\/media?parent=61000"}],"wp:term":[{"taxonomy":"product_brand","embeddable":true,"href":"https:\/\/www.fleurop-home.ch\/de-ch\/wp-json\/wp\/v2\/product_brand?post=61000"},{"taxonomy":"product_cat","embeddable":true,"href":"https:\/\/www.fleurop-home.ch\/de-ch\/wp-json\/wp\/v2\/product_cat?post=61000"},{"taxonomy":"product_tag","embeddable":true,"href":"https:\/\/www.fleurop-home.ch\/de-ch\/wp-json\/wp\/v2\/product_tag?post=61000"},{"taxonomy":"woo-feed-brand","embeddable":true,"href":"https:\/\/www.fleurop-home.ch\/de-ch\/wp-json\/wp\/v2\/woo-feed-brand?post=61000"}],"curies":[{"name":"wp","href":"https:\/\/api.w.org\/{rel}","templated":true}]}}