{"id":60979,"date":"2025-08-27T11:56:29","date_gmt":"2025-08-27T09:56:29","guid":{"rendered":"https:\/\/www.fleurop-home.ch\/?post_type=product&#038;p=60979"},"modified":"2025-12-22T12:55:35","modified_gmt":"2025-12-22T11:55:35","slug":"1001-organic-gluehwein-mischung-24g","status":"publish","type":"product","link":"https:\/\/www.fleurop-home.ch\/de-ch\/p\/1001-organic-gluehwein-mischung-24g","title":{"rendered":"1001 ORGANIC GL\u00dcHWEIN MISCHUNG, 24g"},"content":{"rendered":"<p><strong>Degustation<\/strong><br \/>\nwarm, w\u00fcrzig, Zimt, Sternanis<\/p>\n<p><strong>Passt zu<\/strong><br \/>\nWein (1 Dose f\u00fcr 1,5l), Most, Sirup<\/p>\n<p><strong>Zutaten<\/strong><br \/>\nKardamom, Zimt, Sternanis, Hibiskus, Nelken<\/p>\n<p><strong>Herkunft<br \/>\n<\/strong>Tansania &#8211; Dieses Gew\u00fcrz ist nicht Bio-zertifiziert, jedoch naturbelassen und stammt direkt von Kleinbauern aus artenreichen Mischw\u00e4ldern.<\/p>\n<p><strong>Sozialer Aspekt<br \/>\n<\/strong>1001 Organic investiert in die notwendige Infrastruktur sowie in die b\u00e4uerlichen Gemeinschaften und unterst\u00fctzt sie bei der Professionalisierung und Umstellung auf zertifizierten \u00f6kologischen Landbau. Durch regelm\u00e4ssige Schulungen und Zahlungen, die ein Vielfaches des \u00fcblichen Rohstoffpreises betragen, k\u00f6nnen unsere Bauern und ihre Familien von einem h\u00f6heren Lebensstandard profitieren.<\/p>\n<p><strong>Rezept zum Gew\u00fcrz<br \/>\n<\/strong>Dank der intensiven Aromen unserer Gl\u00fchweinmischung wird dein Gl\u00fchwein besonders w\u00fcrzig. Zimt, Nelken und Kardamom bringen Weihnachtsstimmung in die Tasse. <a href=\"https:\/\/www.fleurop-home.ch\/de-ch\/wuerziger-gluehwein\" target=\"_blank\" rel=\"noopener\">Zum Rezept<\/a><strong><br \/>\n<\/strong><\/p>\n","protected":false},"excerpt":{"rendered":"<p>Klassisches Gl\u00fchweingew\u00fcrz inspiriert von den M\u00e4rchen aus 1001 Nacht<\/p>\n","protected":false},"featured_media":61223,"template":"","meta":[],"product_brand":[],"product_cat":[47,995,984,42,885],"product_tag":[949],"woo-feed-brand":[],"class_list":{"0":"post-60979","1":"product","2":"type-product","3":"status-publish","4":"has-post-thumbnail","6":"product_cat-kuechenaromen","7":"product_cat-essen-trinken","8":"product_cat-silvester","9":"product_cat-kueche","10":"product_cat-koestlichkeiten","11":"product_tag-1001-organic","13":"first","14":"instock","15":"sale","16":"featured","17":"taxable","18":"shipping-taxable","19":"purchasable","20":"product-type-simple"},"_links":{"self":[{"href":"https:\/\/www.fleurop-home.ch\/de-ch\/wp-json\/wp\/v2\/product\/60979","targetHints":{"allow":["GET"]}}],"collection":[{"href":"https:\/\/www.fleurop-home.ch\/de-ch\/wp-json\/wp\/v2\/product"}],"about":[{"href":"https:\/\/www.fleurop-home.ch\/de-ch\/wp-json\/wp\/v2\/types\/product"}],"wp:featuredmedia":[{"embeddable":true,"href":"https:\/\/www.fleurop-home.ch\/de-ch\/wp-json\/wp\/v2\/media\/61223"}],"wp:attachment":[{"href":"https:\/\/www.fleurop-home.ch\/de-ch\/wp-json\/wp\/v2\/media?parent=60979"}],"wp:term":[{"taxonomy":"product_brand","embeddable":true,"href":"https:\/\/www.fleurop-home.ch\/de-ch\/wp-json\/wp\/v2\/product_brand?post=60979"},{"taxonomy":"product_cat","embeddable":true,"href":"https:\/\/www.fleurop-home.ch\/de-ch\/wp-json\/wp\/v2\/product_cat?post=60979"},{"taxonomy":"product_tag","embeddable":true,"href":"https:\/\/www.fleurop-home.ch\/de-ch\/wp-json\/wp\/v2\/product_tag?post=60979"},{"taxonomy":"woo-feed-brand","embeddable":true,"href":"https:\/\/www.fleurop-home.ch\/de-ch\/wp-json\/wp\/v2\/woo-feed-brand?post=60979"}],"curies":[{"name":"wp","href":"https:\/\/api.w.org\/{rel}","templated":true}]}}