{"id":60960,"date":"2025-08-27T11:56:30","date_gmt":"2025-08-27T09:56:30","guid":{"rendered":"https:\/\/www.fleurop-home.ch\/?post_type=product&#038;p=60960"},"modified":"2026-04-15T16:49:55","modified_gmt":"2026-04-15T14:49:55","slug":"1001-organic-vanille-essenz-50ml","status":"publish","type":"product","link":"https:\/\/www.fleurop-home.ch\/de-ch\/p\/1001-organic-vanille-essenz-50ml","title":{"rendered":"1001 ORGANIC VANILLE ESSENZ, 50ml"},"content":{"rendered":"<p><strong>Verwendung<br \/>\n<\/strong>Gib ein paar Teel\u00f6ffel Vanilleextrakt vor dem Backen in deine Lieblingss\u00fcssspeisen und Kuchen. Bei Desserts wie Glac\u00e9, Pudding, Cremesaucen oder anderen Desserts mit fl\u00fcssiger Konsistenz kann die Essenz der Fl\u00fcssigkeit w\u00e4hrend der Zubereitung zugef\u00fcgt werden.<\/p>\n<p><strong>Benefits<br \/>\n<\/strong>Die Verwendung von Vanille als Zuckerersatz kann einen hohen Blutzuckerspiegel senken und zu einem ges\u00fcnderen Lebensstil beitragen.<\/p>\n<p><strong>Farmer<br \/>\n<\/strong>Khatib Said baut seine Vanille Reben in Mtambwe, Pemba an. Er ist regional bekannt als Vanille-Spezialist, welcher alle Arten von Vanilleprodukten herstellt.<\/p>\n<p><strong>Pflanze &amp; Verarbeitung<br \/>\n<\/strong>Vanille w\u00e4chst als Rebe, die an einem bestehenden Baum oder Pfahl hochklettert. Die unverwechselbaren Aromastoffe befinden sich in der Frucht, die durch die Best\u00e4ubung einer Bl\u00fcte entsteht. Jede Bl\u00fcte wird einzeln von Hand best\u00e4ubt. Im Inneren der Schoten befindet sich eine \u00f6lige Fl\u00fcssigkeit, die mit winzigen Samen gef\u00fcllt ist.<br \/>\nW\u00e4hrend des Trocknens der Schoten werden diese getrocknet und massiert, um die Form und Textur der Bohne zu perfektionieren. Dieser Prozess erfordert viel Zeit und Erfahrung, um ein optimales Ergebnis mit h\u00f6chstem Vanillin-Gehalt zu erzielen.<\/p>\n<p><strong>Zusammensetzung<br \/>\n<\/strong>10% Vanille, 90% L\u00f6sung auf Alkoholbasis<strong><br \/>\n<\/strong><\/p>\n<p><strong>Sozialer Aspekt<br \/>\n<\/strong>1001 Organic investiert in die notwendige Infrastruktur sowie in die b\u00e4uerlichen Gemeinschaften und unterst\u00fctzt sie bei der Professionalisierung und Umstellung auf zertifizierten \u00f6kologischen Landbau. Durch regelm\u00e4ssige Schulungen und Zahlungen, die ein Vielfaches des \u00fcblichen Rohstoffpreises betragen, k\u00f6nnen unsere Bauern und ihre Familien von einem h\u00f6heren Lebensstandard profitieren.<\/p>\n<p><strong>Rezept zum Gew\u00fcrz<br \/>\n<\/strong>Ein wahrer Klassiker, der mit unseren Gew\u00fcrzen noch intensiver schmeckt. Das Frischk\u00e4setopping verleiht diesem fluffigen Kuchentraum das gewisse Extra. <a href=\"https:\/\/www.fleurop-home.ch\/de-ch\/karottenkuchen\">Zum Rezept.<\/a><\/p>\n","protected":false},"excerpt":{"rendered":"<p>Gib ein paar Teel\u00f6ffel Vanilleextrakt vor dem Backen in deine Lieblingss\u00fcssspeisen und Kuchen.<\/p>\n","protected":false},"featured_media":60963,"template":"","meta":[],"product_brand":[],"product_cat":[47,42,885],"product_tag":[949],"woo-feed-brand":[],"class_list":{"0":"post-60960","1":"product","2":"type-product","3":"status-publish","4":"has-post-thumbnail","6":"product_cat-kuechenaromen","7":"product_cat-kueche","8":"product_cat-koestlichkeiten","9":"product_tag-1001-organic","11":"first","12":"instock","13":"featured","14":"taxable","15":"shipping-taxable","16":"purchasable","17":"product-type-simple"},"_links":{"self":[{"href":"https:\/\/www.fleurop-home.ch\/de-ch\/wp-json\/wp\/v2\/product\/60960","targetHints":{"allow":["GET"]}}],"collection":[{"href":"https:\/\/www.fleurop-home.ch\/de-ch\/wp-json\/wp\/v2\/product"}],"about":[{"href":"https:\/\/www.fleurop-home.ch\/de-ch\/wp-json\/wp\/v2\/types\/product"}],"wp:featuredmedia":[{"embeddable":true,"href":"https:\/\/www.fleurop-home.ch\/de-ch\/wp-json\/wp\/v2\/media\/60963"}],"wp:attachment":[{"href":"https:\/\/www.fleurop-home.ch\/de-ch\/wp-json\/wp\/v2\/media?parent=60960"}],"wp:term":[{"taxonomy":"product_brand","embeddable":true,"href":"https:\/\/www.fleurop-home.ch\/de-ch\/wp-json\/wp\/v2\/product_brand?post=60960"},{"taxonomy":"product_cat","embeddable":true,"href":"https:\/\/www.fleurop-home.ch\/de-ch\/wp-json\/wp\/v2\/product_cat?post=60960"},{"taxonomy":"product_tag","embeddable":true,"href":"https:\/\/www.fleurop-home.ch\/de-ch\/wp-json\/wp\/v2\/product_tag?post=60960"},{"taxonomy":"woo-feed-brand","embeddable":true,"href":"https:\/\/www.fleurop-home.ch\/de-ch\/wp-json\/wp\/v2\/woo-feed-brand?post=60960"}],"curies":[{"name":"wp","href":"https:\/\/api.w.org\/{rel}","templated":true}]}}