{"id":60955,"date":"2025-08-27T11:56:30","date_gmt":"2025-08-27T09:56:30","guid":{"rendered":"https:\/\/www.fleurop-home.ch\/?post_type=product&#038;p=60955"},"modified":"2025-11-19T08:53:24","modified_gmt":"2025-11-19T07:53:24","slug":"1001-organic-golden-milk-45g","status":"publish","type":"product","link":"https:\/\/www.fleurop-home.ch\/de-ch\/p\/1001-organic-golden-milk-45g","title":{"rendered":"1001 ORGANIC GOLDEN MILK, 45g"},"content":{"rendered":"<p><strong>Degustation<br \/>\n<\/strong>Kurkuma, Ingwer, Zimt, Honig, W\u00fcrzig belebend<\/p>\n<p><strong>Passt zu<br \/>\n<\/strong>Kalte Tage, M\u00fcdigkeit, Wellness oder Erk\u00e4ltung<\/p>\n<p><strong>Zusammensetzung<br \/>\n<\/strong>Kurkuma, Ingwer, Zimt, Kardamom, schwarzer Pfeffer, Muskatnuss, Nelken<\/p>\n<p><strong>Sozialer Aspekt<br \/>\n<\/strong>1001 Organic investiert in die notwendige Infrastruktur sowie in die b\u00e4uerlichen Gemeinschaften und unterst\u00fctzt sie bei der Professionalisierung und Umstellung auf zertifizierten \u00f6kologischen Landbau. Durch regelm\u00e4ssige Schulungen und Zahlungen, die ein Vielfaches des \u00fcblichen Rohstoffpreises betragen, k\u00f6nnen unsere Bauern und ihre Familien von einem h\u00f6heren Lebensstandard profitieren.<\/p>\n","protected":false},"excerpt":{"rendered":"<p>Golden Milk ist eine traditionelle indische Gew\u00fcrzmischung f\u00fcr Getr\u00e4nke. Die belebende Wirkung f\u00fcr K\u00f6rper und Geist beruht auf alter Ayurveda-Tradition.<\/p>\n","protected":false},"featured_media":60957,"template":"","meta":[],"product_brand":[],"product_cat":[47,1207,909,915,42,885],"product_tag":[949],"woo-feed-brand":[],"class_list":{"0":"post-60955","1":"product","2":"type-product","3":"status-publish","4":"has-post-thumbnail","6":"product_cat-kuechenaromen","7":"product_cat-unter-25-chf","8":"product_cat-weihnachten","9":"product_cat-wichteln","10":"product_cat-kueche","11":"product_cat-koestlichkeiten","12":"product_tag-1001-organic","14":"first","15":"instock","16":"taxable","17":"shipping-taxable","18":"purchasable","19":"product-type-simple"},"_links":{"self":[{"href":"https:\/\/www.fleurop-home.ch\/de-ch\/wp-json\/wp\/v2\/product\/60955","targetHints":{"allow":["GET"]}}],"collection":[{"href":"https:\/\/www.fleurop-home.ch\/de-ch\/wp-json\/wp\/v2\/product"}],"about":[{"href":"https:\/\/www.fleurop-home.ch\/de-ch\/wp-json\/wp\/v2\/types\/product"}],"wp:featuredmedia":[{"embeddable":true,"href":"https:\/\/www.fleurop-home.ch\/de-ch\/wp-json\/wp\/v2\/media\/60957"}],"wp:attachment":[{"href":"https:\/\/www.fleurop-home.ch\/de-ch\/wp-json\/wp\/v2\/media?parent=60955"}],"wp:term":[{"taxonomy":"product_brand","embeddable":true,"href":"https:\/\/www.fleurop-home.ch\/de-ch\/wp-json\/wp\/v2\/product_brand?post=60955"},{"taxonomy":"product_cat","embeddable":true,"href":"https:\/\/www.fleurop-home.ch\/de-ch\/wp-json\/wp\/v2\/product_cat?post=60955"},{"taxonomy":"product_tag","embeddable":true,"href":"https:\/\/www.fleurop-home.ch\/de-ch\/wp-json\/wp\/v2\/product_tag?post=60955"},{"taxonomy":"woo-feed-brand","embeddable":true,"href":"https:\/\/www.fleurop-home.ch\/de-ch\/wp-json\/wp\/v2\/woo-feed-brand?post=60955"}],"curies":[{"name":"wp","href":"https:\/\/api.w.org\/{rel}","templated":true}]}}