{"id":60945,"date":"2025-08-27T11:56:30","date_gmt":"2025-08-27T09:56:30","guid":{"rendered":"https:\/\/www.fleurop-home.ch\/?post_type=product&#038;p=60945"},"modified":"2025-11-30T18:32:52","modified_gmt":"2025-11-30T17:32:52","slug":"1001-organic-limetten-meersalz-70g","status":"publish","type":"product","link":"https:\/\/www.fleurop-home.ch\/de-ch\/p\/1001-organic-limetten-meersalz-70g","title":{"rendered":"1001 ORGANIC LIMETTEN MEERSALZ, 70g"},"content":{"rendered":"<p><strong>Degustation<br \/>\n<\/strong>Fruchtig, salzig, erfrischend<\/p>\n<p><strong>Passt zu<br \/>\n<\/strong>Kuchen, Kekse, Quarkspeisen, Pastagerichte<\/p>\n<p><strong>Zusammensetzung<br \/>\n<\/strong>Salz, Limettenschale, Kurkuma<\/p>\n<p><strong>Sozialer Aspekt<br \/>\n<\/strong>1001 Organic investiert in die notwendige Infrastruktur sowie in die b\u00e4uerlichen Gemeinschaften und unterst\u00fctzt sie bei der Professionalisierung und Umstellung auf zertifizierten \u00f6kologischen Landbau. Durch regelm\u00e4ssige Schulungen und Zahlungen, die ein Vielfaches des \u00fcblichen Rohstoffpreises betragen, k\u00f6nnen unsere Bauern und ihre Familien von einem h\u00f6heren Lebensstandard profitieren.<\/p>\n","protected":false},"excerpt":{"rendered":"<p>Das aromatische Salz mit fein-fruchtige Nuancen eignet sich zum Mitkochen oder Abrunden von S\u00fcssspeisen.<\/p>\n","protected":false},"featured_media":60947,"template":"","meta":[],"product_brand":[],"product_cat":[47,42,885],"product_tag":[949],"woo-feed-brand":[],"class_list":{"0":"post-60945","1":"product","2":"type-product","3":"status-publish","4":"has-post-thumbnail","6":"product_cat-kuechenaromen","7":"product_cat-kueche","8":"product_cat-koestlichkeiten","9":"product_tag-1001-organic","11":"first","12":"instock","13":"taxable","14":"shipping-taxable","15":"purchasable","16":"product-type-simple"},"_links":{"self":[{"href":"https:\/\/www.fleurop-home.ch\/de-ch\/wp-json\/wp\/v2\/product\/60945","targetHints":{"allow":["GET"]}}],"collection":[{"href":"https:\/\/www.fleurop-home.ch\/de-ch\/wp-json\/wp\/v2\/product"}],"about":[{"href":"https:\/\/www.fleurop-home.ch\/de-ch\/wp-json\/wp\/v2\/types\/product"}],"wp:featuredmedia":[{"embeddable":true,"href":"https:\/\/www.fleurop-home.ch\/de-ch\/wp-json\/wp\/v2\/media\/60947"}],"wp:attachment":[{"href":"https:\/\/www.fleurop-home.ch\/de-ch\/wp-json\/wp\/v2\/media?parent=60945"}],"wp:term":[{"taxonomy":"product_brand","embeddable":true,"href":"https:\/\/www.fleurop-home.ch\/de-ch\/wp-json\/wp\/v2\/product_brand?post=60945"},{"taxonomy":"product_cat","embeddable":true,"href":"https:\/\/www.fleurop-home.ch\/de-ch\/wp-json\/wp\/v2\/product_cat?post=60945"},{"taxonomy":"product_tag","embeddable":true,"href":"https:\/\/www.fleurop-home.ch\/de-ch\/wp-json\/wp\/v2\/product_tag?post=60945"},{"taxonomy":"woo-feed-brand","embeddable":true,"href":"https:\/\/www.fleurop-home.ch\/de-ch\/wp-json\/wp\/v2\/woo-feed-brand?post=60945"}],"curies":[{"name":"wp","href":"https:\/\/api.w.org\/{rel}","templated":true}]}}