{"id":60238,"date":"2025-07-30T08:26:44","date_gmt":"2025-07-30T06:26:44","guid":{"rendered":"https:\/\/www.fleurop-home.ch\/fr-ch"},"modified":"2026-02-24T13:21:00","modified_gmt":"2026-02-24T12:21:00","slug":"strauss-mit-3-stabilisierten-rosen-champagner","status":"publish","type":"product","link":"https:\/\/www.fleurop-home.ch\/de-ch\/p\/strauss-mit-3-stabilisierten-rosen-champagner","title":{"rendered":"Strauss mit 3 stabilisierten Rosen, champagner"},"content":{"rendered":"<p>Sch\u00f6ner Strauss aus champagner, 100 % nat\u00fcrlichen und mehrere Jahre haltbaren konservierten Rosen, begleitet von konservierten Trockenblumen und Gr\u00fcnpflanzen.<br \/>\nDie kleinen Trockenblumen und Gr\u00fcnpflanzen k\u00f6nnen leicht vom Foto abweichen.<\/p>\n","protected":false},"excerpt":{"rendered":"<p>Strauss mit 3 stabilisierten, champagner Rosen<\/p>\n","protected":false},"featured_media":60239,"template":"","meta":[],"product_brand":[],"product_cat":[102,23,26,1247],"product_tag":[1135],"woo-feed-brand":[],"class_list":{"0":"post-60238","1":"product","2":"type-product","3":"status-publish","4":"has-post-thumbnail","6":"product_cat-infinity-rosen","7":"product_cat-home-living","8":"product_cat-blumen-pflanzen","9":"product_cat-sale","10":"product_tag-mon-reve-fleuri","12":"first","13":"instock","14":"sale","15":"taxable","16":"shipping-taxable","17":"purchasable","18":"product-type-simple"},"_links":{"self":[{"href":"https:\/\/www.fleurop-home.ch\/de-ch\/wp-json\/wp\/v2\/product\/60238","targetHints":{"allow":["GET"]}}],"collection":[{"href":"https:\/\/www.fleurop-home.ch\/de-ch\/wp-json\/wp\/v2\/product"}],"about":[{"href":"https:\/\/www.fleurop-home.ch\/de-ch\/wp-json\/wp\/v2\/types\/product"}],"wp:featuredmedia":[{"embeddable":true,"href":"https:\/\/www.fleurop-home.ch\/de-ch\/wp-json\/wp\/v2\/media\/60239"}],"wp:attachment":[{"href":"https:\/\/www.fleurop-home.ch\/de-ch\/wp-json\/wp\/v2\/media?parent=60238"}],"wp:term":[{"taxonomy":"product_brand","embeddable":true,"href":"https:\/\/www.fleurop-home.ch\/de-ch\/wp-json\/wp\/v2\/product_brand?post=60238"},{"taxonomy":"product_cat","embeddable":true,"href":"https:\/\/www.fleurop-home.ch\/de-ch\/wp-json\/wp\/v2\/product_cat?post=60238"},{"taxonomy":"product_tag","embeddable":true,"href":"https:\/\/www.fleurop-home.ch\/de-ch\/wp-json\/wp\/v2\/product_tag?post=60238"},{"taxonomy":"woo-feed-brand","embeddable":true,"href":"https:\/\/www.fleurop-home.ch\/de-ch\/wp-json\/wp\/v2\/woo-feed-brand?post=60238"}],"curies":[{"name":"wp","href":"https:\/\/api.w.org\/{rel}","templated":true}]}}