{"id":59823,"date":"2025-08-11T13:40:52","date_gmt":"2025-08-11T11:40:52","guid":{"rendered":"https:\/\/www.fleurop-home.ch\/de-ch\/p\/bewegungsmelder-birdybox-eiche-dunkel"},"modified":"2025-10-22T09:23:59","modified_gmt":"2025-10-22T07:23:59","slug":"bewegungsmelder-birdybox-eiche-dunkel","status":"publish","type":"product","link":"https:\/\/www.fleurop-home.ch\/de-ch\/p\/bewegungsmelder-birdybox-eiche-dunkel","title":{"rendered":"Bewegungsmelder BirdyBox Eiche dunkel"},"content":{"rendered":"<p>Die Birdybox schenkt uns unmittelbare Entspannung an jedem Ort. Das Vogelkonzert erklingt f\u00fcr 20 Sekunden und sorgt f\u00fcr intuitive Entspannung. Wir erleben einen Moment der Frische, Erholung und Gelassenheit; die Stimmung steigt und ein L\u00e4cheln erhellt unser Gesicht. F\u00fcr einen kurzen Moment versetzt sie uns in eine Welt ohne Stress und Zeitdruck. Wir atmen durch und kommen zur Ruhe, wie bei einem Waldspaziergang. Durch das kurze Vogelgezwitscher ist die Birdybox besonders vielseitig einsetzbar. Egal, ob im B\u00fcro oder zu Hause \u2013 sie findet \u00fcberall Platz! Die Birdybox kann \u00fcberall aufgestellt oder an die Wand geh\u00e4ngt werden. Per Bewegungsmelder wird der erfrischende Vogelgesang ausgel\u00f6st und verklingt nach 20 Sekunden wieder. Die Lautst\u00e4rke l\u00e4sst sich nach individuellen Bed\u00fcrfnissen anpassen oder ganz ausschalten. Aufgeladen wird die Birdybox mit einem umweltfreundlichen Akku per USB-Kabel. Die Laufzeit des Akkus betr\u00e4gt je nach Nutzung circa zwei Monate. Das Geh\u00e4use ist komplett biologisch abbaubar.<\/p>\n","protected":false},"excerpt":{"rendered":"<p>Bewegungsmelder aus Kunststoff und Eichenholz<\/p>\n","protected":false},"featured_media":59822,"template":"","meta":[],"product_brand":[],"product_cat":[1190,23,30],"product_tag":[1134],"woo-feed-brand":[],"class_list":{"0":"post-59823","1":"product","2":"type-product","3":"status-publish","4":"has-post-thumbnail","6":"product_cat-dekoobjekte","7":"product_cat-home-living","8":"product_cat-deko-accessoires","9":"product_tag-changemaker","11":"first","12":"instock","13":"taxable","14":"shipping-taxable","15":"purchasable","16":"product-type-simple"},"_links":{"self":[{"href":"https:\/\/www.fleurop-home.ch\/de-ch\/wp-json\/wp\/v2\/product\/59823","targetHints":{"allow":["GET"]}}],"collection":[{"href":"https:\/\/www.fleurop-home.ch\/de-ch\/wp-json\/wp\/v2\/product"}],"about":[{"href":"https:\/\/www.fleurop-home.ch\/de-ch\/wp-json\/wp\/v2\/types\/product"}],"wp:featuredmedia":[{"embeddable":true,"href":"https:\/\/www.fleurop-home.ch\/de-ch\/wp-json\/wp\/v2\/media\/59822"}],"wp:attachment":[{"href":"https:\/\/www.fleurop-home.ch\/de-ch\/wp-json\/wp\/v2\/media?parent=59823"}],"wp:term":[{"taxonomy":"product_brand","embeddable":true,"href":"https:\/\/www.fleurop-home.ch\/de-ch\/wp-json\/wp\/v2\/product_brand?post=59823"},{"taxonomy":"product_cat","embeddable":true,"href":"https:\/\/www.fleurop-home.ch\/de-ch\/wp-json\/wp\/v2\/product_cat?post=59823"},{"taxonomy":"product_tag","embeddable":true,"href":"https:\/\/www.fleurop-home.ch\/de-ch\/wp-json\/wp\/v2\/product_tag?post=59823"},{"taxonomy":"woo-feed-brand","embeddable":true,"href":"https:\/\/www.fleurop-home.ch\/de-ch\/wp-json\/wp\/v2\/woo-feed-brand?post=59823"}],"curies":[{"name":"wp","href":"https:\/\/api.w.org\/{rel}","templated":true}]}}