{"id":59813,"date":"2025-08-11T13:40:53","date_gmt":"2025-08-11T11:40:53","guid":{"rendered":"https:\/\/www.fleurop-home.ch\/de-ch\/p\/solarleuchte-sonnenglas-mini-generation-6"},"modified":"2026-04-29T08:38:31","modified_gmt":"2026-04-29T06:38:31","slug":"solarleuchte-sonnenglas-mini-generation-6","status":"publish","type":"product","link":"https:\/\/www.fleurop-home.ch\/de-ch\/p\/solarleuchte-sonnenglas-mini-generation-6","title":{"rendered":"Solarleuchte Sonnenglas Mini Generation 6"},"content":{"rendered":"<p>Die SONNENGLAS\u00ae Sonnenmodule der Generation 6 wurden von Grund auf neu entwickelt und gestaltet. Die Mini Sonnengl\u00e4ser besitzen die gleichen Funktionen wie die Classic Sonnengl\u00e4ser. Sie sind bis zu 5x heller, sind stufenlos dimmbar und leuchten bei selber Helligkeit ca. 30% l\u00e4nger. Die Sonnenmodule sind auch ohne Glaslaterne voll funktionsf\u00e4hig. Ein im Sonnenmodul integrierter versteckter Drahtb\u00fcgel erm\u00f6glicht das praktische Aufh\u00e4ngen und Aufstellen des Moduls im Betrieb ohne Glaslaterne. Ein im Solarpanel integrierter Leuchtring zeigt nach dem Ausschalten farbig den Ladezustand des Akkus an. Zudem zeigt der Leuchtring an, wenn genug Sonneneinstrahlung vorhanden ist um den Akku per Sonne aufzuladen. Sobald die Umgebung hell genug ist, schaltet sich die Leuchte automatisch aus. Clevere Tag\/Nacht-Automatik: abends schaltet sich das Sonnenglas von selbst ein und morgens, wenn es hell wird, automatisch wieder aus. Der USB Anschluss vom Typ-C ist mit allen Standard USB-C Ladeger\u00e4ten und Kabeln kompatibel. Die Sonnenmodule der Generation 6 sind vollst\u00e4ndig r\u00fcckw\u00e4rtskompatibel mit allen seit 2013 verkauften Sonnengl\u00e4sern.<\/p>\n<p>Leuchtdauer: bis 30std. Dank der neuen High-Tech Beschichtung, ist es robust und sogar wasserfest.<\/p>\n","protected":false},"excerpt":{"rendered":"<p>Leuchtdauer: bis 30std<\/p>\n","protected":false},"featured_media":59812,"template":"","meta":[],"product_brand":[],"product_cat":[23,108,28],"product_tag":[1134],"woo-feed-brand":[],"class_list":{"0":"post-59813","1":"product","2":"type-product","3":"status-publish","4":"has-post-thumbnail","6":"product_cat-home-living","7":"product_cat-lichterketten-laternen","8":"product_cat-kerzen-lichter","9":"product_tag-changemaker","11":"first","12":"instock","13":"taxable","14":"shipping-taxable","15":"purchasable","16":"product-type-simple"},"_links":{"self":[{"href":"https:\/\/www.fleurop-home.ch\/de-ch\/wp-json\/wp\/v2\/product\/59813","targetHints":{"allow":["GET"]}}],"collection":[{"href":"https:\/\/www.fleurop-home.ch\/de-ch\/wp-json\/wp\/v2\/product"}],"about":[{"href":"https:\/\/www.fleurop-home.ch\/de-ch\/wp-json\/wp\/v2\/types\/product"}],"wp:featuredmedia":[{"embeddable":true,"href":"https:\/\/www.fleurop-home.ch\/de-ch\/wp-json\/wp\/v2\/media\/59812"}],"wp:attachment":[{"href":"https:\/\/www.fleurop-home.ch\/de-ch\/wp-json\/wp\/v2\/media?parent=59813"}],"wp:term":[{"taxonomy":"product_brand","embeddable":true,"href":"https:\/\/www.fleurop-home.ch\/de-ch\/wp-json\/wp\/v2\/product_brand?post=59813"},{"taxonomy":"product_cat","embeddable":true,"href":"https:\/\/www.fleurop-home.ch\/de-ch\/wp-json\/wp\/v2\/product_cat?post=59813"},{"taxonomy":"product_tag","embeddable":true,"href":"https:\/\/www.fleurop-home.ch\/de-ch\/wp-json\/wp\/v2\/product_tag?post=59813"},{"taxonomy":"woo-feed-brand","embeddable":true,"href":"https:\/\/www.fleurop-home.ch\/de-ch\/wp-json\/wp\/v2\/woo-feed-brand?post=59813"}],"curies":[{"name":"wp","href":"https:\/\/api.w.org\/{rel}","templated":true}]}}