{"id":59776,"date":"2025-08-11T13:40:57","date_gmt":"2025-08-11T11:40:57","guid":{"rendered":"https:\/\/www.fleurop-home.ch\/de-ch\/p\/schlafmaske-leaves-blau"},"modified":"2026-04-29T08:43:40","modified_gmt":"2026-04-29T06:43:40","slug":"schlafmaske-leaves-blau","status":"publish","type":"product","link":"https:\/\/www.fleurop-home.ch\/de-ch\/p\/schlafmaske-leaves-blau","title":{"rendered":"Schlafmaske Leaves Blau"},"content":{"rendered":"<p>Die Schlafmaske kann f\u00fcr einen erholsamen Schlaf eingesetzt werden, indem sie die Augen vor k\u00fcnstlichem oder nat\u00fcrlichem Licht sch\u00fctzt. Sie kann unterst\u00fctzend wirken bei Schlafst\u00f6rungen, auf Reisen, im Wellnessbereich oder bei Kopfschmerzen. Durch die Polsterung schmiegt sich die Schlafmaske weich an die Augenpartie. Das Elastikband passt sich an unterschiedliche K\u00f6rpergr\u00f6ssen an. F\u00fcr die Schlafmaske wurden Reststoffe aus fr\u00fcheren Produktionen mit unserem Inhouse kreierten Design verwendet.<\/p>\n<p>Bei 30\u00b0 waschbar. Nicht im W\u00e4schetrockner trocknen.<\/p>\n","protected":false},"excerpt":{"rendered":"<p>Schlafmaske aus 100% Bio-Baumwolle<\/p>\n","protected":false},"featured_media":59775,"template":"","meta":[],"product_brand":[],"product_cat":[31,23,48,1176],"product_tag":[1134],"woo-feed-brand":[],"class_list":{"0":"post-59776","1":"product","2":"type-product","3":"status-publish","4":"has-post-thumbnail","6":"product_cat-heimtextilien","7":"product_cat-home-living","8":"product_cat-bad-wellness","9":"product_cat-wohlbefinden","10":"product_tag-changemaker","12":"first","13":"instock","14":"taxable","15":"shipping-taxable","16":"purchasable","17":"product-type-simple"},"_links":{"self":[{"href":"https:\/\/www.fleurop-home.ch\/de-ch\/wp-json\/wp\/v2\/product\/59776","targetHints":{"allow":["GET"]}}],"collection":[{"href":"https:\/\/www.fleurop-home.ch\/de-ch\/wp-json\/wp\/v2\/product"}],"about":[{"href":"https:\/\/www.fleurop-home.ch\/de-ch\/wp-json\/wp\/v2\/types\/product"}],"wp:featuredmedia":[{"embeddable":true,"href":"https:\/\/www.fleurop-home.ch\/de-ch\/wp-json\/wp\/v2\/media\/59775"}],"wp:attachment":[{"href":"https:\/\/www.fleurop-home.ch\/de-ch\/wp-json\/wp\/v2\/media?parent=59776"}],"wp:term":[{"taxonomy":"product_brand","embeddable":true,"href":"https:\/\/www.fleurop-home.ch\/de-ch\/wp-json\/wp\/v2\/product_brand?post=59776"},{"taxonomy":"product_cat","embeddable":true,"href":"https:\/\/www.fleurop-home.ch\/de-ch\/wp-json\/wp\/v2\/product_cat?post=59776"},{"taxonomy":"product_tag","embeddable":true,"href":"https:\/\/www.fleurop-home.ch\/de-ch\/wp-json\/wp\/v2\/product_tag?post=59776"},{"taxonomy":"woo-feed-brand","embeddable":true,"href":"https:\/\/www.fleurop-home.ch\/de-ch\/wp-json\/wp\/v2\/woo-feed-brand?post=59776"}],"curies":[{"name":"wp","href":"https:\/\/api.w.org\/{rel}","templated":true}]}}