{"id":59768,"date":"2025-08-11T13:40:58","date_gmt":"2025-08-11T11:40:58","guid":{"rendered":"https:\/\/www.fleurop-home.ch\/de-ch\/p\/necessaire-leaves-gross-blassrosa-mint"},"modified":"2025-10-03T07:57:09","modified_gmt":"2025-10-03T05:57:09","slug":"necessaire-leaves-gross-blassrosa-mint","status":"publish","type":"product","link":"https:\/\/www.fleurop-home.ch\/de-ch\/p\/necessaire-leaves-gross-blassrosa-mint","title":{"rendered":"N\u00e9cessaire Leaves gross Blassrosa\/Mint"},"content":{"rendered":"<p>Das N\u00e9cessaire unserer Changemaker Eigenkollektion wird in sorgf\u00e4ltiger Handarbeit in Indien hergestellt. Der Aussenstoff besteht zu 100% aus Bio-Baumwolle und \u00fcberzeugt durch sein sch\u00f6nes Design. Der Innenstoff hat eine wasserabweisende Beschichtung, durch sein sch\u00f6nes Design. Der Innenstoff hat eine wasserabweisende Beschichtung, durch welche das N\u00e9cessaire robust bleibt, auch wenn einmal etwas ausl\u00e4uft. Unser Produzent Manjeen unterst\u00fctzt und f\u00f6rdert unterpriviligierte Kunsthandwerkende und m\u00f6chte so zur Beseitigung von Armut und Ausbeutung beitragen. Gerechter und fairer Handel der Produkte nimmt dabei eine zentrale Rolle ein.<\/p>\n","protected":false},"excerpt":{"rendered":"<p>N\u00e9cessaire aus 100% Bio-Baumwolle<\/p>\n","protected":false},"featured_media":59767,"template":"","meta":[],"product_brand":[],"product_cat":[31,23,48,50],"product_tag":[1134],"woo-feed-brand":[],"class_list":{"0":"post-59768","1":"product","2":"type-product","3":"status-publish","4":"has-post-thumbnail","6":"product_cat-heimtextilien","7":"product_cat-home-living","8":"product_cat-bad-wellness","9":"product_cat-badezubehoer","10":"product_tag-changemaker","12":"first","13":"instock","14":"taxable","15":"shipping-taxable","16":"purchasable","17":"product-type-simple"},"_links":{"self":[{"href":"https:\/\/www.fleurop-home.ch\/de-ch\/wp-json\/wp\/v2\/product\/59768","targetHints":{"allow":["GET"]}}],"collection":[{"href":"https:\/\/www.fleurop-home.ch\/de-ch\/wp-json\/wp\/v2\/product"}],"about":[{"href":"https:\/\/www.fleurop-home.ch\/de-ch\/wp-json\/wp\/v2\/types\/product"}],"wp:featuredmedia":[{"embeddable":true,"href":"https:\/\/www.fleurop-home.ch\/de-ch\/wp-json\/wp\/v2\/media\/59767"}],"wp:attachment":[{"href":"https:\/\/www.fleurop-home.ch\/de-ch\/wp-json\/wp\/v2\/media?parent=59768"}],"wp:term":[{"taxonomy":"product_brand","embeddable":true,"href":"https:\/\/www.fleurop-home.ch\/de-ch\/wp-json\/wp\/v2\/product_brand?post=59768"},{"taxonomy":"product_cat","embeddable":true,"href":"https:\/\/www.fleurop-home.ch\/de-ch\/wp-json\/wp\/v2\/product_cat?post=59768"},{"taxonomy":"product_tag","embeddable":true,"href":"https:\/\/www.fleurop-home.ch\/de-ch\/wp-json\/wp\/v2\/product_tag?post=59768"},{"taxonomy":"woo-feed-brand","embeddable":true,"href":"https:\/\/www.fleurop-home.ch\/de-ch\/wp-json\/wp\/v2\/woo-feed-brand?post=59768"}],"curies":[{"name":"wp","href":"https:\/\/api.w.org\/{rel}","templated":true}]}}