{"id":59724,"date":"2025-08-11T13:41:02","date_gmt":"2025-08-11T11:41:02","guid":{"rendered":"https:\/\/www.fleurop-home.ch\/de-ch\/p\/serviertablett-klein-marmor"},"modified":"2026-04-29T08:51:49","modified_gmt":"2026-04-29T06:51:49","slug":"serviertablett-klein-marmor","status":"publish","type":"product","link":"https:\/\/www.fleurop-home.ch\/de-ch\/p\/serviertablett-klein-marmor","title":{"rendered":"Serviertablett klein Marmor"},"content":{"rendered":"<p>Das Serviertablett wurde von Kunsthandwerkenden in Agra aus hochwertigem Marmor gefertigt. Das Wissen wird von Generation zu Generation weitergegeben und ist die Haupteinnahmequelle f\u00fcr die Menschen in Agra. Mit dem Kauf dieser einzigartigen Steine unterst\u00fctzt du traditionelles Handwerk und die Personen, die dieses Kulturerbe f\u00f6rdern. Unser Produzent metta muse hat es sich zur Aufgabe gemacht, wirtschaftliche Unabh\u00e4ngigkeit sowie soziales Wohlergehen der Handwerksgemeinschaften zu f\u00f6rdern.<\/p>\n","protected":false},"excerpt":{"rendered":"<p>Tablett aus Marmor<\/p>\n","protected":false},"featured_media":59723,"template":"","meta":[],"product_brand":[],"product_cat":[1108,42,1104,43,44],"product_tag":[1134],"woo-feed-brand":[],"class_list":{"0":"post-59724","1":"product","2":"type-product","3":"status-publish","4":"has-post-thumbnail","6":"product_cat-tabletts","7":"product_cat-kueche","8":"product_cat-tischakzente","9":"product_cat-gedeckter-tisch","10":"product_cat-kuechenhelfer","11":"product_tag-changemaker","13":"first","14":"instock","15":"taxable","16":"shipping-taxable","17":"purchasable","18":"product-type-simple"},"_links":{"self":[{"href":"https:\/\/www.fleurop-home.ch\/de-ch\/wp-json\/wp\/v2\/product\/59724","targetHints":{"allow":["GET"]}}],"collection":[{"href":"https:\/\/www.fleurop-home.ch\/de-ch\/wp-json\/wp\/v2\/product"}],"about":[{"href":"https:\/\/www.fleurop-home.ch\/de-ch\/wp-json\/wp\/v2\/types\/product"}],"wp:featuredmedia":[{"embeddable":true,"href":"https:\/\/www.fleurop-home.ch\/de-ch\/wp-json\/wp\/v2\/media\/59723"}],"wp:attachment":[{"href":"https:\/\/www.fleurop-home.ch\/de-ch\/wp-json\/wp\/v2\/media?parent=59724"}],"wp:term":[{"taxonomy":"product_brand","embeddable":true,"href":"https:\/\/www.fleurop-home.ch\/de-ch\/wp-json\/wp\/v2\/product_brand?post=59724"},{"taxonomy":"product_cat","embeddable":true,"href":"https:\/\/www.fleurop-home.ch\/de-ch\/wp-json\/wp\/v2\/product_cat?post=59724"},{"taxonomy":"product_tag","embeddable":true,"href":"https:\/\/www.fleurop-home.ch\/de-ch\/wp-json\/wp\/v2\/product_tag?post=59724"},{"taxonomy":"woo-feed-brand","embeddable":true,"href":"https:\/\/www.fleurop-home.ch\/de-ch\/wp-json\/wp\/v2\/woo-feed-brand?post=59724"}],"curies":[{"name":"wp","href":"https:\/\/api.w.org\/{rel}","templated":true}]}}