{"id":59665,"date":"2025-08-11T13:41:06","date_gmt":"2025-08-11T11:41:06","guid":{"rendered":"https:\/\/www.fleurop-home.ch\/de-ch\/p\/tischset-crocheted-flower"},"modified":"2026-04-29T08:48:25","modified_gmt":"2026-04-29T06:48:25","slug":"tischset-crocheted-flower","status":"publish","type":"product","link":"https:\/\/www.fleurop-home.ch\/de-ch\/p\/tischset-crocheted-flower","title":{"rendered":"Tischset Crocheted Flower"},"content":{"rendered":"<p>Das Tischset aus Jute wurde in sorgf\u00e4ltiger Handarbeit in Indien hergestellt. Die Entwicklung geschah in Zusammenarbeit mit Aame und metta muse. Aame ist ein soziales Unternehmen, welches 75 beeintr\u00e4chtigten Frauen erm\u00f6glicht zu arbeiten und eine sichere Umgebung gew\u00e4hrleistet. metta muse hat es sich zur Aufgabe gemacht, wirtschaftliche Unabh\u00e4ngigkeit sowie soziales Wohlergehen von Handwerksgemeinschaften zu f\u00f6rdern.<\/p>\n","protected":false},"excerpt":{"rendered":"<p>Tischset aus Jute<\/p>\n","protected":false},"featured_media":59664,"template":"","meta":[],"product_brand":[],"product_cat":[1099,909,1179,911,42,1098],"product_tag":[1134],"woo-feed-brand":[],"class_list":{"0":"post-59665","1":"product","2":"type-product","3":"status-publish","4":"has-post-thumbnail","6":"product_cat-tischtextilien","7":"product_cat-weihnachten","8":"product_cat-weihnachtsdeko","9":"product_cat-accessoires","10":"product_cat-kueche","11":"product_cat-textilien","12":"product_tag-changemaker","14":"first","15":"instock","16":"taxable","17":"shipping-taxable","18":"purchasable","19":"product-type-simple"},"_links":{"self":[{"href":"https:\/\/www.fleurop-home.ch\/de-ch\/wp-json\/wp\/v2\/product\/59665","targetHints":{"allow":["GET"]}}],"collection":[{"href":"https:\/\/www.fleurop-home.ch\/de-ch\/wp-json\/wp\/v2\/product"}],"about":[{"href":"https:\/\/www.fleurop-home.ch\/de-ch\/wp-json\/wp\/v2\/types\/product"}],"wp:featuredmedia":[{"embeddable":true,"href":"https:\/\/www.fleurop-home.ch\/de-ch\/wp-json\/wp\/v2\/media\/59664"}],"wp:attachment":[{"href":"https:\/\/www.fleurop-home.ch\/de-ch\/wp-json\/wp\/v2\/media?parent=59665"}],"wp:term":[{"taxonomy":"product_brand","embeddable":true,"href":"https:\/\/www.fleurop-home.ch\/de-ch\/wp-json\/wp\/v2\/product_brand?post=59665"},{"taxonomy":"product_cat","embeddable":true,"href":"https:\/\/www.fleurop-home.ch\/de-ch\/wp-json\/wp\/v2\/product_cat?post=59665"},{"taxonomy":"product_tag","embeddable":true,"href":"https:\/\/www.fleurop-home.ch\/de-ch\/wp-json\/wp\/v2\/product_tag?post=59665"},{"taxonomy":"woo-feed-brand","embeddable":true,"href":"https:\/\/www.fleurop-home.ch\/de-ch\/wp-json\/wp\/v2\/woo-feed-brand?post=59665"}],"curies":[{"name":"wp","href":"https:\/\/api.w.org\/{rel}","templated":true}]}}