{"id":59661,"date":"2025-07-24T11:01:21","date_gmt":"2025-07-24T09:01:21","guid":{"rendered":"https:\/\/www.fleurop-home.ch\/de-ch\/p\/topflappen-leaves-olive"},"modified":"2025-09-22T15:50:25","modified_gmt":"2025-09-22T13:50:25","slug":"topflappen-leaves-olive","status":"publish","type":"product","link":"https:\/\/www.fleurop-home.ch\/de-ch\/p\/topflappen-leaves-olive","title":{"rendered":"Topflappen Leaves Olive"},"content":{"rendered":"<p>Der Topflappen unserer Changemaker Eigenkollektion besteht zu 100% aus Bio-Baumwolle und wird in Handarbeit in Indien hergestellt. Unser Produzent Manjeen unterst\u00fctzt und f\u00f6rdert unterpriviligierte Kunsthandwerkende und m\u00f6chte so zur Beseitigung von Armut und Ausbeutung beitragen. Gerechter und fairer Handel der Produkte nimmt dabei eine zentrale Rolle ein.<\/p>\n","protected":false},"excerpt":{"rendered":"<p>Topflappen aus 100% Bio-Baumwolle<\/p>\n","protected":false},"featured_media":59660,"template":"","meta":[],"product_brand":[],"product_cat":[1100,42,1098],"product_tag":[1134],"woo-feed-brand":[],"class_list":{"0":"post-59661","1":"product","2":"type-product","3":"status-publish","4":"has-post-thumbnail","6":"product_cat-kuechentextilien","7":"product_cat-kueche","8":"product_cat-textilien","9":"product_tag-changemaker","11":"first","12":"instock","13":"taxable","14":"shipping-taxable","15":"purchasable","16":"product-type-simple"},"_links":{"self":[{"href":"https:\/\/www.fleurop-home.ch\/de-ch\/wp-json\/wp\/v2\/product\/59661","targetHints":{"allow":["GET"]}}],"collection":[{"href":"https:\/\/www.fleurop-home.ch\/de-ch\/wp-json\/wp\/v2\/product"}],"about":[{"href":"https:\/\/www.fleurop-home.ch\/de-ch\/wp-json\/wp\/v2\/types\/product"}],"wp:featuredmedia":[{"embeddable":true,"href":"https:\/\/www.fleurop-home.ch\/de-ch\/wp-json\/wp\/v2\/media\/59660"}],"wp:attachment":[{"href":"https:\/\/www.fleurop-home.ch\/de-ch\/wp-json\/wp\/v2\/media?parent=59661"}],"wp:term":[{"taxonomy":"product_brand","embeddable":true,"href":"https:\/\/www.fleurop-home.ch\/de-ch\/wp-json\/wp\/v2\/product_brand?post=59661"},{"taxonomy":"product_cat","embeddable":true,"href":"https:\/\/www.fleurop-home.ch\/de-ch\/wp-json\/wp\/v2\/product_cat?post=59661"},{"taxonomy":"product_tag","embeddable":true,"href":"https:\/\/www.fleurop-home.ch\/de-ch\/wp-json\/wp\/v2\/product_tag?post=59661"},{"taxonomy":"woo-feed-brand","embeddable":true,"href":"https:\/\/www.fleurop-home.ch\/de-ch\/wp-json\/wp\/v2\/woo-feed-brand?post=59661"}],"curies":[{"name":"wp","href":"https:\/\/api.w.org\/{rel}","templated":true}]}}