{"id":59229,"date":"2025-08-27T11:56:31","date_gmt":"2025-08-27T09:56:31","guid":{"rendered":"https:\/\/www.fleurop-home.ch\/?post_type=product&#038;p=59229"},"modified":"2025-12-10T09:52:10","modified_gmt":"2025-12-10T08:52:10","slug":"1001-organic-chai-tee-latte-40g","status":"publish","type":"product","link":"https:\/\/www.fleurop-home.ch\/de-ch\/p\/1001-organic-chai-tee-latte-40g","title":{"rendered":"1001 ORGANIC CHAI TEE LATTE, 40g"},"content":{"rendered":"<p><strong>Degustation:<\/strong> Aromatisch, reichhaltig, vielschichtig<br \/>\n<strong>Passt zu:<\/strong> Tee, Kaffee, Desserts, Smoothies, M\u00fcsli, Backwaren<br \/>\n<strong>F\u00fcllmenge:<\/strong> 40g<br \/>\n<strong>Zusammensetzung:<\/strong> Kardamom, Ingwer, Zimt, Thymian, schwarzer Pfeffer, Zitronengras, Orangenschalen, Nelken<\/p>\n<p>1001 Organic investiert in die notwendige Infrastruktur sowie in die b\u00e4uerlichen Gemeinschaften und unterst\u00fctzt sie bei der Professionalisierung und Umstellung auf zertifizierten \u00f6kologischen Landbau. Durch regelm\u00e4ssige Schulungen und Zahlungen, die ein Vielfaches des \u00fcblichen Rohstoffpreises betragen, k\u00f6nnen unsere Bauern und ihre Familien von einem h\u00f6heren Lebensstandard profitieren.<\/p>\n<p><strong>Rezept zum Gew\u00fcrz<br \/>\n<\/strong>1001 Organic Chai Tee Latte ist die perfekte Mischung aus exotischen Gew\u00fcrzen, die W\u00e4rme und Wohlbefinden in die kalte Jahreszeit bringen. <a href=\"https:\/\/www.fleurop-home.ch\/de-ch\/chai-tee-latte\">Zum Rezept.<\/a><\/p>\n","protected":false},"excerpt":{"rendered":"<p>Authentisches Zanzibar Chai-Masala (koffeinfrei) f\u00fcr die Zugabe in Tee, Kaffee, Smoothies oder Backwaren.<\/p>\n","protected":false},"featured_media":61222,"template":"","meta":[],"product_brand":[],"product_cat":[47,995,984,1207,909,915,42,885],"product_tag":[949],"woo-feed-brand":[],"class_list":{"0":"post-59229","1":"product","2":"type-product","3":"status-publish","4":"has-post-thumbnail","6":"product_cat-kuechenaromen","7":"product_cat-essen-trinken","8":"product_cat-silvester","9":"product_cat-unter-25-chf","10":"product_cat-weihnachten","11":"product_cat-wichteln","12":"product_cat-kueche","13":"product_cat-koestlichkeiten","14":"product_tag-1001-organic","16":"first","17":"instock","18":"taxable","19":"shipping-taxable","20":"purchasable","21":"product-type-simple"},"_links":{"self":[{"href":"https:\/\/www.fleurop-home.ch\/de-ch\/wp-json\/wp\/v2\/product\/59229","targetHints":{"allow":["GET"]}}],"collection":[{"href":"https:\/\/www.fleurop-home.ch\/de-ch\/wp-json\/wp\/v2\/product"}],"about":[{"href":"https:\/\/www.fleurop-home.ch\/de-ch\/wp-json\/wp\/v2\/types\/product"}],"wp:featuredmedia":[{"embeddable":true,"href":"https:\/\/www.fleurop-home.ch\/de-ch\/wp-json\/wp\/v2\/media\/61222"}],"wp:attachment":[{"href":"https:\/\/www.fleurop-home.ch\/de-ch\/wp-json\/wp\/v2\/media?parent=59229"}],"wp:term":[{"taxonomy":"product_brand","embeddable":true,"href":"https:\/\/www.fleurop-home.ch\/de-ch\/wp-json\/wp\/v2\/product_brand?post=59229"},{"taxonomy":"product_cat","embeddable":true,"href":"https:\/\/www.fleurop-home.ch\/de-ch\/wp-json\/wp\/v2\/product_cat?post=59229"},{"taxonomy":"product_tag","embeddable":true,"href":"https:\/\/www.fleurop-home.ch\/de-ch\/wp-json\/wp\/v2\/product_tag?post=59229"},{"taxonomy":"woo-feed-brand","embeddable":true,"href":"https:\/\/www.fleurop-home.ch\/de-ch\/wp-json\/wp\/v2\/woo-feed-brand?post=59229"}],"curies":[{"name":"wp","href":"https:\/\/api.w.org\/{rel}","templated":true}]}}