{"id":58745,"date":"2025-07-01T12:02:46","date_gmt":"2025-07-01T10:02:46","guid":{"rendered":"https:\/\/www.fleurop-home.ch\/de-ch\/p\/lichterkette-vintage-365-8-led"},"modified":"2025-08-05T10:43:00","modified_gmt":"2025-08-05T08:43:00","slug":"lichterkette-vintage-365-8-led","status":"publish","type":"product","link":"https:\/\/www.fleurop-home.ch\/de-ch\/p\/lichterkette-vintage-365-8-led","title":{"rendered":"Lichterkette Vintage 365, 8 LED"},"content":{"rendered":"<p>Lichterkette aus Glas mit Gl\u00fchfaden-Effekt. Passt die Helligkeit automatisch an die Tageslichtmenge an. Sorgt das ganze Jahr \u00fcber f\u00fcr Licht. 8 x warmweisse LEDs<\/p>\n<p>Gesamtl\u00e4nge 5,5 m.<\/p>\n","protected":false},"excerpt":{"rendered":"<p>Lichterkette aus Glas mit Gl\u00fchfaden-Effekt.<\/p>\n","protected":false},"featured_media":59040,"template":"","meta":[],"product_brand":[],"product_cat":[108,23,28,34,35],"product_tag":[973],"woo-feed-brand":[],"class_list":{"0":"post-58745","1":"product","2":"type-product","3":"status-publish","4":"has-post-thumbnail","6":"product_cat-lichterketten-laternen","7":"product_cat-home-living","8":"product_cat-kerzen-lichter","9":"product_cat-garten-balkon","10":"product_cat-gartendeko","11":"product_tag-samen-mauser","13":"first","14":"instock","15":"taxable","16":"shipping-taxable","17":"purchasable","18":"product-type-simple"},"_links":{"self":[{"href":"https:\/\/www.fleurop-home.ch\/de-ch\/wp-json\/wp\/v2\/product\/58745","targetHints":{"allow":["GET"]}}],"collection":[{"href":"https:\/\/www.fleurop-home.ch\/de-ch\/wp-json\/wp\/v2\/product"}],"about":[{"href":"https:\/\/www.fleurop-home.ch\/de-ch\/wp-json\/wp\/v2\/types\/product"}],"wp:featuredmedia":[{"embeddable":true,"href":"https:\/\/www.fleurop-home.ch\/de-ch\/wp-json\/wp\/v2\/media\/59040"}],"wp:attachment":[{"href":"https:\/\/www.fleurop-home.ch\/de-ch\/wp-json\/wp\/v2\/media?parent=58745"}],"wp:term":[{"taxonomy":"product_brand","embeddable":true,"href":"https:\/\/www.fleurop-home.ch\/de-ch\/wp-json\/wp\/v2\/product_brand?post=58745"},{"taxonomy":"product_cat","embeddable":true,"href":"https:\/\/www.fleurop-home.ch\/de-ch\/wp-json\/wp\/v2\/product_cat?post=58745"},{"taxonomy":"product_tag","embeddable":true,"href":"https:\/\/www.fleurop-home.ch\/de-ch\/wp-json\/wp\/v2\/product_tag?post=58745"},{"taxonomy":"woo-feed-brand","embeddable":true,"href":"https:\/\/www.fleurop-home.ch\/de-ch\/wp-json\/wp\/v2\/woo-feed-brand?post=58745"}],"curies":[{"name":"wp","href":"https:\/\/api.w.org\/{rel}","templated":true}]}}