{"id":5846,"date":"2019-10-07T13:00:02","date_gmt":"2019-10-07T13:00:02","guid":{"rendered":"https:\/\/www.fleurop-home.ch\/?product=honigsolo-seed-honey"},"modified":"2026-02-05T14:38:51","modified_gmt":"2026-02-05T13:38:51","slug":"honigsolo-seed-honey","status":"publish","type":"product","link":"https:\/\/www.fleurop-home.ch\/de-ch\/p\/honigsolo-seed-honey","title":{"rendered":"Honigsolo &#171;Seed &amp; Honey&#187;"},"content":{"rendered":"<div id=\"magicdomid22\">\n<p style=\"text-align: left;\">Unser Honigsolo \u00abSeed &amp; Honey\u00bb besteht aus einem feinen Schweizer Bl\u00fctenhonig und f\u00fcnf Saatkugeln \u00abBienenschmaus\u00bb. Der Premiumhonig ist ein besonderer Genuss f\u00fcr uns Menschen und aus der Saatkugel entsteht Nahrung f\u00fcr die Bienen. Die Saatkugeln sind kleine B\u00e4llchen aus Erde, Lehm und Saatgut. Man kann die Saatkugeln entweder einpflanzen oder ganz einfach auf die Erde werfen, rollen oder legen. Der n\u00e4chste Regen weicht den Ball auf und aktiviert das Saatgut, das dann anf\u00e4ngt zu keimen und neue Nahrungsquellen f\u00fcr die Bienen erm\u00f6glicht. Entdecke einen herrlichen Spitzenhonig und schenke unseren Bienen Futter.<\/p>\n<p style=\"text-align: left;\">Ein tolles Geschenk f\u00fcr jeden, der Gutes tun und geniessen will!<\/p>\n<p style=\"text-align: left;\"><strong>Factbox:<\/strong><br \/>\nVerpackung: Holzbox aus Birke (L x B x H: 16.3 cm x 11.3 cm x 8.1 cm)<br \/>\nGlasgr\u00f6sse: 1 x 350g<br \/>\nHonigsorten: Schweizer Bl\u00fctenhonig<br \/>\nSaatkugeln: 5 St\u00fcck<\/p>\n<p style=\"text-align: left;\"><strong>N\u00e4hrwertinformationen:<br \/>\n<\/strong><a href=\"https:\/\/bee-family.com\/wp-content\/uploads\/2022\/09\/Naehrwertangaben.pdf\" target=\"_blank\" rel=\"noopener\">N\u00e4hrwertangaben Bee-Family<\/a><\/p>\n<p style=\"text-align: left;\"><strong>Allergikerhinweise:<br \/>\n<\/strong>Honig ist f\u00fcr Kinder unter 12 Monate nicht f\u00fcr den Verzehr geeignet!<\/p>\n<p style=\"text-align: left;\">\n<\/div>\n","protected":false},"excerpt":{"rendered":"<p>Honigsolo &#171;Seed &amp; Honey&#187;<\/p>\n","protected":false},"featured_media":5847,"template":"","meta":[],"product_brand":[],"product_cat":[101,1002,1023,910,1091,797,984,993,999,1088,909,916,42,885,52,1225,53],"product_tag":[291],"woo-feed-brand":[],"class_list":{"0":"post-5846","1":"product","2":"type-product","3":"status-publish","4":"has-post-thumbnail","6":"product_cat-honig","7":"product_cat-fuer-ihn","8":"product_cat-fuer-mama","9":"product_cat-geschenkideen","10":"product_cat-hobbykoch","11":"product_cat-muttertag","12":"product_cat-silvester","13":"product_cat-silvestergeschenke","14":"product_cat-valentinstag","15":"product_cat-vatertag","16":"product_cat-weihnachten","17":"product_cat-praesente","18":"product_cat-kueche","19":"product_cat-koestlichkeiten","20":"product_cat-geschenke","21":"product_cat-genuss","22":"product_cat-geschenksets","23":"product_tag-bee-family-ag","25":"first","26":"instock","27":"taxable","28":"shipping-taxable","29":"purchasable","30":"product-type-simple"},"_links":{"self":[{"href":"https:\/\/www.fleurop-home.ch\/de-ch\/wp-json\/wp\/v2\/product\/5846","targetHints":{"allow":["GET"]}}],"collection":[{"href":"https:\/\/www.fleurop-home.ch\/de-ch\/wp-json\/wp\/v2\/product"}],"about":[{"href":"https:\/\/www.fleurop-home.ch\/de-ch\/wp-json\/wp\/v2\/types\/product"}],"wp:featuredmedia":[{"embeddable":true,"href":"https:\/\/www.fleurop-home.ch\/de-ch\/wp-json\/wp\/v2\/media\/5847"}],"wp:attachment":[{"href":"https:\/\/www.fleurop-home.ch\/de-ch\/wp-json\/wp\/v2\/media?parent=5846"}],"wp:term":[{"taxonomy":"product_brand","embeddable":true,"href":"https:\/\/www.fleurop-home.ch\/de-ch\/wp-json\/wp\/v2\/product_brand?post=5846"},{"taxonomy":"product_cat","embeddable":true,"href":"https:\/\/www.fleurop-home.ch\/de-ch\/wp-json\/wp\/v2\/product_cat?post=5846"},{"taxonomy":"product_tag","embeddable":true,"href":"https:\/\/www.fleurop-home.ch\/de-ch\/wp-json\/wp\/v2\/product_tag?post=5846"},{"taxonomy":"woo-feed-brand","embeddable":true,"href":"https:\/\/www.fleurop-home.ch\/de-ch\/wp-json\/wp\/v2\/woo-feed-brand?post=5846"}],"curies":[{"name":"wp","href":"https:\/\/api.w.org\/{rel}","templated":true}]}}