{"id":5843,"date":"2019-10-03T13:02:34","date_gmt":"2019-10-03T13:02:34","guid":{"rendered":"https:\/\/www.fleurop-home.ch\/?product=honigkalender-honey-edition"},"modified":"2026-02-05T14:38:17","modified_gmt":"2026-02-05T13:38:17","slug":"honigkalender-honey-edition","status":"publish","type":"product","link":"https:\/\/www.fleurop-home.ch\/de-ch\/p\/honigkalender-honey-edition","title":{"rendered":"Honigkalender &#171;Honey Edition&#187;"},"content":{"rendered":"<div id=\"magicdomid22\" style=\"text-align: left;\">\n<p>\u00dcberrasche einen Menschen der Dir am Herzen liegt mit unserem grossen Bee-Family Honigkalender. Zw\u00f6lf erlesene Premiumhonige vereint in einem edlen Honiggeschenk der Extraklasse zeigt Wertsch\u00e4tzung und Zuneigung f\u00fcr ein ganzes (Lebens-)Jahr. Diese zw\u00f6lf s\u00fcssen Kostbarkeiten in unserer Bee-Family-Echtholzbox begeistern nicht nur optisch. Das edle Potpourri feinster Honige zeigt die ganze Vielfalt und Breite nat\u00fcrlichen Honiggeschmacks. Tauche ein in die aromatische Zauberwelt vielf\u00e4ltiger Honigsorten.<\/p>\n<p><strong>Factbox<br \/>\n<\/strong>Verpackung: Holzbox aus Birke (L x B x H: 33 cm x 24.5 cm x 7 cm)<br \/>\nGlasgr\u00f6sse: 12 x 140g<br \/>\nHonigsorten: Akazienhonig, Goldrutenhonig, Kastanienhonig, Korianderhonig, Lavendelhonig, Lindenbl\u00fctenhonig, Schweizer Bergbl\u00fctenhonig, Schweizer Bl\u00fctenhonig, Schweizer Waldhonig, Sonnenblumenhonig, Thymianhonig, Wildseidenhonig<\/p>\n<p><strong>N\u00e4hrwertinformationen:<br \/>\n<\/strong><a href=\"https:\/\/bee-family.com\/wp-content\/uploads\/2022\/09\/Naehrwertangaben.pdf\" target=\"_blank\" rel=\"noopener\">N\u00e4hrwertangaben Bee-Family<\/a><\/p>\n<\/div>\n<div style=\"text-align: left;\">\n<p><strong>Allergikerhinweise:<br \/>\n<\/strong>Honig ist f\u00fcr Kinder unter 12 Monaten nicht f\u00fcr den Verzehr geeignet!<\/p>\n<\/div>\n","protected":false},"excerpt":{"rendered":"<p>Honigkalender &#171;Honey Edition&#187;<\/p>\n","protected":false},"featured_media":5844,"template":"","meta":[],"product_brand":[],"product_cat":[101,910,1091,1088,909,916,42,885,52,1225,53],"product_tag":[291],"woo-feed-brand":[],"class_list":{"0":"post-5843","1":"product","2":"type-product","3":"status-publish","4":"has-post-thumbnail","6":"product_cat-honig","7":"product_cat-geschenkideen","8":"product_cat-hobbykoch","9":"product_cat-vatertag","10":"product_cat-weihnachten","11":"product_cat-praesente","12":"product_cat-kueche","13":"product_cat-koestlichkeiten","14":"product_cat-geschenke","15":"product_cat-genuss","16":"product_cat-geschenksets","17":"product_tag-bee-family-ag","19":"first","20":"instock","21":"taxable","22":"shipping-taxable","23":"purchasable","24":"product-type-simple"},"_links":{"self":[{"href":"https:\/\/www.fleurop-home.ch\/de-ch\/wp-json\/wp\/v2\/product\/5843","targetHints":{"allow":["GET"]}}],"collection":[{"href":"https:\/\/www.fleurop-home.ch\/de-ch\/wp-json\/wp\/v2\/product"}],"about":[{"href":"https:\/\/www.fleurop-home.ch\/de-ch\/wp-json\/wp\/v2\/types\/product"}],"wp:featuredmedia":[{"embeddable":true,"href":"https:\/\/www.fleurop-home.ch\/de-ch\/wp-json\/wp\/v2\/media\/5844"}],"wp:attachment":[{"href":"https:\/\/www.fleurop-home.ch\/de-ch\/wp-json\/wp\/v2\/media?parent=5843"}],"wp:term":[{"taxonomy":"product_brand","embeddable":true,"href":"https:\/\/www.fleurop-home.ch\/de-ch\/wp-json\/wp\/v2\/product_brand?post=5843"},{"taxonomy":"product_cat","embeddable":true,"href":"https:\/\/www.fleurop-home.ch\/de-ch\/wp-json\/wp\/v2\/product_cat?post=5843"},{"taxonomy":"product_tag","embeddable":true,"href":"https:\/\/www.fleurop-home.ch\/de-ch\/wp-json\/wp\/v2\/product_tag?post=5843"},{"taxonomy":"woo-feed-brand","embeddable":true,"href":"https:\/\/www.fleurop-home.ch\/de-ch\/wp-json\/wp\/v2\/woo-feed-brand?post=5843"}],"curies":[{"name":"wp","href":"https:\/\/api.w.org\/{rel}","templated":true}]}}