{"id":58411,"date":"2025-06-25T15:35:00","date_gmt":"2025-06-25T13:35:00","guid":{"rendered":"https:\/\/www.fleurop-home.ch\/de-ch\/?post_type=product&#038;p=58411"},"modified":"2025-07-03T09:10:08","modified_gmt":"2025-07-03T07:10:08","slug":"3er-set-sprossenglas-750ml-schale-weiss","status":"publish","type":"product","link":"https:\/\/www.fleurop-home.ch\/de-ch\/p\/3er-set-sprossenglas-750ml-schale-weiss","title":{"rendered":"3er Set Sprossenglas 750ml &#8211; Schale weiss"},"content":{"rendered":"<p>Diese drei Sprossengl\u00e4ser haben ein Fassungsverm\u00f6gen von je 750 ml. Jedes Sprossenglas hat ein feinmaschiges Sieb aus nickelfreiem Edelstahl und einen Schraubverschluss aus eloxiertem Aluminium. Das Abtropfgestell ist aus Edelstahl und die Abtropfschale in Keramik Weiss von sehr hochwertiger Qualit\u00e4t &#8211; hochgebrannt und lebensmittelecht glasiert. Alle Teile sind sp\u00fclmaschinenfest.<\/p>\n<p>Mit diesem Sprossenglas-System gelingt dir eine m\u00fchelose und\u00a0hygienisch saubere Sprossenzucht\u00a0ohne Erde: Die schr\u00e4ge Position der Keimgl\u00e4ser garantiert dir die fortw\u00e4hrende Frische der Sprossen, da das Wasser ablaufen (Vermeidung von Staun\u00e4sse) und Luft zirkulieren kann (feinmaschiges Sieb). Die Keramikschale f\u00e4ngt das Abtropfwasser auf, so dass das System an jeden beliebigen Platz gestellt werden kann. Die Saaten werden im Sprossenglas eingeweicht, gesp\u00fclt und bis zur Ernte gezogen.<\/p>\n<p>Bitte beachte, dass diese Sprossengl\u00e4ser\u00a0nicht f\u00fcr schleimbildende Saaten geeignet\u00a0sind. Schleimbildende Saaten sind z.B. Kresse, Rucola, Senf, Chia und Leinsamen, die einen &#171;ruhenden Boden&#187; beanspruchen. Hierf\u00fcr eignen sich Kressesiebe.<\/p>\n<p><strong>Inhalt:<\/strong><\/p>\n<ul>\n<li>3 Eschenfelder Sprossengl\u00e4ser<\/li>\n<li>1 Abtropfgestell<\/li>\n<li>1 Weisse Abtropfschale<\/li>\n<\/ul>\n","protected":false},"excerpt":{"rendered":"<p data-start=\"77\" data-end=\"291\">Du willst n\u00e4hrstoffreiche Sprossen ganz unkompliziert zu Hause ziehen? Mit dem Sprossenglas-System von Eschenfelder gelingt dir das kinderleicht \u2013 sauber, hygienisch und ohne M\u00fche.<\/p>\n","protected":false},"featured_media":58836,"template":"","meta":[],"product_brand":[],"product_cat":[44,42],"product_tag":[325],"woo-feed-brand":[],"class_list":{"0":"post-58411","1":"product","2":"type-product","3":"status-publish","4":"has-post-thumbnail","6":"product_cat-kuechenhelfer","7":"product_cat-kueche","8":"product_tag-veg-and-the-city","10":"first","11":"instock","12":"taxable","13":"shipping-taxable","14":"purchasable","15":"product-type-simple"},"_links":{"self":[{"href":"https:\/\/www.fleurop-home.ch\/de-ch\/wp-json\/wp\/v2\/product\/58411","targetHints":{"allow":["GET"]}}],"collection":[{"href":"https:\/\/www.fleurop-home.ch\/de-ch\/wp-json\/wp\/v2\/product"}],"about":[{"href":"https:\/\/www.fleurop-home.ch\/de-ch\/wp-json\/wp\/v2\/types\/product"}],"wp:featuredmedia":[{"embeddable":true,"href":"https:\/\/www.fleurop-home.ch\/de-ch\/wp-json\/wp\/v2\/media\/58836"}],"wp:attachment":[{"href":"https:\/\/www.fleurop-home.ch\/de-ch\/wp-json\/wp\/v2\/media?parent=58411"}],"wp:term":[{"taxonomy":"product_brand","embeddable":true,"href":"https:\/\/www.fleurop-home.ch\/de-ch\/wp-json\/wp\/v2\/product_brand?post=58411"},{"taxonomy":"product_cat","embeddable":true,"href":"https:\/\/www.fleurop-home.ch\/de-ch\/wp-json\/wp\/v2\/product_cat?post=58411"},{"taxonomy":"product_tag","embeddable":true,"href":"https:\/\/www.fleurop-home.ch\/de-ch\/wp-json\/wp\/v2\/product_tag?post=58411"},{"taxonomy":"woo-feed-brand","embeddable":true,"href":"https:\/\/www.fleurop-home.ch\/de-ch\/wp-json\/wp\/v2\/woo-feed-brand?post=58411"}],"curies":[{"name":"wp","href":"https:\/\/api.w.org\/{rel}","templated":true}]}}