{"id":58396,"date":"2025-06-25T14:33:02","date_gmt":"2025-06-25T12:33:02","guid":{"rendered":"https:\/\/www.fleurop-home.ch\/de-ch\/?post_type=product&#038;p=58396"},"modified":"2025-07-30T09:06:28","modified_gmt":"2025-07-30T07:06:28","slug":"sprossenglas-750ml-schale-weiss","status":"publish","type":"product","link":"https:\/\/www.fleurop-home.ch\/de-ch\/p\/sprossenglas-750ml-schale-weiss","title":{"rendered":"Sprossenglas, 750ml &#8211; Schale weiss"},"content":{"rendered":"<p>Die schr\u00e4ge Position des Keimglases sorgt daf\u00fcr, dass das Wasser ablaufen kann. Das feinmaschige Sieb unterst\u00fctzt die Luftzirkulation. Die Keramikschale f\u00e4ngt das Abtropfwasser auf, so dass das System an jeden beliebigen Platz gestellt werden kann. Die Saaten werden im Sprossenglas eingeweicht, gesp\u00fclt und bis zur Ernte gezogen. Bitte beachte, dass diese Sprossengl\u00e4ser nicht f\u00fcr schleimbildende Saaten geeignet sind. Schleimbildende Saaten sind z.B. Kresse, Rucola, Senf, Chia und Leinsamen, die einen &#171;ruhenden Boden&#187; beanspruchen. Hierf\u00fcr eignen sich Kressesiebe.<\/p>\n<p><strong>Inhalt:<\/strong><\/p>\n<ul>\n<li>1x Sprossenglas<\/li>\n<li>1x Abtropfgestell (Edelstahl)<\/li>\n<li>1x Abtropschale (Keramik)<\/li>\n<\/ul>\n<p><strong>Fassungsverm\u00f6gen:<\/strong>\u00a0750 ml<\/p>\n<p><strong>Anleitung Sprossenanzucht:<\/strong><\/p>\n<ul>\n<li>Keimsaaten ca. 8-12 Stunden in Wasser einweichen<\/li>\n<li>Wasser abgiessen und Sprossenglas schr\u00e4g auf das Abtropfgestell stellen<\/li>\n<li>Sprossen 2x t\u00e4glich mit frischem Wasser durchsp\u00fclen, Wasser danach ausgiessen<\/li>\n<li>Ernte nach 5-8 Tagen (abh\u00e4ngig von der Sprossensorte)<\/li>\n<\/ul>\n","protected":false},"excerpt":{"rendered":"<p data-start=\"77\" data-end=\"291\">Lust auf frische und vitalstoffreiche Sprossen aus eigener Zucht? Das Sprossenglas-System von Eschenfelder macht es dir leicht \u2013 unkompliziert, sauber und absolut hygienisch gelingt dir die Anzucht im Handumdrehen.<\/p>\n","protected":false},"featured_media":58397,"template":"","meta":[],"product_brand":[],"product_cat":[44,42],"product_tag":[325],"woo-feed-brand":[],"class_list":{"0":"post-58396","1":"product","2":"type-product","3":"status-publish","4":"has-post-thumbnail","6":"product_cat-kuechenhelfer","7":"product_cat-kueche","8":"product_tag-veg-and-the-city","10":"first","11":"instock","12":"taxable","13":"shipping-taxable","14":"purchasable","15":"product-type-simple"},"_links":{"self":[{"href":"https:\/\/www.fleurop-home.ch\/de-ch\/wp-json\/wp\/v2\/product\/58396","targetHints":{"allow":["GET"]}}],"collection":[{"href":"https:\/\/www.fleurop-home.ch\/de-ch\/wp-json\/wp\/v2\/product"}],"about":[{"href":"https:\/\/www.fleurop-home.ch\/de-ch\/wp-json\/wp\/v2\/types\/product"}],"wp:featuredmedia":[{"embeddable":true,"href":"https:\/\/www.fleurop-home.ch\/de-ch\/wp-json\/wp\/v2\/media\/58397"}],"wp:attachment":[{"href":"https:\/\/www.fleurop-home.ch\/de-ch\/wp-json\/wp\/v2\/media?parent=58396"}],"wp:term":[{"taxonomy":"product_brand","embeddable":true,"href":"https:\/\/www.fleurop-home.ch\/de-ch\/wp-json\/wp\/v2\/product_brand?post=58396"},{"taxonomy":"product_cat","embeddable":true,"href":"https:\/\/www.fleurop-home.ch\/de-ch\/wp-json\/wp\/v2\/product_cat?post=58396"},{"taxonomy":"product_tag","embeddable":true,"href":"https:\/\/www.fleurop-home.ch\/de-ch\/wp-json\/wp\/v2\/product_tag?post=58396"},{"taxonomy":"woo-feed-brand","embeddable":true,"href":"https:\/\/www.fleurop-home.ch\/de-ch\/wp-json\/wp\/v2\/woo-feed-brand?post=58396"}],"curies":[{"name":"wp","href":"https:\/\/api.w.org\/{rel}","templated":true}]}}