{"id":58389,"date":"2025-06-25T13:39:27","date_gmt":"2025-06-25T11:39:27","guid":{"rendered":"https:\/\/www.fleurop-home.ch\/de-ch\/?post_type=product&#038;p=58389"},"modified":"2025-07-30T09:06:41","modified_gmt":"2025-07-30T07:06:41","slug":"2er-set-sprossenglas-1000ml-schale-anthrazit","status":"publish","type":"product","link":"https:\/\/www.fleurop-home.ch\/de-ch\/p\/2er-set-sprossenglas-1000ml-schale-anthrazit","title":{"rendered":"2er Set Sprossenglas 1000ml &#8211; Schale anthrazit"},"content":{"rendered":"<p>Diese zwei Sprossengl\u00e4ser haben ein Fassungsverm\u00f6gen von je 1000 ml. Jedes Sprossenglas hat ein feinmaschiges Sieb und einen Schraubverschluss aus nickelfreiem Edelstahl. Das Abtropfgestell besteht ebenfalls aus Edelstahl und die anthrazitfarbene Abtropfschale aus Keramik von sehr hochwertiger Qualit\u00e4t &#8211; hochgebrannt und lebensmittelecht glasiert. Alle Teile sind sp\u00fclmaschinenfest.<\/p>\n<p>Mit diesem Sprossenglas-System gelingt dir eine m\u00fchelose und hygienisch saubere Sprossenzucht ohne Erde: Die schr\u00e4ge Position der Keimgl\u00e4ser garantiert dir die fortw\u00e4hrende Frische der Sprossen, da das Wasser ablaufen (Vermeidung von Staun\u00e4sse) und Luft zirkulieren kann (feinmaschiges Sieb). Die Keramikschale f\u00e4ngt das Abtropfwasser auf, so dass das System an jeden beliebigen Platz gestellt werden kann.<\/p>\n<p>Die Saaten werden im Sprossenglas eingeweicht, gesp\u00fclt und bis zur Ernte gezogen. Bitte beachte, dass diese Sprossengl\u00e4ser nicht f\u00fcr schleimbildende Saaten geeignet sind. Schleimbildende Saaten sind z.B. Kresse, Rucola, Senf, Chia und Leinsamen, die einen &#171;ruhenden Boden&#187; beanspruchen. Hierf\u00fcr eignen sich Kressesiebe.<\/p>\n<p><strong>Und so gelingt es dir:<\/strong> Weiche die Keimsaat ca. 8-12 Stunden in Wasser ein (Kleine Saaten wie Alfalfa, Radieschen 1.5 Essl\u00f6ffel, grosse Saaten wie Mungobohnen, Kichererbsen 2-3 Essl\u00f6ffel). Danach giesst du das Wasser aus und stellst das Glas schr\u00e4g. Sp\u00fcle die Sprossen zweimal am Tag mit frischem Wasser durch. Giesse nach dem Sp\u00fclen das Wasser aus. Stelle das Sprossenglas erneut schr\u00e4g hin, damit das \u00fcbersch\u00fcssige Wasser abtropfen und Luft zirkulieren kann.<\/p>\n<p>Ernten kannst du nach 5-8 Tagen, Sonnenblumen-, Kichererbsen- und Linsensprossen sogar bereits nach 2-3 Tagen.<\/p>\n<p><strong>Inhalt:<\/strong><\/p>\n<p>2 Eschenfelder Sprossengl\u00e4ser \u00e0 1000 ml<\/p>\n<p>1 Abtropfgestell aus Edelstahl<\/p>\n<p>1 Anthrazitfarbene Abtropfschale aus Keramik<\/p>\n","protected":false},"excerpt":{"rendered":"<p data-start=\"77\" data-end=\"291\">Lust auf frische und vitalstoffreiche Sprossen aus eigener Zucht? Das Sprossenglas-System von Eschenfelder macht es dir leicht \u2013 unkompliziert, sauber und absolut hygienisch gelingt dir die Anzucht im Handumdrehen.<\/p>\n","protected":false},"featured_media":58390,"template":"","meta":[],"product_brand":[],"product_cat":[44,42],"product_tag":[325],"woo-feed-brand":[],"class_list":{"0":"post-58389","1":"product","2":"type-product","3":"status-publish","4":"has-post-thumbnail","6":"product_cat-kuechenhelfer","7":"product_cat-kueche","8":"product_tag-veg-and-the-city","10":"first","11":"instock","12":"taxable","13":"shipping-taxable","14":"purchasable","15":"product-type-simple"},"_links":{"self":[{"href":"https:\/\/www.fleurop-home.ch\/de-ch\/wp-json\/wp\/v2\/product\/58389","targetHints":{"allow":["GET"]}}],"collection":[{"href":"https:\/\/www.fleurop-home.ch\/de-ch\/wp-json\/wp\/v2\/product"}],"about":[{"href":"https:\/\/www.fleurop-home.ch\/de-ch\/wp-json\/wp\/v2\/types\/product"}],"wp:featuredmedia":[{"embeddable":true,"href":"https:\/\/www.fleurop-home.ch\/de-ch\/wp-json\/wp\/v2\/media\/58390"}],"wp:attachment":[{"href":"https:\/\/www.fleurop-home.ch\/de-ch\/wp-json\/wp\/v2\/media?parent=58389"}],"wp:term":[{"taxonomy":"product_brand","embeddable":true,"href":"https:\/\/www.fleurop-home.ch\/de-ch\/wp-json\/wp\/v2\/product_brand?post=58389"},{"taxonomy":"product_cat","embeddable":true,"href":"https:\/\/www.fleurop-home.ch\/de-ch\/wp-json\/wp\/v2\/product_cat?post=58389"},{"taxonomy":"product_tag","embeddable":true,"href":"https:\/\/www.fleurop-home.ch\/de-ch\/wp-json\/wp\/v2\/product_tag?post=58389"},{"taxonomy":"woo-feed-brand","embeddable":true,"href":"https:\/\/www.fleurop-home.ch\/de-ch\/wp-json\/wp\/v2\/woo-feed-brand?post=58389"}],"curies":[{"name":"wp","href":"https:\/\/api.w.org\/{rel}","templated":true}]}}