{"id":58377,"date":"2025-06-25T11:33:11","date_gmt":"2025-06-25T09:33:11","guid":{"rendered":"https:\/\/www.fleurop-home.ch\/de-ch\/?post_type=product&#038;p=58377"},"modified":"2026-04-16T13:08:22","modified_gmt":"2026-04-16T11:08:22","slug":"diy-blumenmurmel-kit-fuer-ca-30-seedballs","status":"publish","type":"product","link":"https:\/\/www.fleurop-home.ch\/de-ch\/p\/diy-blumenmurmel-kit-fuer-ca-30-seedballs","title":{"rendered":"DIY Blumenmurmel Kit f\u00fcr ca. 30 Seedballs"},"content":{"rendered":"<p>Seedballs sind kleine Kugeln aus Erde, Lehm und Saatgut. Man muss sie nicht einpflanzen, sondern kann sie einfach an die gew\u00fcnschte Stelle werfen und sich darauf freuen, dass schon ganz bald sch\u00f6ne, bunte Blumen daraus wachsen.<\/p>\n<p>Mit diesem DIY Kit kannst du Seedballs ganz einfach selber machen. Das Set reicht etwa f\u00fcr die Herstellung von 30 Blumenmurmeln und enth\u00e4lt eine Saatgutmischung, nahrhafte Gartenerde, Ton- bzw. Lehmpulver sowie eine ausf\u00fchrliche Anleitung. Die Herstellung sowie das Auswerfen der fertigen Seedballs sind ein riesen Spass f\u00fcr die ganze Familie.<\/p>\n<p><strong>Enthaltenes Saatgut:\u00a0<\/strong>Kornblume, M\u00e4dchenauge, Hundszunge, Sommeraster, F\u00e4rberkamille, Engelwurz, Silberkraut, Konrade, Adonisr\u00f6schen, Schafgarbe, Ringelblume, Sonnenblume, Oregano und Klatschmohn.<\/p>\n<p><strong>Inhalt:<\/strong>\u00a0Saatgutmischung, nahrhafte Gartenerde, Ton- bzw. Lehmpulver, Anleitung (der Inhalt reicht f\u00fcr ca. 30 Blumenmurmeln)<\/p>\n","protected":false},"excerpt":{"rendered":"<p>Bring Farbe in die Welt und zaubere ein L\u00e4cheln auf die Gesichter von Bienen und Insekten \u2013 mit selbstgemachten Seedballs! Dieses DIY-Set enth\u00e4lt alles, was du brauchst, um rund 30 bunte Blumenmurmeln herzustellen \u2013 ein kreativer Spass f\u00fcr Gross und Klein.<\/p>\n","protected":false},"featured_media":58378,"template":"","meta":[],"product_brand":[],"product_cat":[110,23,1263,1196,1208,909,29,915,34,1122,41,59,939],"product_tag":[325],"woo-feed-brand":[],"class_list":{"0":"post-58377","1":"product","2":"type-product","3":"status-publish","4":"has-post-thumbnail","6":"product_cat-samen","7":"product_cat-home-living","8":"product_cat-fleuropkids","9":"product_cat-natur-deko","10":"product_cat-ueber-25-chf","11":"product_cat-weihnachten","12":"product_cat-do-it-yourself","13":"product_cat-wichteln","14":"product_cat-garten-balkon","15":"product_cat-kids-im-gruenen","16":"product_cat-outdoorpflanzen","17":"product_cat-kids","18":"product_cat-kindergeschenke","19":"product_tag-veg-and-the-city","21":"first","22":"instock","23":"taxable","24":"shipping-taxable","25":"purchasable","26":"product-type-simple"},"_links":{"self":[{"href":"https:\/\/www.fleurop-home.ch\/de-ch\/wp-json\/wp\/v2\/product\/58377","targetHints":{"allow":["GET"]}}],"collection":[{"href":"https:\/\/www.fleurop-home.ch\/de-ch\/wp-json\/wp\/v2\/product"}],"about":[{"href":"https:\/\/www.fleurop-home.ch\/de-ch\/wp-json\/wp\/v2\/types\/product"}],"wp:featuredmedia":[{"embeddable":true,"href":"https:\/\/www.fleurop-home.ch\/de-ch\/wp-json\/wp\/v2\/media\/58378"}],"wp:attachment":[{"href":"https:\/\/www.fleurop-home.ch\/de-ch\/wp-json\/wp\/v2\/media?parent=58377"}],"wp:term":[{"taxonomy":"product_brand","embeddable":true,"href":"https:\/\/www.fleurop-home.ch\/de-ch\/wp-json\/wp\/v2\/product_brand?post=58377"},{"taxonomy":"product_cat","embeddable":true,"href":"https:\/\/www.fleurop-home.ch\/de-ch\/wp-json\/wp\/v2\/product_cat?post=58377"},{"taxonomy":"product_tag","embeddable":true,"href":"https:\/\/www.fleurop-home.ch\/de-ch\/wp-json\/wp\/v2\/product_tag?post=58377"},{"taxonomy":"woo-feed-brand","embeddable":true,"href":"https:\/\/www.fleurop-home.ch\/de-ch\/wp-json\/wp\/v2\/woo-feed-brand?post=58377"}],"curies":[{"name":"wp","href":"https:\/\/api.w.org\/{rel}","templated":true}]}}