{"id":58363,"date":"2025-07-01T16:26:28","date_gmt":"2025-07-01T14:26:28","guid":{"rendered":"https:\/\/www.fleurop-home.ch\/de-ch\/p\/vogelfutterhaus-emmental-mittel-fsc"},"modified":"2025-08-05T10:49:29","modified_gmt":"2025-08-05T08:49:29","slug":"vogelfutterhaus-emmental-mittel-fsc","status":"publish","type":"product","link":"https:\/\/www.fleurop-home.ch\/de-ch\/p\/vogelfutterhaus-emmental-mittel-fsc","title":{"rendered":"Vogelfutterhaus Emmental mittel FSC"},"content":{"rendered":"<p>Unser Vogelfutterhaus Emmental pr\u00e4sentiert sich als charmantes Vogelrefugium aus braun lasierter Tanne. Das mit Schindeln gedeckte Dach verleiht ihm nicht nur einen rustikalen Touch, sondern bietet auch Schutz vor den Elementen. Zwei Futterstellen mit Plexiglasscheiben und einem Futterkeil sorgen f\u00fcr einen komfortablen Zugang f\u00fcr gefiederte Besucher. M\u00fchelos an einem beliebigen Ort aufgeh\u00e4ngt, dank der beigef\u00fcgten Ringschraube, wird dieses Vogelfutterhaus zu einem eleganten Blickfang in deinem Garten.<\/p>\n<p>Gr\u00f6sse: 410 x 350 x 300 mm<\/p>\n","protected":false},"excerpt":{"rendered":"<p>Unser Vogelfutterhaus Emmental pr\u00e4sentiert sich als charmantes Vogelrefugium aus braun lasierter Tanne.<\/p>\n","protected":false},"featured_media":58622,"template":"","meta":[],"product_brand":[],"product_cat":[1113,34],"product_tag":[973],"woo-feed-brand":[],"class_list":{"0":"post-58363","1":"product","2":"type-product","3":"status-publish","4":"has-post-thumbnail","6":"product_cat-gartenbewohner","7":"product_cat-garten-balkon","8":"product_tag-samen-mauser","10":"first","11":"instock","12":"taxable","13":"shipping-taxable","14":"purchasable","15":"product-type-simple"},"_links":{"self":[{"href":"https:\/\/www.fleurop-home.ch\/de-ch\/wp-json\/wp\/v2\/product\/58363","targetHints":{"allow":["GET"]}}],"collection":[{"href":"https:\/\/www.fleurop-home.ch\/de-ch\/wp-json\/wp\/v2\/product"}],"about":[{"href":"https:\/\/www.fleurop-home.ch\/de-ch\/wp-json\/wp\/v2\/types\/product"}],"wp:featuredmedia":[{"embeddable":true,"href":"https:\/\/www.fleurop-home.ch\/de-ch\/wp-json\/wp\/v2\/media\/58622"}],"wp:attachment":[{"href":"https:\/\/www.fleurop-home.ch\/de-ch\/wp-json\/wp\/v2\/media?parent=58363"}],"wp:term":[{"taxonomy":"product_brand","embeddable":true,"href":"https:\/\/www.fleurop-home.ch\/de-ch\/wp-json\/wp\/v2\/product_brand?post=58363"},{"taxonomy":"product_cat","embeddable":true,"href":"https:\/\/www.fleurop-home.ch\/de-ch\/wp-json\/wp\/v2\/product_cat?post=58363"},{"taxonomy":"product_tag","embeddable":true,"href":"https:\/\/www.fleurop-home.ch\/de-ch\/wp-json\/wp\/v2\/product_tag?post=58363"},{"taxonomy":"woo-feed-brand","embeddable":true,"href":"https:\/\/www.fleurop-home.ch\/de-ch\/wp-json\/wp\/v2\/woo-feed-brand?post=58363"}],"curies":[{"name":"wp","href":"https:\/\/api.w.org\/{rel}","templated":true}]}}