{"id":58362,"date":"2025-07-01T16:26:28","date_gmt":"2025-07-01T14:26:28","guid":{"rendered":"https:\/\/www.fleurop-home.ch\/de-ch\/p\/dreibein-holzstnder-zu-futterhuser"},"modified":"2025-08-05T10:49:23","modified_gmt":"2025-08-05T08:49:23","slug":"dreibein-holzstaender-zu-futterhaeuser","status":"publish","type":"product","link":"https:\/\/www.fleurop-home.ch\/de-ch\/p\/dreibein-holzstaender-zu-futterhaeuser","title":{"rendered":"Dreibein-Holzst\u00e4nder zu Futterh\u00e4user"},"content":{"rendered":"<p>Unser Dreibein-Holzst\u00e4nder, hergestellt aus Fichtenholz, ist die ideale Erg\u00e4nzung f\u00fcr Vogelfutterh\u00e4user mit Pfahlhalterung. Mit einer H\u00f6he von 120 cm bietet er eine perfekte Sicht auf die gefiederten Besucher. Der St\u00e4nder ist aufklappbar und passt zu allen FSC aufgef\u00fchrten Modellen. Mit Lochdurchmessern von \u00d8 60 mm und 40 mm ist er vielseitig einsetzbar und bietet einen sicheren Halt f\u00fcr dein Vogelfutterhaus.<\/p>\n","protected":false},"excerpt":{"rendered":"<p>Unser Dreibein-Holzst\u00e4nder, hergestellt aus Fichtenholz, ist die ideale Erg\u00e4nzung f\u00fcr Vogelfutterh\u00e4user mit Pfahlhalterung.<\/p>\n","protected":false},"featured_media":58623,"template":"","meta":[],"product_brand":[],"product_cat":[1113,34],"product_tag":[973],"woo-feed-brand":[],"class_list":{"0":"post-58362","1":"product","2":"type-product","3":"status-publish","4":"has-post-thumbnail","6":"product_cat-gartenbewohner","7":"product_cat-garten-balkon","8":"product_tag-samen-mauser","10":"first","11":"instock","12":"taxable","13":"shipping-taxable","14":"purchasable","15":"product-type-simple"},"_links":{"self":[{"href":"https:\/\/www.fleurop-home.ch\/de-ch\/wp-json\/wp\/v2\/product\/58362","targetHints":{"allow":["GET"]}}],"collection":[{"href":"https:\/\/www.fleurop-home.ch\/de-ch\/wp-json\/wp\/v2\/product"}],"about":[{"href":"https:\/\/www.fleurop-home.ch\/de-ch\/wp-json\/wp\/v2\/types\/product"}],"wp:featuredmedia":[{"embeddable":true,"href":"https:\/\/www.fleurop-home.ch\/de-ch\/wp-json\/wp\/v2\/media\/58623"}],"wp:attachment":[{"href":"https:\/\/www.fleurop-home.ch\/de-ch\/wp-json\/wp\/v2\/media?parent=58362"}],"wp:term":[{"taxonomy":"product_brand","embeddable":true,"href":"https:\/\/www.fleurop-home.ch\/de-ch\/wp-json\/wp\/v2\/product_brand?post=58362"},{"taxonomy":"product_cat","embeddable":true,"href":"https:\/\/www.fleurop-home.ch\/de-ch\/wp-json\/wp\/v2\/product_cat?post=58362"},{"taxonomy":"product_tag","embeddable":true,"href":"https:\/\/www.fleurop-home.ch\/de-ch\/wp-json\/wp\/v2\/product_tag?post=58362"},{"taxonomy":"woo-feed-brand","embeddable":true,"href":"https:\/\/www.fleurop-home.ch\/de-ch\/wp-json\/wp\/v2\/woo-feed-brand?post=58362"}],"curies":[{"name":"wp","href":"https:\/\/api.w.org\/{rel}","templated":true}]}}