{"id":58357,"date":"2025-07-01T16:26:27","date_gmt":"2025-07-01T14:26:27","guid":{"rendered":"https:\/\/www.fleurop-home.ch\/de-ch\/p\/vogelfutterhaus-chalet-fsc"},"modified":"2025-08-05T10:49:52","modified_gmt":"2025-08-05T08:49:52","slug":"vogelfutterhaus-chalet-fsc","status":"publish","type":"product","link":"https:\/\/www.fleurop-home.ch\/de-ch\/p\/vogelfutterhaus-chalet-fsc","title":{"rendered":"Vogelfutterhaus Chalet FSC"},"content":{"rendered":"<p>Unser Vogelfutterhaus in Blockbauweise ist aus hochwertigem, gehobeltem Schweizer Tannenholz gefertigt und bietet eine rustikale und charmante Erg\u00e4nzung f\u00fcr deinen Garten. Die aufklappbare Dachkonstruktion erleichtert das Nachf\u00fcllen und Reinigen. H\u00e4nge es an einem beliebigen Ort auf, um eine authentische Futterstation f\u00fcr V\u00f6gel zu schaffen.<\/p>\n<p>Gr\u00f6sse: 290 x 220 x 210 mm<\/p>\n","protected":false},"excerpt":{"rendered":"<p>Gr\u00f6sse: 290 x 220 x 210 mm<\/p>\n","protected":false},"featured_media":58628,"template":"","meta":[],"product_brand":[],"product_cat":[1113,34],"product_tag":[973],"woo-feed-brand":[],"class_list":{"0":"post-58357","1":"product","2":"type-product","3":"status-publish","4":"has-post-thumbnail","6":"product_cat-gartenbewohner","7":"product_cat-garten-balkon","8":"product_tag-samen-mauser","10":"first","11":"instock","12":"taxable","13":"shipping-taxable","14":"purchasable","15":"product-type-simple"},"_links":{"self":[{"href":"https:\/\/www.fleurop-home.ch\/de-ch\/wp-json\/wp\/v2\/product\/58357","targetHints":{"allow":["GET"]}}],"collection":[{"href":"https:\/\/www.fleurop-home.ch\/de-ch\/wp-json\/wp\/v2\/product"}],"about":[{"href":"https:\/\/www.fleurop-home.ch\/de-ch\/wp-json\/wp\/v2\/types\/product"}],"wp:featuredmedia":[{"embeddable":true,"href":"https:\/\/www.fleurop-home.ch\/de-ch\/wp-json\/wp\/v2\/media\/58628"}],"wp:attachment":[{"href":"https:\/\/www.fleurop-home.ch\/de-ch\/wp-json\/wp\/v2\/media?parent=58357"}],"wp:term":[{"taxonomy":"product_brand","embeddable":true,"href":"https:\/\/www.fleurop-home.ch\/de-ch\/wp-json\/wp\/v2\/product_brand?post=58357"},{"taxonomy":"product_cat","embeddable":true,"href":"https:\/\/www.fleurop-home.ch\/de-ch\/wp-json\/wp\/v2\/product_cat?post=58357"},{"taxonomy":"product_tag","embeddable":true,"href":"https:\/\/www.fleurop-home.ch\/de-ch\/wp-json\/wp\/v2\/product_tag?post=58357"},{"taxonomy":"woo-feed-brand","embeddable":true,"href":"https:\/\/www.fleurop-home.ch\/de-ch\/wp-json\/wp\/v2\/woo-feed-brand?post=58357"}],"curies":[{"name":"wp","href":"https:\/\/api.w.org\/{rel}","templated":true}]}}