{"id":58354,"date":"2025-07-01T16:26:26","date_gmt":"2025-07-01T14:26:26","guid":{"rendered":"https:\/\/www.fleurop-home.ch\/de-ch\/p\/fledermauskasten"},"modified":"2026-04-22T11:34:06","modified_gmt":"2026-04-22T09:34:06","slug":"fledermauskasten","status":"publish","type":"product","link":"https:\/\/www.fleurop-home.ch\/de-ch\/p\/fledermauskasten","title":{"rendered":"Fledermauskasten"},"content":{"rendered":"<p>Biete den nat\u00fcrlichen Insektenfressern ein Zuhause mit unserem Fledermauskasten. Hergestellt aus unbehandelten, massiven Fichtenplatten, ist dieser Kasten sorgf\u00e4ltig zusammengeschraubt, um einen sicheren und gem\u00fctlichen Unterschlupf f\u00fcr Flederm\u00e4use zu schaffen. Platziere ihn an einem geeigneten Ort und f\u00f6rdere so die \u00f6kologische Balance, indem du den wichtigen Beitrag der Flederm\u00e4use zur Kontrolle von Insektenpopulationen unterst\u00fctzen. Mit Klappdeckel, R\u00fcckwand und Deckel. Aufh\u00e4nge- und Anschraubvorrichtung sind dabei.<\/p>\n","protected":false},"excerpt":{"rendered":"<p>Biete den nat\u00fcrlichen Insektenfressern ein Zuhause mit unserem Fledermauskasten.<\/p>\n","protected":false},"featured_media":58631,"template":"","meta":[],"product_brand":[],"product_cat":[1113,1263,1266,1267,34],"product_tag":[973],"woo-feed-brand":[],"class_list":{"0":"post-58354","1":"product","2":"type-product","3":"status-publish","4":"has-post-thumbnail","6":"product_cat-gartenbewohner","7":"product_cat-fleuropkids","8":"product_cat-garten-outdoor","9":"product_cat-tiere-lebensraeume","10":"product_cat-garten-balkon","11":"product_tag-samen-mauser","13":"first","14":"instock","15":"taxable","16":"shipping-taxable","17":"purchasable","18":"product-type-simple"},"_links":{"self":[{"href":"https:\/\/www.fleurop-home.ch\/de-ch\/wp-json\/wp\/v2\/product\/58354","targetHints":{"allow":["GET"]}}],"collection":[{"href":"https:\/\/www.fleurop-home.ch\/de-ch\/wp-json\/wp\/v2\/product"}],"about":[{"href":"https:\/\/www.fleurop-home.ch\/de-ch\/wp-json\/wp\/v2\/types\/product"}],"wp:featuredmedia":[{"embeddable":true,"href":"https:\/\/www.fleurop-home.ch\/de-ch\/wp-json\/wp\/v2\/media\/58631"}],"wp:attachment":[{"href":"https:\/\/www.fleurop-home.ch\/de-ch\/wp-json\/wp\/v2\/media?parent=58354"}],"wp:term":[{"taxonomy":"product_brand","embeddable":true,"href":"https:\/\/www.fleurop-home.ch\/de-ch\/wp-json\/wp\/v2\/product_brand?post=58354"},{"taxonomy":"product_cat","embeddable":true,"href":"https:\/\/www.fleurop-home.ch\/de-ch\/wp-json\/wp\/v2\/product_cat?post=58354"},{"taxonomy":"product_tag","embeddable":true,"href":"https:\/\/www.fleurop-home.ch\/de-ch\/wp-json\/wp\/v2\/product_tag?post=58354"},{"taxonomy":"woo-feed-brand","embeddable":true,"href":"https:\/\/www.fleurop-home.ch\/de-ch\/wp-json\/wp\/v2\/woo-feed-brand?post=58354"}],"curies":[{"name":"wp","href":"https:\/\/api.w.org\/{rel}","templated":true}]}}