{"id":58352,"date":"2025-06-25T10:06:12","date_gmt":"2025-06-25T08:06:12","guid":{"rendered":"https:\/\/www.fleurop-home.ch\/de-ch\/p\/frostwchter-firefly"},"modified":"2025-07-30T09:07:00","modified_gmt":"2025-07-30T07:07:00","slug":"frostwaechter-firefly","status":"publish","type":"product","link":"https:\/\/www.fleurop-home.ch\/de-ch\/p\/frostwaechter-firefly","title":{"rendered":"Frostw\u00e4chter Firefly"},"content":{"rendered":"<p>\u00d6kologischer und dekorativer Frostw\u00e4chter aus Terracotta mit glasierter \u00d6lschale im Deckel, um kleine Gew\u00e4chsh\u00e4user und Fr\u00fchbeete frostfrei zu halten. Dieser Frostw\u00e4chter vereint \u00d6kologische Nachhaltigkeit mit dekorativem Design. Hergestellt aus hochwertiger Terracotta, ist er nicht nur funktional, sondern f\u00fcgt sich auch harmonisch in deinen Garten ein. Die glasierte \u00d6lschale im Deckel sorgt f\u00fcr zus\u00e4tzliche Effizienz, w\u00e4hrend dein Garten gleichzeitig einen charmanten Akzent erh\u00e4lt.<\/p>\n","protected":false},"excerpt":{"rendered":"<p>\u00d6kologischer und dekorativer Frostw\u00e4chter aus Terracotta mit glasierter \u00d6lschale im Deckel, um kleine Gew\u00e4chsh\u00e4user und Fr\u00fchbeete frostfrei zu halten.<\/p>\n","protected":false},"featured_media":58409,"template":"","meta":[],"product_brand":[],"product_cat":[35,34],"product_tag":[973],"woo-feed-brand":[],"class_list":{"0":"post-58352","1":"product","2":"type-product","3":"status-publish","4":"has-post-thumbnail","6":"product_cat-gartendeko","7":"product_cat-garten-balkon","8":"product_tag-samen-mauser","10":"first","11":"instock","12":"taxable","13":"shipping-taxable","14":"purchasable","15":"product-type-simple"},"_links":{"self":[{"href":"https:\/\/www.fleurop-home.ch\/de-ch\/wp-json\/wp\/v2\/product\/58352","targetHints":{"allow":["GET"]}}],"collection":[{"href":"https:\/\/www.fleurop-home.ch\/de-ch\/wp-json\/wp\/v2\/product"}],"about":[{"href":"https:\/\/www.fleurop-home.ch\/de-ch\/wp-json\/wp\/v2\/types\/product"}],"wp:featuredmedia":[{"embeddable":true,"href":"https:\/\/www.fleurop-home.ch\/de-ch\/wp-json\/wp\/v2\/media\/58409"}],"wp:attachment":[{"href":"https:\/\/www.fleurop-home.ch\/de-ch\/wp-json\/wp\/v2\/media?parent=58352"}],"wp:term":[{"taxonomy":"product_brand","embeddable":true,"href":"https:\/\/www.fleurop-home.ch\/de-ch\/wp-json\/wp\/v2\/product_brand?post=58352"},{"taxonomy":"product_cat","embeddable":true,"href":"https:\/\/www.fleurop-home.ch\/de-ch\/wp-json\/wp\/v2\/product_cat?post=58352"},{"taxonomy":"product_tag","embeddable":true,"href":"https:\/\/www.fleurop-home.ch\/de-ch\/wp-json\/wp\/v2\/product_tag?post=58352"},{"taxonomy":"woo-feed-brand","embeddable":true,"href":"https:\/\/www.fleurop-home.ch\/de-ch\/wp-json\/wp\/v2\/woo-feed-brand?post=58352"}],"curies":[{"name":"wp","href":"https:\/\/api.w.org\/{rel}","templated":true}]}}